{"id":1782,"date":"2026-02-04T10:05:51","date_gmt":"2026-02-04T02:05:51","guid":{"rendered":"https:\/\/www.jzzmade.com\/?post_type=product&#038;p=1782"},"modified":"2026-02-04T14:51:57","modified_gmt":"2026-02-04T06:51:57","slug":"tam-thep-nhua-than-thien-voi-moi-truong-chuyen-dung-cho-ho-tro-dao-dat-vat-lieu-ho-tro-xanh-va-hieu-qua","status":"publish","type":"product","link":"https:\/\/www.jzzmade.com\/vi\/san-pham\/tam-thep-nhua-than-thien-voi-moi-truong-chuyen-dung-cho-ho-tro-dao-dat-vat-lieu-ho-tro-xanh-va-hieu-qua\/","title":{"rendered":"SU718 T\u1ea5m c\u1ecdc th\u00e9p nh\u1ef1a d\u1ea1ng U"},"content":{"rendered":"<div>T\u1ea5m ch\u1eafn th\u00e9p nh\u1ef1a SU718 lo\u1ea1i U l\u00e0 gi\u1ea3i ph\u00e1p \u1ed1p l\u00e1t ki\u1ebfn tr\u00fac \u0111a n\u0103ng, \u0111\u01b0\u1ee3c thi\u1ebft k\u1ebf v\u1edbi c\u00e1c th\u00f4ng s\u1ed1 k\u1ef9 thu\u1eadt ch\u00ednh x\u00e1c (chi\u1ec1u r\u1ed9ng ph\u1ee7 hi\u1ec7u qu\u1ea3 718mm, \u0111\u1ed9 d\u00e0y 9\u201310mm v\u00e0 chi\u1ec1u d\u00e0i \u0111o\u1ea1n t\u00f9y ch\u1ec9nh 165mm, 388mm, 165mm) \u0111\u1ec3 \u0111\u1ea3m b\u1ea3o c\u1ea3 \u0111\u1ed9 b\u1ec1n v\u00e0 t\u00ednh th\u1ea9m m\u1ef9.<\/div>\n<div><\/div>\n<div>N\u00f3 n\u1ed5i b\u1eadt nh\u01b0 m\u1ed9t v\u1eadt li\u1ec7u \u1ed1p ngo\u1ea1i th\u1ea5t cho c\u00e1c c\u00f4ng tr\u00ecnh c\u00f4ng nghi\u1ec7p, bao g\u1ed3m t\u01b0\u1eddng nh\u00e0 m\u00e1y v\u00e0 x\u01b0\u1edfng s\u1ea3n xu\u1ea5t, n\u01a1i kh\u1ea3 n\u0103ng ch\u1ed1ng \u0103n m\u00f2n v\u01b0\u1ee3t tr\u1ed9i v\u00e0 thi\u1ebft k\u1ebf g\u00f3c 102\u00b0 c\u1ee7a n\u00f3 c\u00f3 th\u1ec3 ch\u1ecbu \u0111\u1ef1ng \u0111\u01b0\u1ee3c m\u00f4i tr\u01b0\u1eddng c\u00f4ng nghi\u1ec7p kh\u1eafc nghi\u1ec7t v\u00e0 s\u1ef1 bi\u1ebfn \u0111\u1ed5i nhi\u1ec7t \u0111\u1ed9 th\u01b0\u1eddng xuy\u00ean. \u0110\u1ed1i v\u1edbi c\u00e1c c\u00f4ng tr\u00ecnh c\u00f4ng c\u1ed9ng quy m\u00f4 l\u1edbn nh\u01b0 s\u00e2n v\u1eadn \u0111\u1ed9ng v\u00e0 trung t\u00e2m tri\u1ec3n l\u00e3m, c\u1ea5u tr\u00fac s\u00f3ng h\u00ecnh ch\u1eef M \u0111\u1eb7c tr\u01b0ng c\u1ee7a n\u00f3 t\u1ea1o th\u00eam chi\u1ec1u s\u00e2u ki\u1ebfn tr\u00fac, n\u00e2ng cao th\u1ea9m m\u1ef9 hi\u1ec7n \u0111\u1ea1i c\u1ee7a m\u1eb7t ti\u1ec1n.<\/div>\n<div><\/div>\n<div>Trong c\u00e1c kh\u00f4ng gian th\u01b0\u01a1ng m\u1ea1i nh\u01b0 trung t\u00e2m th\u01b0\u01a1ng m\u1ea1i v\u00e0 khu v\u0103n ph\u00f2ng, s\u1ea3n ph\u1ea9m n\u00e0y v\u1eeba \u0111\u00f3ng vai tr\u00f2 l\u00e0 v\u1eadt li\u1ec7u \u1ed1p t\u01b0\u1eddng v\u1eeba l\u00e0 v\u00e1ch ng\u0103n n\u1ed9i th\u1ea5t, cung c\u1ea5p kh\u1ea3 n\u0103ng c\u00e1ch \u00e2m hi\u1ec7u qu\u1ea3 \u0111\u1ed3ng th\u1eddi \u0111\u1ecbnh h\u00ecnh c\u00e1c b\u1ed1 c\u1ee5c m\u1edf. V\u1edbi chi\u1ec1u cao 180mm v\u00e0 c\u1ea5u tr\u00fac c\u1ee9ng c\u00e1p, s\u1ea3n ph\u1ea9m n\u00e0y c\u0169ng l\u00e0 l\u1ef1a ch\u1ecdn \u0111\u00e1ng tin c\u1eady cho m\u00e1i che c\u1ee7a c\u00e1c c\u00f4ng tr\u00ecnh c\u00f4ng nghi\u1ec7p v\u00e0 d\u00e2n d\u1ee5ng, \u0111\u1ea3m b\u1ea3o kh\u1ea3 n\u0103ng ch\u1ed1ng th\u1ea5m n\u01b0\u1edbc v\u00e0 tho\u00e1t n\u01b0\u1edbc v\u01b0\u1ee3t tr\u1ed9i.<\/div>\n<div><\/div>\n<div>Ngo\u00e0i ra, t\u00ednh n\u0103ng ch\u1ed1ng \u0103n m\u00f2n c\u1ee7a n\u00f3 khi\u1ebfn n\u00f3 tr\u1edf th\u00e0nh l\u1ef1a ch\u1ecdn l\u00fd t\u01b0\u1edfng cho c\u00e1c d\u1ef1 \u00e1n x\u00e2y d\u1ef1ng ven bi\u1ec3n v\u00e0 trong m\u00f4i tr\u01b0\u1eddng c\u00f3 \u0111\u1ed9 \u1ea9m cao. Thi\u1ebft k\u1ebf m\u00f4-\u0111un c\u1ee7a n\u00f3 h\u1ed7 tr\u1ee3 c\u00e1c \u1ee9ng d\u1ee5ng x\u00e2y d\u1ef1ng ti\u1ec1n ch\u1ebf, gi\u00fap \u0111\u01a1n gi\u1ea3n h\u00f3a qu\u00e1 tr\u00ecnh l\u1eafp \u0111\u1eb7t t\u1ea1i c\u00f4ng tr\u01b0\u1eddng v\u00e0 n\u00e2ng cao hi\u1ec7u qu\u1ea3 c\u1ee7a d\u1ef1 \u00e1n.<\/div>","protected":false},"excerpt":{"rendered":"<p>The SU718 U-Type Plastic Steel Sheet Pile is a versatile architectural cladding solution, engineered with precise specifications (718mm effective coverage width, 9\u201310mm thickness, and customizable segment lengths of 165mm, 388mm, 165mm) to deliver both durability and visual appeal. It excels as an exterior cladding for industrial facilities, including factory walls and workshops, where its robust [&hellip;]<\/p>","protected":false},"featured_media":1549,"comment_status":"open","ping_status":"closed","template":"","meta":[],"product_brand":[],"product_cat":[29,45],"product_tag":[64,65,67],"class_list":{"0":"post-1782","1":"product","2":"type-product","3":"status-publish","4":"has-post-thumbnail","6":"product_cat-plastic-steel-sheet-piles","7":"product_cat-u-plastic-steel-sheet-pile","8":"product_tag-sheet-pile","9":"product_tag-steel","10":"product_tag-u-type","12":"first","13":"instock","14":"shipping-taxable","15":"product-type-simple"},"yoast_head":"<!-- This site is optimized with the Yoast SEO Premium plugin v26.4 (Yoast SEO v26.9) - https:\/\/yoast.com\/product\/yoast-seo-premium-wordpress\/ -->\n<title>SU718 U-Type Plastic Steel Sheet Pile - shandong Jzz Made Co.\uff0cLtd.<\/title>\n<meta name=\"robots\" content=\"index, follow, max-snippet:-1, max-image-preview:large, max-video-preview:-1\" \/>\n<link rel=\"canonical\" href=\"https:\/\/www.jzzmade.com\/vi\/san-pham\/tam-thep-nhua-than-thien-voi-moi-truong-chuyen-dung-cho-ho-tro-dao-dat-vat-lieu-ho-tro-xanh-va-hieu-qua\/\" \/>\n<meta property=\"og:locale\" content=\"vi_VN\" \/>\n<meta property=\"og:type\" content=\"article\" \/>\n<meta property=\"og:title\" content=\"SU718 U-Type Plastic Steel Sheet Pile\" \/>\n<meta property=\"og:description\" content=\"The SU718 U-Type Plastic Steel Sheet Pile is a versatile architectural cladding solution, engineered with precise specifications (718mm effective coverage width, 9\u201310mm thickness, and customizable segment lengths of 165mm, 388mm, 165mm) to deliver both durability and visual appeal. It excels as an exterior cladding for industrial facilities, including factory walls and workshops, where its robust [&hellip;]\" \/>\n<meta property=\"og:url\" content=\"https:\/\/www.jzzmade.com\/vi\/san-pham\/tam-thep-nhua-than-thien-voi-moi-truong-chuyen-dung-cho-ho-tro-dao-dat-vat-lieu-ho-tro-xanh-va-hieu-qua\/\" \/>\n<meta property=\"og:site_name\" content=\"shandong Jzz Made Co.\uff0cLtd.\" \/>\n<meta property=\"article:modified_time\" content=\"2026-02-04T06:51:57+00:00\" \/>\n<meta property=\"og:image\" content=\"https:\/\/www.jzzmade.com\/wp-content\/uploads\/2026\/01\/6.png\" \/>\n\t<meta property=\"og:image:width\" content=\"592\" \/>\n\t<meta property=\"og:image:height\" content=\"514\" \/>\n\t<meta property=\"og:image:type\" content=\"image\/png\" \/>\n<meta name=\"twitter:card\" content=\"summary_large_image\" \/>\n<meta name=\"twitter:label1\" content=\"\u01af\u1edbc t\u00ednh th\u1eddi gian \u0111\u1ecdc\" \/>\n\t<meta name=\"twitter:data1\" content=\"1 ph\u00fat\" \/>\n<script type=\"application\/ld+json\" class=\"yoast-schema-graph\">{\"@context\":\"https:\/\/schema.org\",\"@graph\":[{\"@type\":\"WebPage\",\"@id\":\"https:\/\/www.jzzmade.com\/product\/environmentally-friendly-plastic-steel-sheet-piles-specialized-for-excavation-support-green-and-efficient-support-material\/\",\"url\":\"https:\/\/www.jzzmade.com\/product\/environmentally-friendly-plastic-steel-sheet-piles-specialized-for-excavation-support-green-and-efficient-support-material\/\",\"name\":\"SU718 U-Type Plastic Steel Sheet Pile - shandong Jzz Made Co.\uff0cLtd.\",\"isPartOf\":{\"@id\":\"https:\/\/www.jzzmade.com\/#website\"},\"primaryImageOfPage\":{\"@id\":\"https:\/\/www.jzzmade.com\/product\/environmentally-friendly-plastic-steel-sheet-piles-specialized-for-excavation-support-green-and-efficient-support-material\/#primaryimage\"},\"image\":{\"@id\":\"https:\/\/www.jzzmade.com\/product\/environmentally-friendly-plastic-steel-sheet-piles-specialized-for-excavation-support-green-and-efficient-support-material\/#primaryimage\"},\"thumbnailUrl\":\"https:\/\/www.jzzmade.com\/wp-content\/uploads\/2026\/01\/6.png\",\"datePublished\":\"2026-02-04T02:05:51+00:00\",\"dateModified\":\"2026-02-04T06:51:57+00:00\",\"breadcrumb\":{\"@id\":\"https:\/\/www.jzzmade.com\/product\/environmentally-friendly-plastic-steel-sheet-piles-specialized-for-excavation-support-green-and-efficient-support-material\/#breadcrumb\"},\"inLanguage\":\"vi\",\"potentialAction\":[{\"@type\":\"ReadAction\",\"target\":[\"https:\/\/www.jzzmade.com\/product\/environmentally-friendly-plastic-steel-sheet-piles-specialized-for-excavation-support-green-and-efficient-support-material\/\"]}]},{\"@type\":\"ImageObject\",\"inLanguage\":\"vi\",\"@id\":\"https:\/\/www.jzzmade.com\/product\/environmentally-friendly-plastic-steel-sheet-piles-specialized-for-excavation-support-green-and-efficient-support-material\/#primaryimage\",\"url\":\"https:\/\/www.jzzmade.com\/wp-content\/uploads\/2026\/01\/6.png\",\"contentUrl\":\"https:\/\/www.jzzmade.com\/wp-content\/uploads\/2026\/01\/6.png\",\"width\":592,\"height\":514},{\"@type\":\"BreadcrumbList\",\"@id\":\"https:\/\/www.jzzmade.com\/product\/environmentally-friendly-plastic-steel-sheet-piles-specialized-for-excavation-support-green-and-efficient-support-material\/#breadcrumb\",\"itemListElement\":[{\"@type\":\"ListItem\",\"position\":1,\"name\":\"Home\",\"item\":\"https:\/\/www.jzzmade.com\/\"},{\"@type\":\"ListItem\",\"position\":2,\"name\":\"Products\",\"item\":\"https:\/\/www.jzzmade.com\/products\/\"},{\"@type\":\"ListItem\",\"position\":3,\"name\":\"SU718 U-Type Plastic Steel Sheet Pile\"}]},{\"@type\":\"WebSite\",\"@id\":\"https:\/\/www.jzzmade.com\/#website\",\"url\":\"https:\/\/www.jzzmade.com\/\",\"name\":\"shandong Jzz Made Co.\uff0cLtd.\",\"description\":\"\",\"publisher\":{\"@id\":\"https:\/\/www.jzzmade.com\/#organization\"},\"potentialAction\":[{\"@type\":\"SearchAction\",\"target\":{\"@type\":\"EntryPoint\",\"urlTemplate\":\"https:\/\/www.jzzmade.com\/?s={search_term_string}\"},\"query-input\":{\"@type\":\"PropertyValueSpecification\",\"valueRequired\":true,\"valueName\":\"search_term_string\"}}],\"inLanguage\":\"vi\"},{\"@type\":\"Organization\",\"@id\":\"https:\/\/www.jzzmade.com\/#organization\",\"name\":\"shandong Jzz Made Co.\uff0cLtd.\",\"url\":\"https:\/\/www.jzzmade.com\/\",\"logo\":{\"@type\":\"ImageObject\",\"inLanguage\":\"vi\",\"@id\":\"https:\/\/www.jzzmade.com\/#\/schema\/logo\/image\/\",\"url\":\"https:\/\/www.jzzmade.com\/wp-content\/uploads\/2025\/11\/logo.png\",\"contentUrl\":\"https:\/\/www.jzzmade.com\/wp-content\/uploads\/2025\/11\/logo.png\",\"width\":180,\"height\":58,\"caption\":\"shandong Jzz Made Co.\uff0cLtd.\"},\"image\":{\"@id\":\"https:\/\/www.jzzmade.com\/#\/schema\/logo\/image\/\"}}]}<\/script>\n<!-- \/ Yoast SEO Premium plugin. -->","yoast_head_json":{"title":"SU718 T\u1ea5m c\u1ecdc th\u00e9p nh\u1ef1a d\u1ea1ng U - C\u00f4ng ty TNHH Shandong Jzz Made.","robots":{"index":"index","follow":"follow","max-snippet":"max-snippet:-1","max-image-preview":"max-image-preview:large","max-video-preview":"max-video-preview:-1"},"canonical":"https:\/\/www.jzzmade.com\/vi\/san-pham\/tam-thep-nhua-than-thien-voi-moi-truong-chuyen-dung-cho-ho-tro-dao-dat-vat-lieu-ho-tro-xanh-va-hieu-qua\/","og_locale":"vi_VN","og_type":"article","og_title":"SU718 U-Type Plastic Steel Sheet Pile","og_description":"The SU718 U-Type Plastic Steel Sheet Pile is a versatile architectural cladding solution, engineered with precise specifications (718mm effective coverage width, 9\u201310mm thickness, and customizable segment lengths of 165mm, 388mm, 165mm) to deliver both durability and visual appeal. It excels as an exterior cladding for industrial facilities, including factory walls and workshops, where its robust [&hellip;]","og_url":"https:\/\/www.jzzmade.com\/vi\/san-pham\/tam-thep-nhua-than-thien-voi-moi-truong-chuyen-dung-cho-ho-tro-dao-dat-vat-lieu-ho-tro-xanh-va-hieu-qua\/","og_site_name":"shandong Jzz Made Co.\uff0cLtd.","article_modified_time":"2026-02-04T06:51:57+00:00","og_image":[{"width":592,"height":514,"url":"https:\/\/www.jzzmade.com\/wp-content\/uploads\/2026\/01\/6.png","type":"image\/png"}],"twitter_card":"summary_large_image","twitter_misc":{"\u01af\u1edbc t\u00ednh th\u1eddi gian \u0111\u1ecdc":"1 ph\u00fat"},"schema":{"@context":"https:\/\/schema.org","@graph":[{"@type":"WebPage","@id":"https:\/\/www.jzzmade.com\/product\/environmentally-friendly-plastic-steel-sheet-piles-specialized-for-excavation-support-green-and-efficient-support-material\/","url":"https:\/\/www.jzzmade.com\/product\/environmentally-friendly-plastic-steel-sheet-piles-specialized-for-excavation-support-green-and-efficient-support-material\/","name":"SU718 T\u1ea5m c\u1ecdc th\u00e9p nh\u1ef1a d\u1ea1ng U - C\u00f4ng ty TNHH Shandong Jzz Made.","isPartOf":{"@id":"https:\/\/www.jzzmade.com\/#website"},"primaryImageOfPage":{"@id":"https:\/\/www.jzzmade.com\/product\/environmentally-friendly-plastic-steel-sheet-piles-specialized-for-excavation-support-green-and-efficient-support-material\/#primaryimage"},"image":{"@id":"https:\/\/www.jzzmade.com\/product\/environmentally-friendly-plastic-steel-sheet-piles-specialized-for-excavation-support-green-and-efficient-support-material\/#primaryimage"},"thumbnailUrl":"https:\/\/www.jzzmade.com\/wp-content\/uploads\/2026\/01\/6.png","datePublished":"2026-02-04T02:05:51+00:00","dateModified":"2026-02-04T06:51:57+00:00","breadcrumb":{"@id":"https:\/\/www.jzzmade.com\/product\/environmentally-friendly-plastic-steel-sheet-piles-specialized-for-excavation-support-green-and-efficient-support-material\/#breadcrumb"},"inLanguage":"vi","potentialAction":[{"@type":"ReadAction","target":["https:\/\/www.jzzmade.com\/product\/environmentally-friendly-plastic-steel-sheet-piles-specialized-for-excavation-support-green-and-efficient-support-material\/"]}]},{"@type":"ImageObject","inLanguage":"vi","@id":"https:\/\/www.jzzmade.com\/product\/environmentally-friendly-plastic-steel-sheet-piles-specialized-for-excavation-support-green-and-efficient-support-material\/#primaryimage","url":"https:\/\/www.jzzmade.com\/wp-content\/uploads\/2026\/01\/6.png","contentUrl":"https:\/\/www.jzzmade.com\/wp-content\/uploads\/2026\/01\/6.png","width":592,"height":514},{"@type":"BreadcrumbList","@id":"https:\/\/www.jzzmade.com\/product\/environmentally-friendly-plastic-steel-sheet-piles-specialized-for-excavation-support-green-and-efficient-support-material\/#breadcrumb","itemListElement":[{"@type":"ListItem","position":1,"name":"Home","item":"https:\/\/www.jzzmade.com\/"},{"@type":"ListItem","position":2,"name":"Products","item":"https:\/\/www.jzzmade.com\/products\/"},{"@type":"ListItem","position":3,"name":"SU718 U-Type Plastic Steel Sheet Pile"}]},{"@type":"WebSite","@id":"https:\/\/www.jzzmade.com\/#website","url":"https:\/\/www.jzzmade.com\/","name":"C\u00f4ng ty TNHH Shandong Jzz Made.","description":"","publisher":{"@id":"https:\/\/www.jzzmade.com\/#organization"},"potentialAction":[{"@type":"SearchAction","target":{"@type":"EntryPoint","urlTemplate":"https:\/\/www.jzzmade.com\/?s={search_term_string}"},"query-input":{"@type":"PropertyValueSpecification","valueRequired":true,"valueName":"search_term_string"}}],"inLanguage":"vi"},{"@type":"Organization","@id":"https:\/\/www.jzzmade.com\/#organization","name":"C\u00f4ng ty TNHH Shandong Jzz Made.","url":"https:\/\/www.jzzmade.com\/","logo":{"@type":"ImageObject","inLanguage":"vi","@id":"https:\/\/www.jzzmade.com\/#\/schema\/logo\/image\/","url":"https:\/\/www.jzzmade.com\/wp-content\/uploads\/2025\/11\/logo.png","contentUrl":"https:\/\/www.jzzmade.com\/wp-content\/uploads\/2025\/11\/logo.png","width":180,"height":58,"caption":"shandong Jzz Made Co.\uff0cLtd."},"image":{"@id":"https:\/\/www.jzzmade.com\/#\/schema\/logo\/image\/"}}]}},"_links":{"self":[{"href":"https:\/\/www.jzzmade.com\/vi\/wp-json\/wp\/v2\/product\/1782","targetHints":{"allow":["GET"]}}],"collection":[{"href":"https:\/\/www.jzzmade.com\/vi\/wp-json\/wp\/v2\/product"}],"about":[{"href":"https:\/\/www.jzzmade.com\/vi\/wp-json\/wp\/v2\/types\/product"}],"replies":[{"embeddable":true,"href":"https:\/\/www.jzzmade.com\/vi\/wp-json\/wp\/v2\/comments?post=1782"}],"wp:featuredmedia":[{"embeddable":true,"href":"https:\/\/www.jzzmade.com\/vi\/wp-json\/wp\/v2\/media\/1549"}],"wp:attachment":[{"href":"https:\/\/www.jzzmade.com\/vi\/wp-json\/wp\/v2\/media?parent=1782"}],"wp:term":[{"taxonomy":"product_brand","embeddable":true,"href":"https:\/\/www.jzzmade.com\/vi\/wp-json\/wp\/v2\/product_brand?post=1782"},{"taxonomy":"product_cat","embeddable":true,"href":"https:\/\/www.jzzmade.com\/vi\/wp-json\/wp\/v2\/product_cat?post=1782"},{"taxonomy":"product_tag","embeddable":true,"href":"https:\/\/www.jzzmade.com\/vi\/wp-json\/wp\/v2\/product_tag?post=1782"}],"curies":[{"name":"wp","href":"https:\/\/api.w.org\/{rel}","templated":true}]}}