{"id":1779,"date":"2026-02-03T10:58:42","date_gmt":"2026-02-03T02:58:42","guid":{"rendered":"https:\/\/www.jzzmade.com\/?post_type=product&#038;p=1779"},"modified":"2026-02-04T14:36:34","modified_gmt":"2026-02-04T06:36:34","slug":"steel-plastic-composite-sheet-piles-specialized-for-waterway-slope-protection-maintenance-free-corrosion-resistant-eco-friendly-protection-piles","status":"publish","type":"product","link":"https:\/\/www.jzzmade.com\/vi\/san-pham\/steel-plastic-composite-sheet-piles-specialized-for-waterway-slope-protection-maintenance-free-corrosion-resistant-eco-friendly-protection-piles\/","title":{"rendered":"SZ402 T\u1ea5m c\u1ecdc th\u00e9p nh\u1ef1a lo\u1ea1i Z"},"content":{"rendered":"<div>The SZ402 Z-Type Plastic Steel Sheet Pile is a precision-engineered building cladding material, featuring a distinct Z-shaped profile that combines structural rigidity with aesthetic versatility. Its exact specifications include a 402mm effective coverage width, 9mm thickness, segment lengths of 163mm (L1) and 211.5mm (L2), a 180mm overall height (H), and a 110\u00b0 angled profile (\u2220A).<\/div>\n<div><\/div>\n<div>This sheet excels as an exterior cladding for industrial facilities, such as factory walls and workshops, where its robust Z-shaped structure and corrosion resistance withstand harsh industrial environments and temperature fluctuations. For large public buildings like stadiums and exhibition centers, its unique angular profile adds architectural depth and a modern visual appeal to facades.<\/div>\n<div><\/div>\n<div>In commercial spaces, including shopping malls and office complexes, it functions as both wall cladding and indoor partitions, providing effective sound insulation while defining open layouts. Its 180mm height and waterproof design also make it a reliable roof covering for industrial and civil buildings, ensuring efficient drainage.<\/div>\n<div><\/div>\n<div>Ngo\u00e0i ra, nh\u1edd t\u00ednh n\u0103ng ch\u1ed1ng \u0103n m\u00f2n, v\u1eadt li\u1ec7u n\u00e0y r\u1ea5t ph\u00f9 h\u1ee3p cho c\u00e1c d\u1ef1 \u00e1n x\u00e2y d\u1ef1ng \u1edf khu v\u1ef1c ven bi\u1ec3n v\u00e0 c\u00f3 \u0111\u1ed9 \u1ea9m cao; \u0111\u1ed3ng th\u1eddi, thi\u1ebft k\u1ebf m\u00f4-\u0111un c\u1ee7a n\u00f3 h\u1ed7 tr\u1ee3 c\u00e1c \u1ee9ng d\u1ee5ng trong x\u00e2y d\u1ef1ng nh\u00e0 ti\u1ec1n ch\u1ebf, gi\u00fap \u0111\u01a1n gi\u1ea3n h\u00f3a qu\u00e1 tr\u00ecnh l\u1eafp \u0111\u1eb7t t\u1ea1i c\u00f4ng tr\u01b0\u1eddng v\u00e0 n\u00e2ng cao hi\u1ec7u qu\u1ea3 d\u1ef1 \u00e1n.<\/div>","protected":false},"excerpt":{"rendered":"<p>The SZ402 Z-Type Plastic Steel Sheet Pile is a precision-engineered building cladding material, featuring a distinct Z-shaped profile that combines structural rigidity with aesthetic versatility. Its exact specifications include a 402mm effective coverage width, 9mm thickness, segment lengths of 163mm (L1) and 211.5mm (L2), a 180mm overall height (H), and a 110\u00b0 angled profile (\u2220A). [&hellip;]<\/p>","protected":false},"featured_media":1366,"comment_status":"open","ping_status":"closed","template":"","meta":[],"product_brand":[],"product_cat":[29,46],"product_tag":[42,62],"class_list":{"0":"post-1779","1":"product","2":"type-product","3":"status-publish","4":"has-post-thumbnail","6":"product_cat-plastic-steel-sheet-piles","7":"product_cat-z-type-plastic-steel-sheet-pile","8":"product_tag-plastic-steel-sheet-piles","9":"product_tag-z-type","11":"first","12":"instock","13":"shipping-taxable","14":"product-type-simple"},"yoast_head":"<!-- This site is optimized with the Yoast SEO Premium plugin v26.4 (Yoast SEO v26.9) - https:\/\/yoast.com\/product\/yoast-seo-premium-wordpress\/ -->\n<title>SZ402 Z-Type Plastic Steel Sheet Pile - shandong Jzz Made Co.\uff0cLtd.<\/title>\n<meta name=\"robots\" content=\"index, follow, max-snippet:-1, max-image-preview:large, max-video-preview:-1\" \/>\n<link rel=\"canonical\" href=\"https:\/\/www.jzzmade.com\/vi\/san-pham\/steel-plastic-composite-sheet-piles-specialized-for-waterway-slope-protection-maintenance-free-corrosion-resistant-eco-friendly-protection-piles\/\" \/>\n<meta property=\"og:locale\" content=\"vi_VN\" \/>\n<meta property=\"og:type\" content=\"article\" \/>\n<meta property=\"og:title\" content=\"SZ402 Z-Type Plastic Steel Sheet Pile\" \/>\n<meta property=\"og:description\" content=\"The SZ402 Z-Type Plastic Steel Sheet Pile is a precision-engineered building cladding material, featuring a distinct Z-shaped profile that combines structural rigidity with aesthetic versatility. Its exact specifications include a 402mm effective coverage width, 9mm thickness, segment lengths of 163mm (L1) and 211.5mm (L2), a 180mm overall height (H), and a 110\u00b0 angled profile (\u2220A). [&hellip;]\" \/>\n<meta property=\"og:url\" content=\"https:\/\/www.jzzmade.com\/vi\/san-pham\/steel-plastic-composite-sheet-piles-specialized-for-waterway-slope-protection-maintenance-free-corrosion-resistant-eco-friendly-protection-piles\/\" \/>\n<meta property=\"og:site_name\" content=\"shandong Jzz Made Co.\uff0cLtd.\" \/>\n<meta property=\"article:modified_time\" content=\"2026-02-04T06:36:34+00:00\" \/>\n<meta property=\"og:image\" content=\"https:\/\/www.jzzmade.com\/wp-content\/uploads\/2025\/11\/24.jpg\" \/>\n\t<meta property=\"og:image:width\" content=\"800\" \/>\n\t<meta property=\"og:image:height\" content=\"800\" \/>\n\t<meta property=\"og:image:type\" content=\"image\/jpeg\" \/>\n<meta name=\"twitter:card\" content=\"summary_large_image\" \/>\n<meta name=\"twitter:label1\" content=\"\u01af\u1edbc t\u00ednh th\u1eddi gian \u0111\u1ecdc\" \/>\n\t<meta name=\"twitter:data1\" content=\"2 ph\u00fat\" \/>\n<script type=\"application\/ld+json\" class=\"yoast-schema-graph\">{\"@context\":\"https:\/\/schema.org\",\"@graph\":[{\"@type\":\"WebPage\",\"@id\":\"https:\/\/www.jzzmade.com\/product\/steel-plastic-composite-sheet-piles-specialized-for-waterway-slope-protection-maintenance-free-corrosion-resistant-eco-friendly-protection-piles\/\",\"url\":\"https:\/\/www.jzzmade.com\/product\/steel-plastic-composite-sheet-piles-specialized-for-waterway-slope-protection-maintenance-free-corrosion-resistant-eco-friendly-protection-piles\/\",\"name\":\"SZ402 Z-Type Plastic Steel Sheet Pile - shandong Jzz Made Co.\uff0cLtd.\",\"isPartOf\":{\"@id\":\"https:\/\/www.jzzmade.com\/#website\"},\"primaryImageOfPage\":{\"@id\":\"https:\/\/www.jzzmade.com\/product\/steel-plastic-composite-sheet-piles-specialized-for-waterway-slope-protection-maintenance-free-corrosion-resistant-eco-friendly-protection-piles\/#primaryimage\"},\"image\":{\"@id\":\"https:\/\/www.jzzmade.com\/product\/steel-plastic-composite-sheet-piles-specialized-for-waterway-slope-protection-maintenance-free-corrosion-resistant-eco-friendly-protection-piles\/#primaryimage\"},\"thumbnailUrl\":\"https:\/\/www.jzzmade.com\/wp-content\/uploads\/2025\/11\/24.jpg\",\"datePublished\":\"2026-02-03T02:58:42+00:00\",\"dateModified\":\"2026-02-04T06:36:34+00:00\",\"breadcrumb\":{\"@id\":\"https:\/\/www.jzzmade.com\/product\/steel-plastic-composite-sheet-piles-specialized-for-waterway-slope-protection-maintenance-free-corrosion-resistant-eco-friendly-protection-piles\/#breadcrumb\"},\"inLanguage\":\"vi\",\"potentialAction\":[{\"@type\":\"ReadAction\",\"target\":[\"https:\/\/www.jzzmade.com\/product\/steel-plastic-composite-sheet-piles-specialized-for-waterway-slope-protection-maintenance-free-corrosion-resistant-eco-friendly-protection-piles\/\"]}]},{\"@type\":\"ImageObject\",\"inLanguage\":\"vi\",\"@id\":\"https:\/\/www.jzzmade.com\/product\/steel-plastic-composite-sheet-piles-specialized-for-waterway-slope-protection-maintenance-free-corrosion-resistant-eco-friendly-protection-piles\/#primaryimage\",\"url\":\"https:\/\/www.jzzmade.com\/wp-content\/uploads\/2025\/11\/24.jpg\",\"contentUrl\":\"https:\/\/www.jzzmade.com\/wp-content\/uploads\/2025\/11\/24.jpg\",\"width\":800,\"height\":800},{\"@type\":\"BreadcrumbList\",\"@id\":\"https:\/\/www.jzzmade.com\/product\/steel-plastic-composite-sheet-piles-specialized-for-waterway-slope-protection-maintenance-free-corrosion-resistant-eco-friendly-protection-piles\/#breadcrumb\",\"itemListElement\":[{\"@type\":\"ListItem\",\"position\":1,\"name\":\"Home\",\"item\":\"https:\/\/www.jzzmade.com\/\"},{\"@type\":\"ListItem\",\"position\":2,\"name\":\"Products\",\"item\":\"https:\/\/www.jzzmade.com\/products\/\"},{\"@type\":\"ListItem\",\"position\":3,\"name\":\"SZ402 Z-Type Plastic Steel Sheet Pile\"}]},{\"@type\":\"WebSite\",\"@id\":\"https:\/\/www.jzzmade.com\/#website\",\"url\":\"https:\/\/www.jzzmade.com\/\",\"name\":\"shandong Jzz Made Co.\uff0cLtd.\",\"description\":\"\",\"publisher\":{\"@id\":\"https:\/\/www.jzzmade.com\/#organization\"},\"potentialAction\":[{\"@type\":\"SearchAction\",\"target\":{\"@type\":\"EntryPoint\",\"urlTemplate\":\"https:\/\/www.jzzmade.com\/?s={search_term_string}\"},\"query-input\":{\"@type\":\"PropertyValueSpecification\",\"valueRequired\":true,\"valueName\":\"search_term_string\"}}],\"inLanguage\":\"vi\"},{\"@type\":\"Organization\",\"@id\":\"https:\/\/www.jzzmade.com\/#organization\",\"name\":\"shandong Jzz Made Co.\uff0cLtd.\",\"url\":\"https:\/\/www.jzzmade.com\/\",\"logo\":{\"@type\":\"ImageObject\",\"inLanguage\":\"vi\",\"@id\":\"https:\/\/www.jzzmade.com\/#\/schema\/logo\/image\/\",\"url\":\"https:\/\/www.jzzmade.com\/wp-content\/uploads\/2025\/11\/logo.png\",\"contentUrl\":\"https:\/\/www.jzzmade.com\/wp-content\/uploads\/2025\/11\/logo.png\",\"width\":180,\"height\":58,\"caption\":\"shandong Jzz Made Co.\uff0cLtd.\"},\"image\":{\"@id\":\"https:\/\/www.jzzmade.com\/#\/schema\/logo\/image\/\"}}]}<\/script>\n<!-- \/ Yoast SEO Premium plugin. -->","yoast_head_json":{"title":"SZ402 Z-Type Plastic Steel Sheet Pile - shandong Jzz Made Co.\uff0cLtd.","robots":{"index":"index","follow":"follow","max-snippet":"max-snippet:-1","max-image-preview":"max-image-preview:large","max-video-preview":"max-video-preview:-1"},"canonical":"https:\/\/www.jzzmade.com\/vi\/san-pham\/steel-plastic-composite-sheet-piles-specialized-for-waterway-slope-protection-maintenance-free-corrosion-resistant-eco-friendly-protection-piles\/","og_locale":"vi_VN","og_type":"article","og_title":"SZ402 Z-Type Plastic Steel Sheet Pile","og_description":"The SZ402 Z-Type Plastic Steel Sheet Pile is a precision-engineered building cladding material, featuring a distinct Z-shaped profile that combines structural rigidity with aesthetic versatility. Its exact specifications include a 402mm effective coverage width, 9mm thickness, segment lengths of 163mm (L1) and 211.5mm (L2), a 180mm overall height (H), and a 110\u00b0 angled profile (\u2220A). [&hellip;]","og_url":"https:\/\/www.jzzmade.com\/vi\/san-pham\/steel-plastic-composite-sheet-piles-specialized-for-waterway-slope-protection-maintenance-free-corrosion-resistant-eco-friendly-protection-piles\/","og_site_name":"shandong Jzz Made Co.\uff0cLtd.","article_modified_time":"2026-02-04T06:36:34+00:00","og_image":[{"width":800,"height":800,"url":"https:\/\/www.jzzmade.com\/wp-content\/uploads\/2025\/11\/24.jpg","type":"image\/jpeg"}],"twitter_card":"summary_large_image","twitter_misc":{"\u01af\u1edbc t\u00ednh th\u1eddi gian \u0111\u1ecdc":"2 ph\u00fat"},"schema":{"@context":"https:\/\/schema.org","@graph":[{"@type":"WebPage","@id":"https:\/\/www.jzzmade.com\/product\/steel-plastic-composite-sheet-piles-specialized-for-waterway-slope-protection-maintenance-free-corrosion-resistant-eco-friendly-protection-piles\/","url":"https:\/\/www.jzzmade.com\/product\/steel-plastic-composite-sheet-piles-specialized-for-waterway-slope-protection-maintenance-free-corrosion-resistant-eco-friendly-protection-piles\/","name":"SZ402 Z-Type Plastic Steel Sheet Pile - shandong Jzz Made Co.\uff0cLtd.","isPartOf":{"@id":"https:\/\/www.jzzmade.com\/#website"},"primaryImageOfPage":{"@id":"https:\/\/www.jzzmade.com\/product\/steel-plastic-composite-sheet-piles-specialized-for-waterway-slope-protection-maintenance-free-corrosion-resistant-eco-friendly-protection-piles\/#primaryimage"},"image":{"@id":"https:\/\/www.jzzmade.com\/product\/steel-plastic-composite-sheet-piles-specialized-for-waterway-slope-protection-maintenance-free-corrosion-resistant-eco-friendly-protection-piles\/#primaryimage"},"thumbnailUrl":"https:\/\/www.jzzmade.com\/wp-content\/uploads\/2025\/11\/24.jpg","datePublished":"2026-02-03T02:58:42+00:00","dateModified":"2026-02-04T06:36:34+00:00","breadcrumb":{"@id":"https:\/\/www.jzzmade.com\/product\/steel-plastic-composite-sheet-piles-specialized-for-waterway-slope-protection-maintenance-free-corrosion-resistant-eco-friendly-protection-piles\/#breadcrumb"},"inLanguage":"vi","potentialAction":[{"@type":"ReadAction","target":["https:\/\/www.jzzmade.com\/product\/steel-plastic-composite-sheet-piles-specialized-for-waterway-slope-protection-maintenance-free-corrosion-resistant-eco-friendly-protection-piles\/"]}]},{"@type":"ImageObject","inLanguage":"vi","@id":"https:\/\/www.jzzmade.com\/product\/steel-plastic-composite-sheet-piles-specialized-for-waterway-slope-protection-maintenance-free-corrosion-resistant-eco-friendly-protection-piles\/#primaryimage","url":"https:\/\/www.jzzmade.com\/wp-content\/uploads\/2025\/11\/24.jpg","contentUrl":"https:\/\/www.jzzmade.com\/wp-content\/uploads\/2025\/11\/24.jpg","width":800,"height":800},{"@type":"BreadcrumbList","@id":"https:\/\/www.jzzmade.com\/product\/steel-plastic-composite-sheet-piles-specialized-for-waterway-slope-protection-maintenance-free-corrosion-resistant-eco-friendly-protection-piles\/#breadcrumb","itemListElement":[{"@type":"ListItem","position":1,"name":"Home","item":"https:\/\/www.jzzmade.com\/"},{"@type":"ListItem","position":2,"name":"Products","item":"https:\/\/www.jzzmade.com\/products\/"},{"@type":"ListItem","position":3,"name":"SZ402 Z-Type Plastic Steel Sheet Pile"}]},{"@type":"WebSite","@id":"https:\/\/www.jzzmade.com\/#website","url":"https:\/\/www.jzzmade.com\/","name":"C\u00f4ng ty TNHH Shandong Jzz Made.","description":"","publisher":{"@id":"https:\/\/www.jzzmade.com\/#organization"},"potentialAction":[{"@type":"SearchAction","target":{"@type":"EntryPoint","urlTemplate":"https:\/\/www.jzzmade.com\/?s={search_term_string}"},"query-input":{"@type":"PropertyValueSpecification","valueRequired":true,"valueName":"search_term_string"}}],"inLanguage":"vi"},{"@type":"Organization","@id":"https:\/\/www.jzzmade.com\/#organization","name":"C\u00f4ng ty TNHH Shandong Jzz Made.","url":"https:\/\/www.jzzmade.com\/","logo":{"@type":"ImageObject","inLanguage":"vi","@id":"https:\/\/www.jzzmade.com\/#\/schema\/logo\/image\/","url":"https:\/\/www.jzzmade.com\/wp-content\/uploads\/2025\/11\/logo.png","contentUrl":"https:\/\/www.jzzmade.com\/wp-content\/uploads\/2025\/11\/logo.png","width":180,"height":58,"caption":"shandong Jzz Made Co.\uff0cLtd."},"image":{"@id":"https:\/\/www.jzzmade.com\/#\/schema\/logo\/image\/"}}]}},"_links":{"self":[{"href":"https:\/\/www.jzzmade.com\/vi\/wp-json\/wp\/v2\/product\/1779","targetHints":{"allow":["GET"]}}],"collection":[{"href":"https:\/\/www.jzzmade.com\/vi\/wp-json\/wp\/v2\/product"}],"about":[{"href":"https:\/\/www.jzzmade.com\/vi\/wp-json\/wp\/v2\/types\/product"}],"replies":[{"embeddable":true,"href":"https:\/\/www.jzzmade.com\/vi\/wp-json\/wp\/v2\/comments?post=1779"}],"wp:featuredmedia":[{"embeddable":true,"href":"https:\/\/www.jzzmade.com\/vi\/wp-json\/wp\/v2\/media\/1366"}],"wp:attachment":[{"href":"https:\/\/www.jzzmade.com\/vi\/wp-json\/wp\/v2\/media?parent=1779"}],"wp:term":[{"taxonomy":"product_brand","embeddable":true,"href":"https:\/\/www.jzzmade.com\/vi\/wp-json\/wp\/v2\/product_brand?post=1779"},{"taxonomy":"product_cat","embeddable":true,"href":"https:\/\/www.jzzmade.com\/vi\/wp-json\/wp\/v2\/product_cat?post=1779"},{"taxonomy":"product_tag","embeddable":true,"href":"https:\/\/www.jzzmade.com\/vi\/wp-json\/wp\/v2\/product_tag?post=1779"}],"curies":[{"name":"wp","href":"https:\/\/api.w.org\/{rel}","templated":true}]}}