{"id":1405,"date":"2025-12-03T10:01:14","date_gmt":"2025-12-03T02:01:14","guid":{"rendered":"https:\/\/jzzmade.com\/?post_type=product&#038;p=1405"},"modified":"2025-12-03T16:42:14","modified_gmt":"2025-12-03T08:42:14","slug":"high-strength-pvc-eco-friendly-bank-protection-and-plastic-steel-sheet-piles-for-landscape-engineering","status":"publish","type":"product","link":"https:\/\/www.jzzmade.com\/vi\/san-pham\/high-strength-pvc-eco-friendly-bank-protection-and-plastic-steel-sheet-piles-for-landscape-engineering\/","title":{"rendered":"T\u1ea5m ch\u1eafn b\u1ea3o v\u1ec7 ng\u00e2n h\u00e0ng b\u1eb1ng PVC ch\u1ecbu l\u1ef1c cao th\u00e2n thi\u1ec7n v\u1edbi m\u00f4i tr\u01b0\u1eddng v\u00e0 t\u1ea5m ch\u1eafn b\u1eb1ng th\u00e9p nh\u1ef1a cho c\u00f4ng tr\u00ecnh c\u1ea3nh quan."},"content":{"rendered":"<p>C\u1ecdc v\u00e1n th\u00e9p nh\u1ef1a l\u00e0 m\u1ed9t lo\u1ea1i v\u1eadt li\u1ec7u k\u1ef9 thu\u1eadt m\u1edbi s\u1eed d\u1ee5ng v\u1eadt li\u1ec7u composite polymer l\u00e0m nguy\u00ean li\u1ec7u c\u01a1 b\u1ea3n, \u0111\u01b0\u1ee3c \u1ee9ng d\u1ee5ng r\u1ed9ng r\u00e3i trong nhi\u1ec1u d\u1ef1 \u00e1n x\u00e2y d\u1ef1ng.<br \/>\n\u0110\u1ed9 b\u1ec1n cao: T\u1ea5m c\u1eeb th\u00e9p nh\u1ef1a c\u00f3 \u0111\u1ed9 b\u1ec1n k\u00e9o l\u00ean \u0111\u1ebfn 48 MPa v\u00e0 \u0111\u1ed9 b\u1ec1n n\u00e9n l\u00ean \u0111\u1ebfn 75 MPa, v\u01b0\u1ee3t tr\u1ed9i \u0111\u00e1ng k\u1ec3 so v\u1edbi c\u00e1c v\u1eadt li\u1ec7u k\u00e8 truy\u1ec1n th\u1ed1ng. Ch\u00fang ch\u1ecbu \u0111\u01b0\u1ee3c \u00e1p l\u1ef1c v\u00e0 l\u1ef1c va \u0111\u1eadp l\u1edbn, \u0111\u1ed3ng th\u1eddi kh\u1ea3 n\u0103ng ch\u1ed1ng u\u1ed1n ngang gi\u00fap ch\u1ed1ng ch\u1ecdi hi\u1ec7u qu\u1ea3 v\u1edbi t\u00e1c \u0111\u1ed9ng c\u1ee7a l\u0169 l\u1ee5t.<br \/>\nKh\u1ea3 n\u0103ng ch\u1ed1ng \u0103n m\u00f2n v\u01b0\u1ee3t tr\u1ed9i: Kh\u1ea3 n\u0103ng ch\u1ed1ng \u0103n m\u00f2n \u0111\u1eb7c bi\u1ec7t, kh\u00f4ng b\u1ecb \u1ea3nh h\u01b0\u1edfng b\u1edfi n\u01b0\u1edbc m\u1eb7n, m\u00f4i tr\u01b0\u1eddng b\u00f9n l\u1ea7y ho\u1eb7c c\u00e1c \u0111i\u1ec1u ki\u1ec7n \u0103n m\u00f2n kh\u00e1c. Ph\u00f9 h\u1ee3p \u0111\u1ec3 s\u1eed d\u1ee5ng l\u00e2u d\u00e0i trong m\u00f4i tr\u01b0\u1eddng bi\u1ec3n v\u00e0 c\u00e1c \u0111i\u1ec1u ki\u1ec7n \u0103n m\u00f2n, v\u1edbi tu\u1ed5i th\u1ecd v\u01b0\u1ee3t qu\u00e1 50 n\u0103m.<br \/>\nTh\u00e2n thi\u1ec7n v\u1edbi m\u00f4i tr\u01b0\u1eddng: Kh\u00f4ng ch\u1ee9a c\u00e1c ch\u1ea5t \u0111\u1ed9c h\u1ea1i nh\u01b0 ch\u00ec v\u00e0 ch\u1ea5t l\u00e0m d\u1ebbo, s\u1ea3n ph\u1ea9m n\u00e0y kh\u00f4ng g\u00e2y \u00f4 nhi\u1ec5m cho n\u01b0\u1edbc ho\u1eb7c \u0111\u1ea5t. C\u00e1c l\u1ed7 th\u00f4ng tho\u00e1ng tr\u00ean t\u1ea5m c\u1ecdc cho ph\u00e9p th\u1ef1c v\u1eadt ph\u00e1t tri\u1ec3n t\u1ef1 nhi\u00ean ho\u1eb7c tr\u1ed3ng c\u00e2y xanh nh\u00e2n t\u1ea1o, \u0111\u1ed3ng th\u1eddi t\u1ea1o ra m\u00f4i tr\u01b0\u1eddng s\u1ed1ng v\u00e0 n\u01a1i sinh s\u1ea3n cho c\u00e1c lo\u00e0i th\u1ee7y sinh nh\u01b0 c\u00e1 v\u00e0 t\u00f4m.<br \/>\nTi\u1ec7n l\u1ee3i trong thi c\u00f4ng: Thi\u1ebft k\u1ebf nh\u1eb9 gi\u00fap lo\u1ea1i b\u1ecf nhu c\u1ea7u s\u1eed d\u1ee5ng m\u00e1y m\u00f3c h\u1ea1ng n\u1eb7ng. M\u1ed9t m\u00e1y thi c\u00f4ng ti\u00eau chu\u1ea9n c\u00f9ng \u0111\u1ed9i ng\u0169 4 ng\u01b0\u1eddi c\u00f3 th\u1ec3 ho\u00e0n th\u00e0nh vi\u1ec7c l\u1eafp \u0111\u1eb7t, gi\u00fap r\u00fat ng\u1eafn \u0111\u00e1ng k\u1ec3 th\u1eddi gian th\u1ef1c hi\u1ec7n d\u1ef1 \u00e1n v\u00e0 \u0111\u1ea1t hi\u1ec7u qu\u1ea3 g\u1ea5p h\u01a1n 5 l\u1ea7n so v\u1edbi c\u00e1c ph\u01b0\u01a1ng ph\u00e1p truy\u1ec1n th\u1ed1ng.<br \/>\nHi\u1ec7u qu\u1ea3 v\u1ec1 chi ph\u00ed: T\u1ed5ng chi ph\u00ed x\u00e2y d\u1ef1ng ch\u1ec9 b\u1eb1ng 2\/3 ho\u1eb7c th\u1ea5p h\u01a1n so v\u1edbi c\u00e1c k\u1ebft c\u1ea5u c\u1ee9ng truy\u1ec1n th\u1ed1ng nh\u01b0 k\u1ebft c\u1ea5u g\u1ea1ch \u0111\u00e1 ho\u1eb7c b\u00ea t\u00f4ng. V\u1edbi tr\u1ecdng l\u01b0\u1ee3ng ch\u1ec9 b\u1eb1ng 1\/8 so v\u1edbi c\u1ecdc v\u00e1n th\u00e9p, s\u1ea3n ph\u1ea9m n\u00e0y gi\u00fap v\u1eadn chuy\u1ec3n d\u1ec5 d\u00e0ng v\u00e0 gi\u1ea3m chi ph\u00ed h\u1eadu c\u1ea7n.<br \/>\nApplication Scenarios: Plastic steel sheet piles have extensive applications, including flood control and disaster mitigation, riverbank protection, landscape revetment, tailings management, deep foundation pit protection, road separation, coastal embankment reinforcement, and barrier fencing projects.<\/p>","protected":false},"excerpt":{"rendered":"<p>Plastic steel sheet piles are a new type of engineering material with polymer composite materials as their base substrate, widely used in various construction projects.<\/p>","protected":false},"featured_media":1386,"comment_status":"open","ping_status":"closed","template":"","meta":[],"product_brand":[],"product_cat":[20],"product_tag":[42],"class_list":{"0":"post-1405","1":"product","2":"type-product","3":"status-publish","4":"has-post-thumbnail","6":"product_cat-custom-pvc-profiles","7":"product_tag-plastic-steel-sheet-piles","9":"first","10":"instock","11":"shipping-taxable","12":"product-type-simple"},"yoast_head":"<!-- This site is optimized with the Yoast SEO Premium plugin v26.4 (Yoast SEO v26.9) - https:\/\/yoast.com\/product\/yoast-seo-premium-wordpress\/ -->\n<title>Plastic-steel Sheet Piles with Superior Strength and Quality - shandong Jzz Made Co.\uff0cLtd.<\/title>\n<meta name=\"robots\" content=\"index, follow, max-snippet:-1, max-image-preview:large, max-video-preview:-1\" \/>\n<link rel=\"canonical\" href=\"https:\/\/www.jzzmade.com\/vi\/san-pham\/high-strength-pvc-eco-friendly-bank-protection-and-plastic-steel-sheet-piles-for-landscape-engineering\/\" \/>\n<meta property=\"og:locale\" content=\"vi_VN\" \/>\n<meta property=\"og:type\" content=\"article\" \/>\n<meta property=\"og:title\" content=\"High-Strength PVC Eco-Friendly Bank Protection and Plastic Steel Sheet Piles for Landscape Engineering\" \/>\n<meta property=\"og:description\" content=\"Plastic steel sheet piles are a new type of engineering material with polymer composite materials as their base substrate, widely used in various construction projects.\" \/>\n<meta property=\"og:url\" content=\"https:\/\/www.jzzmade.com\/vi\/san-pham\/high-strength-pvc-eco-friendly-bank-protection-and-plastic-steel-sheet-piles-for-landscape-engineering\/\" \/>\n<meta property=\"og:site_name\" content=\"shandong Jzz Made Co.\uff0cLtd.\" \/>\n<meta property=\"article:modified_time\" content=\"2025-12-03T08:42:14+00:00\" \/>\n<meta property=\"og:image\" content=\"https:\/\/www.jzzmade.com\/wp-content\/uploads\/2025\/11\/44.jpg\" \/>\n\t<meta property=\"og:image:width\" content=\"800\" \/>\n\t<meta property=\"og:image:height\" content=\"800\" \/>\n\t<meta property=\"og:image:type\" content=\"image\/jpeg\" \/>\n<meta name=\"twitter:card\" content=\"summary_large_image\" \/>\n<meta name=\"twitter:label1\" content=\"\u01af\u1edbc t\u00ednh th\u1eddi gian \u0111\u1ecdc\" \/>\n\t<meta name=\"twitter:data1\" content=\"2 ph\u00fat\" \/>\n<script type=\"application\/ld+json\" class=\"yoast-schema-graph\">{\"@context\":\"https:\/\/schema.org\",\"@graph\":[{\"@type\":\"WebPage\",\"@id\":\"https:\/\/www.jzzmade.com\/product\/high-strength-pvc-eco-friendly-bank-protection-and-plastic-steel-sheet-piles-for-landscape-engineering\/\",\"url\":\"https:\/\/www.jzzmade.com\/product\/high-strength-pvc-eco-friendly-bank-protection-and-plastic-steel-sheet-piles-for-landscape-engineering\/\",\"name\":\"Plastic-steel Sheet Piles with Superior Strength and Quality - shandong Jzz Made Co.\uff0cLtd.\",\"isPartOf\":{\"@id\":\"https:\/\/www.jzzmade.com\/#website\"},\"primaryImageOfPage\":{\"@id\":\"https:\/\/www.jzzmade.com\/product\/high-strength-pvc-eco-friendly-bank-protection-and-plastic-steel-sheet-piles-for-landscape-engineering\/#primaryimage\"},\"image\":{\"@id\":\"https:\/\/www.jzzmade.com\/product\/high-strength-pvc-eco-friendly-bank-protection-and-plastic-steel-sheet-piles-for-landscape-engineering\/#primaryimage\"},\"thumbnailUrl\":\"https:\/\/www.jzzmade.com\/wp-content\/uploads\/2025\/11\/44.jpg\",\"datePublished\":\"2025-12-03T02:01:14+00:00\",\"dateModified\":\"2025-12-03T08:42:14+00:00\",\"breadcrumb\":{\"@id\":\"https:\/\/www.jzzmade.com\/product\/high-strength-pvc-eco-friendly-bank-protection-and-plastic-steel-sheet-piles-for-landscape-engineering\/#breadcrumb\"},\"inLanguage\":\"vi\",\"potentialAction\":[{\"@type\":\"ReadAction\",\"target\":[\"https:\/\/www.jzzmade.com\/product\/high-strength-pvc-eco-friendly-bank-protection-and-plastic-steel-sheet-piles-for-landscape-engineering\/\"]}]},{\"@type\":\"ImageObject\",\"inLanguage\":\"vi\",\"@id\":\"https:\/\/www.jzzmade.com\/product\/high-strength-pvc-eco-friendly-bank-protection-and-plastic-steel-sheet-piles-for-landscape-engineering\/#primaryimage\",\"url\":\"https:\/\/www.jzzmade.com\/wp-content\/uploads\/2025\/11\/44.jpg\",\"contentUrl\":\"https:\/\/www.jzzmade.com\/wp-content\/uploads\/2025\/11\/44.jpg\",\"width\":800,\"height\":800,\"caption\":\"{\\\"AIGC\\\":{\\\"Label\\\":\\\"1\\\",\\\"ContentProducer\\\":\\\"001191320114777023172010000\\\",\\\"ProduceID\\\":\\\"1763086878956caf57303-f508-4ca2-a682-a5064d0a167f\\\",\\\"ReservedCode1\\\":\\\"\\\",\\\"ContentPropagator\\\":\\\"001191320114777023172010000\\\",\\\"PropagateID\\\":\\\"1763086878956caf57303-f508-4ca2-a682-a5064d0a167f\\\",\\\"ReservedCode2\\\":\\\"\\\"}}\"},{\"@type\":\"BreadcrumbList\",\"@id\":\"https:\/\/www.jzzmade.com\/product\/high-strength-pvc-eco-friendly-bank-protection-and-plastic-steel-sheet-piles-for-landscape-engineering\/#breadcrumb\",\"itemListElement\":[{\"@type\":\"ListItem\",\"position\":1,\"name\":\"Home\",\"item\":\"https:\/\/www.jzzmade.com\/\"},{\"@type\":\"ListItem\",\"position\":2,\"name\":\"Products\",\"item\":\"https:\/\/www.jzzmade.com\/products\/\"},{\"@type\":\"ListItem\",\"position\":3,\"name\":\"High-Strength PVC Eco-Friendly Bank Protection and Plastic Steel Sheet Piles for Landscape Engineering\"}]},{\"@type\":\"WebSite\",\"@id\":\"https:\/\/www.jzzmade.com\/#website\",\"url\":\"https:\/\/www.jzzmade.com\/\",\"name\":\"shandong Jzz Made Co.\uff0cLtd.\",\"description\":\"\",\"publisher\":{\"@id\":\"https:\/\/www.jzzmade.com\/#organization\"},\"potentialAction\":[{\"@type\":\"SearchAction\",\"target\":{\"@type\":\"EntryPoint\",\"urlTemplate\":\"https:\/\/www.jzzmade.com\/?s={search_term_string}\"},\"query-input\":{\"@type\":\"PropertyValueSpecification\",\"valueRequired\":true,\"valueName\":\"search_term_string\"}}],\"inLanguage\":\"vi\"},{\"@type\":\"Organization\",\"@id\":\"https:\/\/www.jzzmade.com\/#organization\",\"name\":\"shandong Jzz Made Co.\uff0cLtd.\",\"url\":\"https:\/\/www.jzzmade.com\/\",\"logo\":{\"@type\":\"ImageObject\",\"inLanguage\":\"vi\",\"@id\":\"https:\/\/www.jzzmade.com\/#\/schema\/logo\/image\/\",\"url\":\"https:\/\/www.jzzmade.com\/wp-content\/uploads\/2025\/11\/logo.png\",\"contentUrl\":\"https:\/\/www.jzzmade.com\/wp-content\/uploads\/2025\/11\/logo.png\",\"width\":180,\"height\":58,\"caption\":\"shandong Jzz Made Co.\uff0cLtd.\"},\"image\":{\"@id\":\"https:\/\/www.jzzmade.com\/#\/schema\/logo\/image\/\"}}]}<\/script>\n<!-- \/ Yoast SEO Premium plugin. -->","yoast_head_json":{"title":"Plastic-steel Sheet Piles with Superior Strength and Quality - shandong Jzz Made Co.\uff0cLtd.","robots":{"index":"index","follow":"follow","max-snippet":"max-snippet:-1","max-image-preview":"max-image-preview:large","max-video-preview":"max-video-preview:-1"},"canonical":"https:\/\/www.jzzmade.com\/vi\/san-pham\/high-strength-pvc-eco-friendly-bank-protection-and-plastic-steel-sheet-piles-for-landscape-engineering\/","og_locale":"vi_VN","og_type":"article","og_title":"High-Strength PVC Eco-Friendly Bank Protection and Plastic Steel Sheet Piles for Landscape Engineering","og_description":"Plastic steel sheet piles are a new type of engineering material with polymer composite materials as their base substrate, widely used in various construction projects.","og_url":"https:\/\/www.jzzmade.com\/vi\/san-pham\/high-strength-pvc-eco-friendly-bank-protection-and-plastic-steel-sheet-piles-for-landscape-engineering\/","og_site_name":"shandong Jzz Made Co.\uff0cLtd.","article_modified_time":"2025-12-03T08:42:14+00:00","og_image":[{"width":800,"height":800,"url":"https:\/\/www.jzzmade.com\/wp-content\/uploads\/2025\/11\/44.jpg","type":"image\/jpeg"}],"twitter_card":"summary_large_image","twitter_misc":{"\u01af\u1edbc t\u00ednh th\u1eddi gian \u0111\u1ecdc":"2 ph\u00fat"},"schema":{"@context":"https:\/\/schema.org","@graph":[{"@type":"WebPage","@id":"https:\/\/www.jzzmade.com\/product\/high-strength-pvc-eco-friendly-bank-protection-and-plastic-steel-sheet-piles-for-landscape-engineering\/","url":"https:\/\/www.jzzmade.com\/product\/high-strength-pvc-eco-friendly-bank-protection-and-plastic-steel-sheet-piles-for-landscape-engineering\/","name":"Plastic-steel Sheet Piles with Superior Strength and Quality - shandong Jzz Made Co.\uff0cLtd.","isPartOf":{"@id":"https:\/\/www.jzzmade.com\/#website"},"primaryImageOfPage":{"@id":"https:\/\/www.jzzmade.com\/product\/high-strength-pvc-eco-friendly-bank-protection-and-plastic-steel-sheet-piles-for-landscape-engineering\/#primaryimage"},"image":{"@id":"https:\/\/www.jzzmade.com\/product\/high-strength-pvc-eco-friendly-bank-protection-and-plastic-steel-sheet-piles-for-landscape-engineering\/#primaryimage"},"thumbnailUrl":"https:\/\/www.jzzmade.com\/wp-content\/uploads\/2025\/11\/44.jpg","datePublished":"2025-12-03T02:01:14+00:00","dateModified":"2025-12-03T08:42:14+00:00","breadcrumb":{"@id":"https:\/\/www.jzzmade.com\/product\/high-strength-pvc-eco-friendly-bank-protection-and-plastic-steel-sheet-piles-for-landscape-engineering\/#breadcrumb"},"inLanguage":"vi","potentialAction":[{"@type":"ReadAction","target":["https:\/\/www.jzzmade.com\/product\/high-strength-pvc-eco-friendly-bank-protection-and-plastic-steel-sheet-piles-for-landscape-engineering\/"]}]},{"@type":"ImageObject","inLanguage":"vi","@id":"https:\/\/www.jzzmade.com\/product\/high-strength-pvc-eco-friendly-bank-protection-and-plastic-steel-sheet-piles-for-landscape-engineering\/#primaryimage","url":"https:\/\/www.jzzmade.com\/wp-content\/uploads\/2025\/11\/44.jpg","contentUrl":"https:\/\/www.jzzmade.com\/wp-content\/uploads\/2025\/11\/44.jpg","width":800,"height":800,"caption":"{\"AIGC\":{\"Label\":\"1\",\"ContentProducer\":\"001191320114777023172010000\",\"ProduceID\":\"1763086878956caf57303-f508-4ca2-a682-a5064d0a167f\",\"ReservedCode1\":\"\",\"ContentPropagator\":\"001191320114777023172010000\",\"PropagateID\":\"1763086878956caf57303-f508-4ca2-a682-a5064d0a167f\",\"ReservedCode2\":\"\"}}"},{"@type":"BreadcrumbList","@id":"https:\/\/www.jzzmade.com\/product\/high-strength-pvc-eco-friendly-bank-protection-and-plastic-steel-sheet-piles-for-landscape-engineering\/#breadcrumb","itemListElement":[{"@type":"ListItem","position":1,"name":"Home","item":"https:\/\/www.jzzmade.com\/"},{"@type":"ListItem","position":2,"name":"Products","item":"https:\/\/www.jzzmade.com\/products\/"},{"@type":"ListItem","position":3,"name":"High-Strength PVC Eco-Friendly Bank Protection and Plastic Steel Sheet Piles for Landscape Engineering"}]},{"@type":"WebSite","@id":"https:\/\/www.jzzmade.com\/#website","url":"https:\/\/www.jzzmade.com\/","name":"C\u00f4ng ty TNHH Shandong Jzz Made.","description":"","publisher":{"@id":"https:\/\/www.jzzmade.com\/#organization"},"potentialAction":[{"@type":"SearchAction","target":{"@type":"EntryPoint","urlTemplate":"https:\/\/www.jzzmade.com\/?s={search_term_string}"},"query-input":{"@type":"PropertyValueSpecification","valueRequired":true,"valueName":"search_term_string"}}],"inLanguage":"vi"},{"@type":"Organization","@id":"https:\/\/www.jzzmade.com\/#organization","name":"C\u00f4ng ty TNHH Shandong Jzz Made.","url":"https:\/\/www.jzzmade.com\/","logo":{"@type":"ImageObject","inLanguage":"vi","@id":"https:\/\/www.jzzmade.com\/#\/schema\/logo\/image\/","url":"https:\/\/www.jzzmade.com\/wp-content\/uploads\/2025\/11\/logo.png","contentUrl":"https:\/\/www.jzzmade.com\/wp-content\/uploads\/2025\/11\/logo.png","width":180,"height":58,"caption":"shandong Jzz Made Co.\uff0cLtd."},"image":{"@id":"https:\/\/www.jzzmade.com\/#\/schema\/logo\/image\/"}}]}},"_links":{"self":[{"href":"https:\/\/www.jzzmade.com\/vi\/wp-json\/wp\/v2\/product\/1405","targetHints":{"allow":["GET"]}}],"collection":[{"href":"https:\/\/www.jzzmade.com\/vi\/wp-json\/wp\/v2\/product"}],"about":[{"href":"https:\/\/www.jzzmade.com\/vi\/wp-json\/wp\/v2\/types\/product"}],"replies":[{"embeddable":true,"href":"https:\/\/www.jzzmade.com\/vi\/wp-json\/wp\/v2\/comments?post=1405"}],"wp:featuredmedia":[{"embeddable":true,"href":"https:\/\/www.jzzmade.com\/vi\/wp-json\/wp\/v2\/media\/1386"}],"wp:attachment":[{"href":"https:\/\/www.jzzmade.com\/vi\/wp-json\/wp\/v2\/media?parent=1405"}],"wp:term":[{"taxonomy":"product_brand","embeddable":true,"href":"https:\/\/www.jzzmade.com\/vi\/wp-json\/wp\/v2\/product_brand?post=1405"},{"taxonomy":"product_cat","embeddable":true,"href":"https:\/\/www.jzzmade.com\/vi\/wp-json\/wp\/v2\/product_cat?post=1405"},{"taxonomy":"product_tag","embeddable":true,"href":"https:\/\/www.jzzmade.com\/vi\/wp-json\/wp\/v2\/product_tag?post=1405"}],"curies":[{"name":"wp","href":"https:\/\/api.w.org\/{rel}","templated":true}]}}