{"id":79,"date":"2025-11-12T06:53:14","date_gmt":"2025-11-12T06:53:14","guid":{"rendered":"https:\/\/jzzmade.com\/?page_id=79"},"modified":"2026-01-30T11:44:36","modified_gmt":"2026-01-30T03:44:36","slug":"lich-su-phat-trien","status":"publish","type":"page","link":"https:\/\/www.jzzmade.com\/vi\/lich-su-phat-trien\/","title":{"rendered":"L\u1ecbch s\u1eed ph\u00e1t tri\u1ec3n"},"content":{"rendered":"<div data-elementor-type=\"wp-page\" data-elementor-id=\"79\" class=\"elementor elementor-79\" data-elementor-post-type=\"page\">\n\t\t\t\t<div class=\"elementor-element elementor-element-a2999d4 e-flex e-con-boxed e-con e-parent\" data-id=\"a2999d4\" data-element_type=\"container\" data-e-type=\"container\" data-settings=\"{&quot;background_background&quot;:&quot;classic&quot;}\">\n\t\t\t\t\t<div class=\"e-con-inner\">\n\t\t\t\t<div class=\"elementor-element elementor-element-b9b32e4 elementor-widget elementor-widget-breadcrumbs\" data-id=\"b9b32e4\" data-element_type=\"widget\" data-e-type=\"widget\" data-widget_type=\"breadcrumbs.default\">\n\t\t\t\t\t<p id=\"breadcrumbs\"><span><span><a href=\"https:\/\/www.jzzmade.com\/vi\/\">Trang ch\u1ee7<\/a><\/span><\/span><\/p>\t\t\t\t<\/div>\n\t\t\t\t\t<\/div>\n\t\t\t\t<\/div>\n\t\t<div class=\"elementor-element elementor-element-34d2f6b e-flex e-con-boxed e-con e-parent\" data-id=\"34d2f6b\" data-element_type=\"container\" data-e-type=\"container\">\n\t\t\t\t\t<div class=\"e-con-inner\">\n\t\t\t\t<div class=\"elementor-element elementor-element-e62ae20 elementor-nav-menu__align-center elementor-nav-menu--dropdown-none elementor-widget elementor-widget-nav-menu\" data-id=\"e62ae20\" data-element_type=\"widget\" data-e-type=\"widget\" data-settings=\"{&quot;layout&quot;:&quot;horizontal&quot;,&quot;submenu_icon&quot;:{&quot;value&quot;:&quot;&lt;svg aria-hidden=\\&quot;true\\&quot; class=\\&quot;e-font-icon-svg e-fas-caret-down\\&quot; viewBox=\\&quot;0 0 320 512\\&quot; xmlns=\\&quot;http:\\\/\\\/www.w3.org\\\/2000\\\/svg\\&quot;&gt;&lt;path d=\\&quot;M31.3 192h257.3c17.8 0 26.7 21.5 14.1 34.1L174.1 354.8c-7.8 7.8-20.5 7.8-28.3 0L17.2 226.1C4.6 213.5 13.5 192 31.3 192z\\&quot;&gt;&lt;\\\/path&gt;&lt;\\\/svg&gt;&quot;,&quot;library&quot;:&quot;fa-solid&quot;}}\" data-widget_type=\"nav-menu.default\">\n\t\t\t\t\t\t\t\t<nav aria-label=\"Th\u1ef1c \u0111\u01a1n\" class=\"elementor-nav-menu--main elementor-nav-menu__container elementor-nav-menu--layout-horizontal e--pointer-none\">\n\t\t\t\t<ul id=\"menu-1-e62ae20\" class=\"elementor-nav-menu\"><li class=\"menu-item menu-item-type-post_type menu-item-object-page menu-item-194\"><a href=\"https:\/\/www.jzzmade.com\/vi\/ve-chung-toi\/\" class=\"elementor-item\">Gi\u1edbi thi\u1ec7u th\u01b0\u01a1ng hi\u1ec7u<\/a><\/li>\n<li class=\"menu-item menu-item-type-post_type menu-item-object-page menu-item-195\"><a href=\"https:\/\/www.jzzmade.com\/vi\/lich-su-phat-trien\/\" class=\"elementor-item\">L\u1ecbch s\u1eed ph\u00e1t tri\u1ec3n<\/a><\/li>\n<li class=\"menu-item menu-item-type-post_type menu-item-object-page menu-item-196\"><a href=\"https:\/\/www.jzzmade.com\/vi\/dich-vu\/\" class=\"elementor-item\">D\u1ecbch v\u1ee5<\/a><\/li>\n<li class=\"menu-item menu-item-type-post_type menu-item-object-page menu-item-197\"><a href=\"https:\/\/www.jzzmade.com\/vi\/lien-he-voi-chung-toi\/\" class=\"elementor-item\">LI\u00caN H\u1ec6 V\u1edaI CH\u00daNG T\u00d4I<\/a><\/li>\n<\/ul>\t\t\t<\/nav>\n\t\t\t\t\t\t<nav class=\"elementor-nav-menu--dropdown elementor-nav-menu__container\" aria-hidden=\"true\">\n\t\t\t\t<ul id=\"menu-2-e62ae20\" class=\"elementor-nav-menu\"><li class=\"menu-item menu-item-type-post_type menu-item-object-page menu-item-194\"><a href=\"https:\/\/www.jzzmade.com\/vi\/ve-chung-toi\/\" class=\"elementor-item\" tabindex=\"-1\">Gi\u1edbi thi\u1ec7u th\u01b0\u01a1ng hi\u1ec7u<\/a><\/li>\n<li class=\"menu-item menu-item-type-post_type menu-item-object-page menu-item-195\"><a href=\"https:\/\/www.jzzmade.com\/vi\/lich-su-phat-trien\/\" class=\"elementor-item\" tabindex=\"-1\">L\u1ecbch s\u1eed ph\u00e1t tri\u1ec3n<\/a><\/li>\n<li class=\"menu-item menu-item-type-post_type menu-item-object-page menu-item-196\"><a href=\"https:\/\/www.jzzmade.com\/vi\/dich-vu\/\" class=\"elementor-item\" tabindex=\"-1\">D\u1ecbch v\u1ee5<\/a><\/li>\n<li class=\"menu-item menu-item-type-post_type menu-item-object-page menu-item-197\"><a href=\"https:\/\/www.jzzmade.com\/vi\/lien-he-voi-chung-toi\/\" class=\"elementor-item\" tabindex=\"-1\">LI\u00caN H\u1ec6 V\u1edaI CH\u00daNG T\u00d4I<\/a><\/li>\n<\/ul>\t\t\t<\/nav>\n\t\t\t\t\t\t<\/div>\n\t\t\t\t\t<\/div>\n\t\t\t\t<\/div>\n\t\t<div class=\"elementor-element elementor-element-fa8849a e-flex e-con-boxed e-con e-parent\" data-id=\"fa8849a\" data-element_type=\"container\" data-e-type=\"container\">\n\t\t\t\t\t<div class=\"e-con-inner\">\n\t\t<div class=\"elementor-element elementor-element-6fe6f5c e-con-full e-flex e-con e-child\" data-id=\"6fe6f5c\" data-element_type=\"container\" data-e-type=\"container\">\n\t\t\t\t<div class=\"elementor-element elementor-element-c4a4109 elementor-widget elementor-widget-heading\" data-id=\"c4a4109\" data-element_type=\"widget\" data-e-type=\"widget\" data-widget_type=\"heading.default\">\n\t\t\t\t\t<h5 class=\"elementor-heading-title elementor-size-default\">L\u1ecbch s\u1eed c\u1ee7a ch\u00fang t\u00f4i<\/h5>\t\t\t\t<\/div>\n\t\t\t\t<div class=\"elementor-element elementor-element-dba888e elementor-widget-divider--view-line elementor-widget elementor-widget-divider\" data-id=\"dba888e\" data-element_type=\"widget\" data-e-type=\"widget\" data-widget_type=\"divider.default\">\n\t\t\t\t\t\t\t<div class=\"elementor-divider\">\n\t\t\t<span class=\"elementor-divider-separator\">\n\t\t\t\t\t\t<\/span>\n\t\t<\/div>\n\t\t\t\t\t\t<\/div>\n\t\t<div class=\"elementor-element elementor-element-c5addfb e-con-full e-grid e-con e-child\" data-id=\"c5addfb\" data-element_type=\"container\" data-e-type=\"container\">\n\t\t\t\t<div class=\"elementor-element elementor-element-106bca1 elementor-widget elementor-widget-image\" data-id=\"106bca1\" data-element_type=\"widget\" data-e-type=\"widget\" data-widget_type=\"image.default\">\n\t\t\t\t\t\t\t\t\t\t\t\t\t\t\t<img fetchpriority=\"high\" decoding=\"async\" width=\"800\" height=\"446\" src=\"https:\/\/www.jzzmade.com\/wp-content\/uploads\/2026\/01\/\u5fae\u4fe1\u56fe\u7247_20260130114216.jpg\" class=\"attachment-full size-full wp-image-1683\" alt=\"\" srcset=\"https:\/\/www.jzzmade.com\/wp-content\/uploads\/2026\/01\/\u5fae\u4fe1\u56fe\u7247_20260130114216.jpg 800w, https:\/\/www.jzzmade.com\/wp-content\/uploads\/2026\/01\/\u5fae\u4fe1\u56fe\u7247_20260130114216-300x167.jpg 300w, https:\/\/www.jzzmade.com\/wp-content\/uploads\/2026\/01\/\u5fae\u4fe1\u56fe\u7247_20260130114216-768x428.jpg 768w, https:\/\/www.jzzmade.com\/wp-content\/uploads\/2026\/01\/\u5fae\u4fe1\u56fe\u7247_20260130114216-18x10.jpg 18w, https:\/\/www.jzzmade.com\/wp-content\/uploads\/2026\/01\/\u5fae\u4fe1\u56fe\u7247_20260130114216-600x335.jpg 600w\" sizes=\"(max-width: 800px) 100vw, 800px\" \/>\t\t\t\t\t\t\t\t\t\t\t\t\t\t\t<\/div>\n\t\t<div class=\"elementor-element elementor-element-07918fa e-con-full e-flex e-con e-child\" data-id=\"07918fa\" data-element_type=\"container\" data-e-type=\"container\">\n\t\t\t\t<div class=\"elementor-element elementor-element-11140c0 elementor-widget elementor-widget-text-editor\" data-id=\"11140c0\" data-element_type=\"widget\" data-e-type=\"widget\" data-widget_type=\"text-editor.default\">\n\t\t\t\t\t\t\t\t\t<h2><strong><b>V\u1ecb th\u1ebf doanh nghi\u1ec7p &amp; L\u0129nh v\u1ef1c kinh doanh c\u1ed1t l\u00f5i<\/b><\/strong><\/h2><p>Shandong Jinzhongzhao l\u00e0 m\u1ed9t doanh nghi\u1ec7p Trung Qu\u1ed1c chuy\u00ean nghi\u1ec7p chuy\u00ean nghi\u00ean c\u1ee9u, ph\u00e1t tri\u1ec3n, s\u1ea3n xu\u1ea5t v\u00e0 cung c\u1ea5p gi\u1ea3i ph\u00e1p t\u1ed5ng th\u1ec3 cho c\u00e1c s\u1ea3n ph\u1ea9m t\u1ea5m th\u00e9p nh\u1ef1a v\u00e0 t\u1ea5m PVC. V\u1edbi nhi\u1ec1u n\u0103m kinh nghi\u1ec7m trong ng\u00e0nh, c\u00f4ng ty h\u01b0\u1edbng \u0111\u1ebfn vi\u1ec7c cung c\u1ea5p v\u1eadt li\u1ec7u k\u1ef9 thu\u1eadt hi\u1ec7u su\u1ea5t cao, th\u00e2n thi\u1ec7n v\u1edbi m\u00f4i tr\u01b0\u1eddng, \u0111\u1ed3ng th\u1eddi cung c\u1ea5p s\u1ea3n ph\u1ea9m ch\u1ea5t l\u01b0\u1ee3ng v\u00e0 h\u1ed7 tr\u1ee3 k\u1ef9 thu\u1eadt cho c\u00e1c d\u1ef1 \u00e1n th\u1ee7y l\u1ee3i, \u0111\u00f4 th\u1ecb v\u00e0 m\u00f4i tr\u01b0\u1eddng. L\u00e0 m\u1ed9t ti\u00eau chu\u1ea9n ng\u00e0nh, c\u00f4ng ty s\u1edf h\u1eefu kh\u1ea3 n\u0103ng nghi\u00ean c\u1ee9u v\u00e0 ph\u00e1t tri\u1ec3n m\u1ea1nh m\u1ebd c\u00f9ng quy m\u00f4 s\u1ea3n xu\u1ea5t l\u1edbn, t\u00edch c\u1ef1c m\u1edf r\u1ed9ng th\u01b0\u01a1ng m\u1ea1i to\u00e0n c\u1ea7u \u0111\u1ec3 x\u00e2y d\u1ef1ng m\u1ea1ng l\u01b0\u1edbi h\u1ee3p t\u00e1c bao ph\u1ee7 Ch\u00e2u \u00c1, Ch\u00e2u \u00c2u, Ch\u00e2u Phi v\u00e0 Ch\u00e2u M\u1ef9, th\u00fac \u0111\u1ea9y vi\u1ec7c s\u1eed d\u1ee5ng v\u1eadt li\u1ec7u c\u00f4ng tr\u00ecnh xanh c\u1ee7a Trung Qu\u1ed1c tr\u00ean to\u00e0n th\u1ebf gi\u1edbi v\u00e0 h\u1ed7 tr\u1ee3 x\u00e2y d\u1ef1ng c\u01a1 s\u1edf h\u1ea1 t\u1ea7ng trong khu\u00f4n kh\u1ed5 S\u00e1ng ki\u1ebfn V\u00e0nh \u0111ai v\u00e0 Con \u0111\u01b0\u1eddng.<\/p>\t\t\t\t\t\t\t\t<\/div>\n\t\t\t\t<\/div>\n\t\t\t\t<\/div>\n\t\t<div class=\"elementor-element elementor-element-0e5f403 e-con-full e-grid e-con e-child\" data-id=\"0e5f403\" data-element_type=\"container\" data-e-type=\"container\">\n\t\t\t\t<div class=\"elementor-element elementor-element-d10bc79 elementor-widget elementor-widget-image\" data-id=\"d10bc79\" data-element_type=\"widget\" data-e-type=\"widget\" data-widget_type=\"image.default\">\n\t\t\t\t\t\t\t\t\t\t\t\t\t\t\t<img decoding=\"async\" width=\"800\" height=\"407\" src=\"https:\/\/www.jzzmade.com\/wp-content\/uploads\/2026\/01\/\u5fae\u4fe1\u56fe\u7247_20260130114219.jpg\" class=\"attachment-full size-full wp-image-1684\" alt=\"\" srcset=\"https:\/\/www.jzzmade.com\/wp-content\/uploads\/2026\/01\/\u5fae\u4fe1\u56fe\u7247_20260130114219.jpg 800w, https:\/\/www.jzzmade.com\/wp-content\/uploads\/2026\/01\/\u5fae\u4fe1\u56fe\u7247_20260130114219-300x153.jpg 300w, https:\/\/www.jzzmade.com\/wp-content\/uploads\/2026\/01\/\u5fae\u4fe1\u56fe\u7247_20260130114219-768x391.jpg 768w, https:\/\/www.jzzmade.com\/wp-content\/uploads\/2026\/01\/\u5fae\u4fe1\u56fe\u7247_20260130114219-18x9.jpg 18w, https:\/\/www.jzzmade.com\/wp-content\/uploads\/2026\/01\/\u5fae\u4fe1\u56fe\u7247_20260130114219-600x305.jpg 600w\" sizes=\"(max-width: 800px) 100vw, 800px\" \/>\t\t\t\t\t\t\t\t\t\t\t\t\t\t\t<\/div>\n\t\t<div class=\"elementor-element elementor-element-b31f10d e-con-full e-flex e-con e-child\" data-id=\"b31f10d\" data-element_type=\"container\" data-e-type=\"container\">\n\t\t\t\t<div class=\"elementor-element elementor-element-7c28e03 elementor-widget elementor-widget-text-editor\" data-id=\"7c28e03\" data-element_type=\"widget\" data-e-type=\"widget\" data-widget_type=\"text-editor.default\">\n\t\t\t\t\t\t\t\t\t<h2><strong><b>L\u1ee3i th\u1ebf c\u1ed1t l\u00f5i<\/b><\/strong><\/h2><p><strong>C\u00f4ng ngh\u1ec7 &amp; S\u1ea3n xu\u1ea5t<\/strong>\u0110\u01b0\u1ee3c trang b\u1ecb thi\u1ebft b\u1ecb s\u1ea3n xu\u1ea5t hi\u1ec7n \u0111\u1ea1i, s\u1ea3n ph\u1ea9m s\u1eed d\u1ee5ng v\u1eadt li\u1ec7u composite gia c\u1ed1 b\u1eb1ng polymer v\u00e0 c\u00f4ng ngh\u1ec7 \u00e9p \u0111\u00f9n chuy\u00ean nghi\u1ec7p \u0111\u1ec3 \u0111\u1ea3m b\u1ea3o ch\u1ea5t l\u01b0\u1ee3ng \u1ed5n \u0111\u1ecbnh. \u0110\u1ed9i ng\u0169 nghi\u00ean c\u1ee9u v\u00e0 ph\u00e1t tri\u1ec3n (R&amp;D) li\u00ean t\u1ee5c t\u1ed1i \u01b0u h\u00f3a s\u1ea3n ph\u1ea9m \u0111\u1ec3 \u0111\u1ea1t \u0111\u01b0\u1ee3c \u0111\u1ed9 b\u1ec1n cao, kh\u1ea3 n\u0103ng ch\u1ed1ng \u0103n m\u00f2n, ch\u1ed1ng l\u00e3o h\u00f3a v\u00e0 \u0111\u1ed9 d\u1ebbo dai xu\u1ea5t s\u1eafc \u1edf nhi\u1ec7t \u0111\u1ed9 th\u1ea5p, \u0111\u00e1p \u1ee9ng c\u00e1c y\u00eau c\u1ea7u ph\u1ee9c t\u1ea1p c\u1ee7a c\u00e1c d\u1ef1 \u00e1n.<\/p><p><strong>M\u00f4i tr\u01b0\u1eddng &amp; \u0110\u1ea3m b\u1ea3o ch\u1ea5t l\u01b0\u1ee3ng<\/strong>: S\u1ea3n ph\u1ea9m kh\u00f4ng ch\u1ee9a ch\u00ec v\u00e0 ch\u1ea5t l\u00e0m d\u1ebbo, c\u00f3 th\u1ec3 t\u00e1i ch\u1ebf v\u00e0 tu\u00e2n th\u1ee7 c\u00e1c ti\u00eau chu\u1ea9n k\u1ef9 thu\u1eadt xanh qu\u1ed1c gia. T\u1ea5t c\u1ea3 s\u1ea3n ph\u1ea9m \u0111\u1ec1u v\u01b0\u1ee3t qua c\u00e1c ki\u1ec3m \u0111\u1ecbnh uy t\u00edn, v\u1edbi quy tr\u00ecnh ki\u1ec3m so\u00e1t ch\u1ea5t l\u01b0\u1ee3ng to\u00e0n di\u1ec7n t\u1eeb nguy\u00ean li\u1ec7u th\u00f4 \u0111\u1ebfn s\u1ea3n xu\u1ea5t, \u0111\u1ea3m b\u1ea3o ch\u1ea5t l\u01b0\u1ee3ng c\u00f3 th\u1ec3 truy xu\u1ea5t ngu\u1ed3n g\u1ed1c.<\/p><p><strong>Chi ph\u00ed &amp; Gi\u00e1 tr\u1ecb<\/strong>: V\u1edbi t\u01b0 c\u00e1ch l\u00e0 nh\u00e0 s\u1ea3n xu\u1ea5t tr\u1ef1c ti\u1ebfp, ch\u00fang t\u00f4i lo\u1ea1i b\u1ecf c\u00e1c b\u00ean trung gian, cung c\u1ea5p gi\u00e1 c\u1ea3 tr\u1ef1c ti\u1ebfp t\u1eeb nh\u00e0 m\u00e1y \u0111\u1ec3 gi\u1ea3m chi ph\u00ed mua s\u1eafm c\u1ee7a kh\u00e1ch h\u00e0ng h\u01a1n 30%, \u0111\u1ed3ng th\u1eddi \u0111\u1ea3m b\u1ea3o ch\u1ea5t l\u01b0\u1ee3ng cao v\u00e0 hi\u1ec7u qu\u1ea3 v\u1ec1 chi ph\u00ed.<\/p>\t\t\t\t\t\t\t\t<\/div>\n\t\t\t\t<\/div>\n\t\t\t\t<\/div>\n\t\t\t\t<\/div>\n\t\t<div class=\"elementor-element elementor-element-1fe76c6 e-con-full e-flex e-con e-child\" data-id=\"1fe76c6\" data-element_type=\"container\" data-e-type=\"container\">\n\t\t<div class=\"elementor-element elementor-element-148fa7c e-con-full e-grid e-con e-child\" data-id=\"148fa7c\" data-element_type=\"container\" data-e-type=\"container\">\n\t\t\t\t<div class=\"elementor-element elementor-element-f57927f elementor-widget elementor-widget-image\" data-id=\"f57927f\" data-element_type=\"widget\" data-e-type=\"widget\" data-widget_type=\"image.default\">\n\t\t\t\t\t\t\t\t\t\t\t\t\t\t\t<img decoding=\"async\" width=\"800\" height=\"717\" src=\"https:\/\/www.jzzmade.com\/wp-content\/uploads\/2026\/01\/\u5fae\u4fe1\u56fe\u7247_20260130114212.jpg\" class=\"attachment-full size-full wp-image-1685\" alt=\"\" srcset=\"https:\/\/www.jzzmade.com\/wp-content\/uploads\/2026\/01\/\u5fae\u4fe1\u56fe\u7247_20260130114212.jpg 800w, https:\/\/www.jzzmade.com\/wp-content\/uploads\/2026\/01\/\u5fae\u4fe1\u56fe\u7247_20260130114212-300x269.jpg 300w, https:\/\/www.jzzmade.com\/wp-content\/uploads\/2026\/01\/\u5fae\u4fe1\u56fe\u7247_20260130114212-768x688.jpg 768w, https:\/\/www.jzzmade.com\/wp-content\/uploads\/2026\/01\/\u5fae\u4fe1\u56fe\u7247_20260130114212-13x12.jpg 13w, https:\/\/www.jzzmade.com\/wp-content\/uploads\/2026\/01\/\u5fae\u4fe1\u56fe\u7247_20260130114212-600x538.jpg 600w\" sizes=\"(max-width: 800px) 100vw, 800px\" \/>\t\t\t\t\t\t\t\t\t\t\t\t\t\t\t<\/div>\n\t\t<div class=\"elementor-element elementor-element-ef55aa1 e-con-full e-flex e-con e-child\" data-id=\"ef55aa1\" data-element_type=\"container\" data-e-type=\"container\">\n\t\t\t\t<div class=\"elementor-element elementor-element-c148f5b elementor-widget elementor-widget-text-editor\" data-id=\"c148f5b\" data-element_type=\"widget\" data-e-type=\"widget\" data-widget_type=\"text-editor.default\">\n\t\t\t\t\t\t\t\t\t<h2><strong><b>\u1ee8ng d\u1ee5ng s\u1ea3n ph\u1ea9m<\/b><\/strong><\/h2><p>Th\u1ee7y l\u1ee3i: B\u1ea3o v\u1ec7 b\u1edd s\u00f4ng, ph\u00f2ng ch\u1ed1ng l\u0169 l\u1ee5t, ki\u1ec3m so\u00e1t x\u00f3i m\u00f2n \u0111\u1ea5t v\u00e0 qu\u1ea3n l\u00fd l\u0169 l\u1ee5t \u0111\u00f4 th\u1ecb, n\u00e2ng cao hi\u1ec7u qu\u1ea3 tho\u00e1t l\u0169. K\u1ef9 thu\u1eadt \u0111\u00f4 th\u1ecb: H\u1ed7 tr\u1ee3 \u0111\u00e0o \u0111\u1ea5t, x\u00e2y d\u1ef1ng h\u1ea7m k\u1ef9 thu\u1eadt ng\u1ea7m v\u00e0 thu gom n\u01b0\u1edbc th\u1ea3i, v\u1edbi \u01b0u \u0111i\u1ec3m di\u1ec7n t\u00edch chi\u1ebfm d\u1ee5ng nh\u1ecf, t\u00e1c \u0111\u1ed9ng m\u00f4i tr\u01b0\u1eddng th\u1ea5p v\u00e0 hi\u1ec7u su\u1ea5t thi c\u00f4ng cao g\u1ea5p 5 l\u1ea7n. B\u1ea3o v\u1ec7 m\u00f4i tr\u01b0\u1eddng: X\u00e2y d\u1ef1ng b\u1ec3 x\u1eed l\u00fd n\u01b0\u1edbc th\u1ea3i v\u00e0 ph\u1ee5c h\u1ed3i sinh th\u00e1i, h\u1ed7 tr\u1ee3 b\u1ea3o t\u1ed3n sinh th\u00e1i b\u1eb1ng v\u1eadt li\u1ec7u xanh.<\/p><h2><strong><b>H\u1ec7 th\u1ed1ng D\u1ecbch v\u1ee5 &amp; T\u1ea7m nh\u00ecn Doanh nghi\u1ec7p<\/b><\/strong><\/h2><p>Tu\u00e2n th\u1ee7 nguy\u00ean t\u1eafc l\u1ea5y kh\u00e1ch h\u00e0ng l\u00e0m trung t\u00e2m, c\u00f4ng ty cung c\u1ea5p c\u00e1c d\u1ecbch v\u1ee5 t\u00f9y ch\u1ec9nh: gi\u1ea3i ph\u00e1p ti\u1ec1n thi c\u00f4ng d\u1ef1a tr\u00ean \u0111\u1ecba ch\u1ea5t v\u00e0 nhu c\u1ea7u d\u1ef1 \u00e1n, h\u01b0\u1edbng d\u1eabn k\u1ef9 thu\u1eadt t\u1ea1i hi\u1ec7n tr\u01b0\u1eddng trong qu\u00e1 tr\u00ecnh thi c\u00f4ng, v\u00e0 h\u1ed7 tr\u1ee3 sau b\u00e1n h\u00e0ng hi\u1ec7u qu\u1ea3 sau khi ho\u00e0n th\u00e0nh d\u1ef1 \u00e1n. H\u1ee3p t\u00e1c to\u00e0n c\u1ea7u c\u1ee7a c\u00f4ng ty \u0111ang ph\u00e1t tri\u1ec3n \u1ed5n \u0111\u1ecbnh: N\u0103m 2023, h\u1ee3p t\u00e1c v\u1edbi c\u00e1c doanh nghi\u1ec7p Tanzania cho c\u00e1c d\u1ef1 \u00e1n t\u01b0\u1edbi ti\u00eau Kagera; N\u0103m 2024, h\u1ee3p t\u00e1c v\u1edbi c\u00e1c \u0111\u1ed1i t\u00e1c Kyrgyzstan v\u1ec1 c\u01a1 s\u1edf h\u1ea1 t\u1ea7ng th\u1ee7y l\u1ee3i; N\u0103m 2025, thi\u1ebft l\u1eadp h\u1ee3p t\u00e1c chi\u1ebfn l\u01b0\u1ee3c v\u1edbi ch\u00e2u \u00c2u v\u00e0 h\u1ee3p t\u00e1c v\u1edbi c\u00e1c doanh nghi\u1ec7p Philippines cho c\u00e1c d\u1ef1 \u00e1n c\u1ea3i thi\u1ec7n s\u00f4ng Luzon v\u00e0 n\u00e2ng c\u1ea5p h\u1ec7 th\u1ed1ng t\u01b0\u1edbi ti\u00eau, c\u00f9ng c\u00e1c \u0111\u01a1n h\u00e0ng kh\u00e1c t\u1ea1i \u0110\u00f4ng Nam \u00c1; N\u0103m 2026, h\u1ee3p t\u00e1c v\u1edbi c\u00e1c c\u00f4ng ty Peru cho c\u00e1c d\u1ef1 \u00e1n t\u01b0\u1edbi ti\u00eau Piura v\u00e0 ti\u1ebfn h\u00e0nh \u0111\u00e0m ph\u00e1n n\u00e2ng cao v\u1edbi c\u00e1c \u0111\u1ed1i t\u00e1c Brazil \u0111\u1ec3 ho\u00e0n thi\u1ec7n chi\u1ebfn l\u01b0\u1ee3c th\u1ecb tr\u01b0\u1eddng M\u1ef9. V\u1edbi ch\u1ea5t l\u01b0\u1ee3ng \u0111\u00e1ng tin c\u1eady, l\u1ee3i th\u1ebf v\u1ec1 chi ph\u00ed v\u00e0 d\u1ecbch v\u1ee5 chu \u0111\u00e1o, c\u00f4ng ty \u0111\u00e3 tr\u1edf th\u00e0nh \u0111\u1ed1i t\u00e1c \u0111\u01b0\u1ee3c \u01b0a chu\u1ed9ng cho c\u00e1c d\u1ef1 \u00e1n l\u1edbn trong v\u00e0 ngo\u00e0i n\u01b0\u1edbc. Trong t\u01b0\u01a1ng lai, c\u00f4ng ty s\u1ebd ti\u1ebfp t\u1ee5c n\u00e2ng cao chuy\u00ean m\u00f4n v\u1ec1 t\u1ea5m th\u00e9p nh\u1ef1a, m\u1edf r\u1ed9ng th\u01b0\u01a1ng m\u1ea1i to\u00e0n c\u1ea7u v\u00e0 h\u1ee3p t\u00e1c v\u1edbi c\u00e1c \u0111\u1ed1i t\u00e1c \u0111\u1ec3 thi\u1ebft l\u1eadp c\u00e1c ti\u00eau chu\u1ea9n m\u1edbi cho ng\u00e0nh.<\/p><p>Li\u00ean h\u1ec7 v\u1edbi ch\u00fang t\u00f4i: \u0110\u1ec3 bi\u1ebft th\u00eam chi ti\u1ebft v\u1ec1 s\u1ea3n ph\u1ea9m ho\u1eb7c c\u00e1c gi\u1ea3i ph\u00e1p t\u00f9y ch\u1ec9nh, vui l\u00f2ng li\u00ean h\u1ec7 v\u1edbi ch\u00fang t\u00f4i b\u1ea5t c\u1ee9 l\u00fac n\u00e0o \u0111\u1ec3 thi\u1ebft l\u1eadp h\u1ee3p t\u00e1c l\u00e2u d\u00e0i v\u00e0 \u1ed5n \u0111\u1ecbnh.<\/p><p>\u00a0<\/p>\t\t\t\t\t\t\t\t<\/div>\n\t\t\t\t<\/div>\n\t\t\t\t<\/div>\n\t\t\t\t<\/div>\n\t\t\t\t\t<\/div>\n\t\t\t\t<\/div>\n\t\t\t\t<\/div>","protected":false},"excerpt":{"rendered":"<p>Our History Corporate Positioning &amp; Core Business Shandong Jinzhongzhao is a professional Chinese enterprise focusing on R&amp;D, production and integrated solutions for plastic steel sheet piles and PVC sheet piles. With years of industry experience, it aims to provide high-performance, eco-friendly engineering materials, offering quality products and technical support for water conservancy, municipal and environmental [&hellip;]<\/p>","protected":false},"author":1,"featured_media":0,"parent":0,"menu_order":0,"comment_status":"closed","ping_status":"closed","template":"","meta":{"footnotes":""},"class_list":["post-79","page","type-page","status-publish","hentry"],"yoast_head":"<!-- This site is optimized with the Yoast SEO Premium plugin v26.4 (Yoast SEO v26.9) - https:\/\/yoast.com\/product\/yoast-seo-premium-wordpress\/ -->\n<title>Development History - shandong Jzz Made Co.\uff0cLtd.<\/title>\n<meta name=\"robots\" content=\"index, follow, max-snippet:-1, max-image-preview:large, max-video-preview:-1\" \/>\n<link rel=\"canonical\" href=\"https:\/\/www.jzzmade.com\/vi\/lich-su-phat-trien\/\" \/>\n<meta property=\"og:locale\" content=\"vi_VN\" \/>\n<meta property=\"og:type\" content=\"article\" \/>\n<meta property=\"og:title\" content=\"Development History\" \/>\n<meta property=\"og:description\" content=\"Our History Corporate Positioning &amp; Core Business Shandong Jinzhongzhao is a professional Chinese enterprise focusing on R&amp;D, production and integrated solutions for plastic steel sheet piles and PVC sheet piles. With years of industry experience, it aims to provide high-performance, eco-friendly engineering materials, offering quality products and technical support for water conservancy, municipal and environmental [&hellip;]\" \/>\n<meta property=\"og:url\" content=\"https:\/\/www.jzzmade.com\/vi\/lich-su-phat-trien\/\" \/>\n<meta property=\"og:site_name\" content=\"shandong Jzz Made Co.\uff0cLtd.\" \/>\n<meta property=\"article:modified_time\" content=\"2026-01-30T03:44:36+00:00\" \/>\n<meta name=\"twitter:card\" content=\"summary_large_image\" \/>\n<meta name=\"twitter:label1\" content=\"\u01af\u1edbc t\u00ednh th\u1eddi gian \u0111\u1ecdc\" \/>\n\t<meta name=\"twitter:data1\" content=\"2 ph\u00fat\" \/>\n<script type=\"application\/ld+json\" class=\"yoast-schema-graph\">{\"@context\":\"https:\/\/schema.org\",\"@graph\":[{\"@type\":\"WebPage\",\"@id\":\"https:\/\/www.jzzmade.com\/development-history\/\",\"url\":\"https:\/\/www.jzzmade.com\/development-history\/\",\"name\":\"Development History - shandong Jzz Made Co.\uff0cLtd.\",\"isPartOf\":{\"@id\":\"https:\/\/www.jzzmade.com\/#website\"},\"datePublished\":\"2025-11-12T06:53:14+00:00\",\"dateModified\":\"2026-01-30T03:44:36+00:00\",\"breadcrumb\":{\"@id\":\"https:\/\/www.jzzmade.com\/development-history\/#breadcrumb\"},\"inLanguage\":\"vi\",\"potentialAction\":[{\"@type\":\"ReadAction\",\"target\":[\"https:\/\/www.jzzmade.com\/development-history\/\"]}]},{\"@type\":\"BreadcrumbList\",\"@id\":\"https:\/\/www.jzzmade.com\/development-history\/#breadcrumb\",\"itemListElement\":[{\"@type\":\"ListItem\",\"position\":1,\"name\":\"Home\",\"item\":\"https:\/\/www.jzzmade.com\/\"},{\"@type\":\"ListItem\",\"position\":2,\"name\":\"Development History\"}]},{\"@type\":\"WebSite\",\"@id\":\"https:\/\/www.jzzmade.com\/#website\",\"url\":\"https:\/\/www.jzzmade.com\/\",\"name\":\"shandong Jzz Made Co.\uff0cLtd.\",\"description\":\"\",\"publisher\":{\"@id\":\"https:\/\/www.jzzmade.com\/#organization\"},\"potentialAction\":[{\"@type\":\"SearchAction\",\"target\":{\"@type\":\"EntryPoint\",\"urlTemplate\":\"https:\/\/www.jzzmade.com\/?s={search_term_string}\"},\"query-input\":{\"@type\":\"PropertyValueSpecification\",\"valueRequired\":true,\"valueName\":\"search_term_string\"}}],\"inLanguage\":\"vi\"},{\"@type\":\"Organization\",\"@id\":\"https:\/\/www.jzzmade.com\/#organization\",\"name\":\"shandong Jzz Made Co.\uff0cLtd.\",\"url\":\"https:\/\/www.jzzmade.com\/\",\"logo\":{\"@type\":\"ImageObject\",\"inLanguage\":\"vi\",\"@id\":\"https:\/\/www.jzzmade.com\/#\/schema\/logo\/image\/\",\"url\":\"https:\/\/www.jzzmade.com\/wp-content\/uploads\/2025\/11\/logo.png\",\"contentUrl\":\"https:\/\/www.jzzmade.com\/wp-content\/uploads\/2025\/11\/logo.png\",\"width\":180,\"height\":58,\"caption\":\"shandong Jzz Made Co.\uff0cLtd.\"},\"image\":{\"@id\":\"https:\/\/www.jzzmade.com\/#\/schema\/logo\/image\/\"}}]}<\/script>\n<!-- \/ Yoast SEO Premium plugin. -->","yoast_head_json":{"title":"L\u1ecbch s\u1eed ph\u00e1t tri\u1ec3n - C\u00f4ng ty TNHH Shandong Jzz Made.","robots":{"index":"index","follow":"follow","max-snippet":"max-snippet:-1","max-image-preview":"max-image-preview:large","max-video-preview":"max-video-preview:-1"},"canonical":"https:\/\/www.jzzmade.com\/vi\/lich-su-phat-trien\/","og_locale":"vi_VN","og_type":"article","og_title":"Development History","og_description":"Our History Corporate Positioning &amp; Core Business Shandong Jinzhongzhao is a professional Chinese enterprise focusing on R&amp;D, production and integrated solutions for plastic steel sheet piles and PVC sheet piles. With years of industry experience, it aims to provide high-performance, eco-friendly engineering materials, offering quality products and technical support for water conservancy, municipal and environmental [&hellip;]","og_url":"https:\/\/www.jzzmade.com\/vi\/lich-su-phat-trien\/","og_site_name":"shandong Jzz Made Co.\uff0cLtd.","article_modified_time":"2026-01-30T03:44:36+00:00","twitter_card":"summary_large_image","twitter_misc":{"\u01af\u1edbc t\u00ednh th\u1eddi gian \u0111\u1ecdc":"2 ph\u00fat"},"schema":{"@context":"https:\/\/schema.org","@graph":[{"@type":"WebPage","@id":"https:\/\/www.jzzmade.com\/development-history\/","url":"https:\/\/www.jzzmade.com\/development-history\/","name":"L\u1ecbch s\u1eed ph\u00e1t tri\u1ec3n - C\u00f4ng ty TNHH Shandong Jzz Made.","isPartOf":{"@id":"https:\/\/www.jzzmade.com\/#website"},"datePublished":"2025-11-12T06:53:14+00:00","dateModified":"2026-01-30T03:44:36+00:00","breadcrumb":{"@id":"https:\/\/www.jzzmade.com\/development-history\/#breadcrumb"},"inLanguage":"vi","potentialAction":[{"@type":"ReadAction","target":["https:\/\/www.jzzmade.com\/development-history\/"]}]},{"@type":"BreadcrumbList","@id":"https:\/\/www.jzzmade.com\/development-history\/#breadcrumb","itemListElement":[{"@type":"ListItem","position":1,"name":"Home","item":"https:\/\/www.jzzmade.com\/"},{"@type":"ListItem","position":2,"name":"Development History"}]},{"@type":"WebSite","@id":"https:\/\/www.jzzmade.com\/#website","url":"https:\/\/www.jzzmade.com\/","name":"C\u00f4ng ty TNHH Shandong Jzz Made.","description":"","publisher":{"@id":"https:\/\/www.jzzmade.com\/#organization"},"potentialAction":[{"@type":"SearchAction","target":{"@type":"EntryPoint","urlTemplate":"https:\/\/www.jzzmade.com\/?s={search_term_string}"},"query-input":{"@type":"PropertyValueSpecification","valueRequired":true,"valueName":"search_term_string"}}],"inLanguage":"vi"},{"@type":"Organization","@id":"https:\/\/www.jzzmade.com\/#organization","name":"C\u00f4ng ty TNHH Shandong Jzz Made.","url":"https:\/\/www.jzzmade.com\/","logo":{"@type":"ImageObject","inLanguage":"vi","@id":"https:\/\/www.jzzmade.com\/#\/schema\/logo\/image\/","url":"https:\/\/www.jzzmade.com\/wp-content\/uploads\/2025\/11\/logo.png","contentUrl":"https:\/\/www.jzzmade.com\/wp-content\/uploads\/2025\/11\/logo.png","width":180,"height":58,"caption":"shandong Jzz Made Co.\uff0cLtd."},"image":{"@id":"https:\/\/www.jzzmade.com\/#\/schema\/logo\/image\/"}}]}},"_hostinger_reach_plugin_has_subscription_block":false,"_hostinger_reach_plugin_is_elementor":false,"_links":{"self":[{"href":"https:\/\/www.jzzmade.com\/vi\/wp-json\/wp\/v2\/pages\/79","targetHints":{"allow":["GET"]}}],"collection":[{"href":"https:\/\/www.jzzmade.com\/vi\/wp-json\/wp\/v2\/pages"}],"about":[{"href":"https:\/\/www.jzzmade.com\/vi\/wp-json\/wp\/v2\/types\/page"}],"author":[{"embeddable":true,"href":"https:\/\/www.jzzmade.com\/vi\/wp-json\/wp\/v2\/users\/1"}],"replies":[{"embeddable":true,"href":"https:\/\/www.jzzmade.com\/vi\/wp-json\/wp\/v2\/comments?post=79"}],"version-history":[{"count":19,"href":"https:\/\/www.jzzmade.com\/vi\/wp-json\/wp\/v2\/pages\/79\/revisions"}],"predecessor-version":[{"id":1688,"href":"https:\/\/www.jzzmade.com\/vi\/wp-json\/wp\/v2\/pages\/79\/revisions\/1688"}],"wp:attachment":[{"href":"https:\/\/www.jzzmade.com\/vi\/wp-json\/wp\/v2\/media?parent=79"}],"curies":[{"name":"wp","href":"https:\/\/api.w.org\/{rel}","templated":true}]}}