{"id":1518,"date":"2025-12-31T10:08:53","date_gmt":"2025-12-31T02:08:53","guid":{"rendered":"https:\/\/www.jzzmade.com\/?post_type=product&#038;p=1518"},"modified":"2026-01-05T10:09:17","modified_gmt":"2026-01-05T02:09:17","slug":"estacas-pranchas-em-aco-ecoformado-material-especializado-a-prova-de-fugas-e-resistente-ao-impacto-para-resposta-a-emergencias-de-gestao-urbana","status":"publish","type":"product","link":"https:\/\/www.jzzmade.com\/pt\/produto\/estacas-pranchas-em-aco-ecoformado-material-especializado-a-prova-de-fugas-e-resistente-ao-impacto-para-resposta-a-emergencias-de-gestao-urbana\/","title":{"rendered":"Estacas de chapa de a\u00e7o ecoformadas Material especializado \u00e0 prova de fugas e resistente ao impacto para gest\u00e3o urbana\/resposta a emerg\u00eancias"},"content":{"rendered":"<p>As estacas-pranchas de pl\u00e1stico, fabricadas a partir de materiais comp\u00f3sitos de pol\u00edmeros de primeira qualidade, representam uma atualiza\u00e7\u00e3o superior \u00e0s estacas tradicionais de a\u00e7o e bet\u00e3o. Adaptadas \u00e0s exig\u00eancias fundamentais da engenharia moderna de constru\u00e7\u00e3o eficiente, sustentabilidade ambiental e seguran\u00e7a, proporcionam um desempenho excecional.<\/p>\n<p>Fabricadas utilizando a tecnologia de moldagem por extrus\u00e3o integrada l\u00edder da ind\u00fastria com um controlo de qualidade rigoroso, estas estacas-pranchas garantem dimens\u00f5es precisas e uma textura uniforme. Apesar da sua constru\u00e7\u00e3o leve (pesando apenas cerca de 1\/6 das estacas-pranchas de a\u00e7o equivalentes), apresentam propriedades mec\u00e2nicas robustas. A capacidade de carga individual das estacas, a resist\u00eancia \u00e0 flex\u00e3o lateral e a resist\u00eancia ao impacto cumprem totalmente as especifica\u00e7\u00f5es de engenharia nacionais, proporcionando um suporte est\u00e1vel para diversas condi\u00e7\u00f5es complexas.<\/p>\n<p>Com uma estrutura modular de encravamento multidirecional \u00fanica, as interliga\u00e7\u00f5es atingem uma elevada precis\u00e3o. A instala\u00e7\u00e3o n\u00e3o requer equipamento de eleva\u00e7\u00e3o pesado - apenas trabalho manual com pequenas m\u00e1quinas permite uma montagem r\u00e1pida, reduzindo significativamente as restri\u00e7\u00f5es do local e o investimento em equipamento. O muro de conten\u00e7\u00e3o cont\u00ednuo formado ap\u00f3s a montagem apresenta propriedades de veda\u00e7\u00e3o excepcionais, com um coeficiente de infiltra\u00e7\u00e3o muito superior aos materiais de conten\u00e7\u00e3o tradicionais. Isto evita eficazmente as fugas de \u00e1gua subterr\u00e2nea e os riscos de tubagem, salvaguardando a integridade da funda\u00e7\u00e3o do projeto. N\u00e3o necessitando de qualquer tratamento anti-corros\u00e3o ao longo da sua vida \u00fatil, apresenta uma excelente resist\u00eancia \u00e0s intemp\u00e9ries e \u00e0 corros\u00e3o. Adapta-se sem esfor\u00e7o a ambientes adversos, como zonas costeiras de nevoeiro salino, solos salino-alcalinos e \u00e1reas polu\u00eddas por produtos qu\u00edmicos. Suporta temperaturas extremas de -40\u00b0C a 60\u00b0C, permanecendo sem corros\u00e3o, sem fissuras, resistente \u00e0s intemp\u00e9ries e n\u00e3o envelhece durante uma utiliza\u00e7\u00e3o prolongada. Com uma vida \u00fatil superior a 50 anos, reduz substancialmente os custos de manuten\u00e7\u00e3o a longo prazo e a frequ\u00eancia de substitui\u00e7\u00e3o.<\/p>\n<p>Todo o processo de constru\u00e7\u00e3o elimina a necessidade de soldadura a quente, coloca\u00e7\u00e3o de bet\u00e3o e longos ciclos de cura. O fluxo de trabalho optimizado n\u00e3o s\u00f3 reduz o tempo de constru\u00e7\u00e3o em mais de 30%, como tamb\u00e9m reduz significativamente os custos de m\u00e3o de obra e de equipamento. Evita completamente os riscos de seguran\u00e7a associados aos m\u00e9todos de constru\u00e7\u00e3o tradicionais, como as opera\u00e7\u00f5es de trabalho a quente e a cura do bet\u00e3o, aumentando a seguran\u00e7a da constru\u00e7\u00e3o no local.<\/p>\n<p>Amplamente aplic\u00e1vel em diversos cen\u00e1rios de engenharia, incluindo o suporte de po\u00e7os de funda\u00e7\u00e3o, a constru\u00e7\u00e3o de t\u00faneis subterr\u00e2neos para servi\u00e7os p\u00fablicos, a gest\u00e3o de canais fluviais, a melhoria da prote\u00e7\u00e3o ecol\u00f3gica das margens, a remedia\u00e7\u00e3o de massas de \u00e1gua negra e odor\u00edfera urbanas, o controlo de inunda\u00e7\u00f5es de emerg\u00eancia e o al\u00edvio de cat\u00e1strofes, e o refor\u00e7o de canais de irriga\u00e7\u00e3o\/drenagem agr\u00edcolas. Atinge simultaneamente v\u00e1rios objectivos principais: apoio e refor\u00e7o estrutural, impermeabiliza\u00e7\u00e3o e controlo de infiltra\u00e7\u00f5es, e prote\u00e7\u00e3o ecol\u00f3gica.<\/p>\n<p>O processo de produ\u00e7\u00e3o utiliza uma tecnologia de baixo carbono com um consumo m\u00ednimo de energia e zero emiss\u00f5es poluentes. O produto \u00e9 100% recicl\u00e1vel e reprocess\u00e1vel em fim de vida, sem deixar res\u00edduos ou polui\u00e7\u00e3o. Isto alinha-se perfeitamente com as actuais pr\u00e1ticas de constru\u00e7\u00e3o ecol\u00f3gica e com a filosofia de desenvolvimento \u201cdual carbon\u201d, fornecendo uma solu\u00e7\u00e3o de apoio \u00fanica que combina seguran\u00e7a, efici\u00eancia, economia e sustentabilidade ambiental para diversos projectos de engenharia.<\/p>","protected":false},"excerpt":{"rendered":"<p>Este produto \u00e9 uma alternativa de qualidade superior aos materiais de escoramento tradicionais - estacas-pranchas de a\u00e7o pl\u00e1sticas - concebida para satisfazer as exig\u00eancias da engenharia moderna em termos de efici\u00eancia, sustentabilidade ambiental e seguran\u00e7a. Fabricada com recurso a uma tecnologia avan\u00e7ada de extrus\u00e3o integrada, oferece uma constru\u00e7\u00e3o leve (apenas 1\/6 do peso das estacas-pranchas de a\u00e7o com especifica\u00e7\u00f5es equivalentes), ao mesmo tempo que proporciona propriedades mec\u00e2nicas robustas em conformidade com as normas nacionais. A sua estrutura modular de encaixe permite uma instala\u00e7\u00e3o f\u00e1cil sem equipamento pesado, garantindo uma excelente veda\u00e7\u00e3o e impermeabiliza\u00e7\u00e3o das paredes de escoramento. Resistente \u00e0s intemp\u00e9ries e \u00e0 corros\u00e3o, suporta ambientes agressivos e climas extremos, n\u00e3o necessita de tratamento anti-corros\u00e3o e tem uma vida \u00fatil superior a 50 anos. A constru\u00e7\u00e3o elimina a necessidade de trabalhos de soldadura a quente ou de coloca\u00e7\u00e3o de bet\u00e3o, garantindo uma elevada efici\u00eancia, seguran\u00e7a e custos mais baixos. Amplamente aplic\u00e1vel em projectos como o suporte de po\u00e7os de funda\u00e7\u00e3o e a gest\u00e3o de canais fluviais, atinge m\u00faltiplos objectivos, incluindo o refor\u00e7o do suporte, a preven\u00e7\u00e3o de infiltra\u00e7\u00f5es e a impermeabiliza\u00e7\u00e3o. O produto \u00e9 fabricado com materiais de baixo carbono, amigos do ambiente e recicl\u00e1veis, alinhando-se com a engenharia verde e os conceitos de \u201ccarbono duplo\u201d, proporcionando uma solu\u00e7\u00e3o de apoio \u00fanica.<\/p>","protected":false},"featured_media":1384,"comment_status":"open","ping_status":"closed","template":"","meta":[],"product_brand":[],"product_cat":[29],"product_tag":[],"class_list":{"0":"post-1518","1":"product","2":"type-product","3":"status-publish","4":"has-post-thumbnail","6":"product_cat-plastic-steel-sheet-piles","8":"first","9":"instock","10":"shipping-taxable","11":"product-type-simple"},"yoast_head":"<!-- This site is optimized with the Yoast SEO Premium plugin v26.4 (Yoast SEO v26.9) - https:\/\/yoast.com\/product\/yoast-seo-premium-wordpress\/ -->\n<title>Eco-Formed Steel Sheet Piles Leak-Proof and Impact-Resistant Specialized Material for Urban Management\/Emergency Response - shandong Jzz Made Co.\uff0cLtd.<\/title>\n<meta name=\"robots\" content=\"index, follow, max-snippet:-1, max-image-preview:large, max-video-preview:-1\" \/>\n<link rel=\"canonical\" href=\"https:\/\/www.jzzmade.com\/pt\/produto\/estacas-pranchas-em-aco-ecoformado-material-especializado-a-prova-de-fugas-e-resistente-ao-impacto-para-resposta-a-emergencias-de-gestao-urbana\/\" \/>\n<meta property=\"og:locale\" content=\"pt_PT\" \/>\n<meta property=\"og:type\" content=\"article\" \/>\n<meta property=\"og:title\" content=\"Eco-Formed Steel Sheet Piles Leak-Proof and Impact-Resistant Specialized Material for Urban Management\/Emergency Response\" \/>\n<meta property=\"og:description\" content=\"This product is a premium upgraded alternative to traditional shoring materials\u2014plastic steel sheet piles\u2014designed to meet modern engineering demands for efficiency, environmental sustainability, and safety. Manufactured using advanced integrated extrusion technology, it offers lightweight construction (only 1\/6 the weight of steel sheet piles of equivalent specifications) while delivering robust mechanical properties compliant with national standards. Its modular interlocking structure enables easy installation without heavy equipment, ensuring excellent sealing and waterproofing for shoring walls. Weather-resistant and corrosion-resistant, it withstands harsh environments and extreme climates, requires no anti-corrosion treatment, and boasts a service life exceeding 50 years. Construction eliminates the need for hot work welding or concrete pouring, ensuring high efficiency, safety, and lower costs. Widely applicable in projects such as foundation pit support and river channel management, it achieves multiple objectives including support reinforcement, seepage prevention, and waterproofing. The product is manufactured with low-carbon, environmentally friendly, and recyclable materials, aligning with green engineering and \u201cdual carbon\u201d concepts, providing a one-stop support solution.\" \/>\n<meta property=\"og:url\" content=\"https:\/\/www.jzzmade.com\/pt\/produto\/estacas-pranchas-em-aco-ecoformado-material-especializado-a-prova-de-fugas-e-resistente-ao-impacto-para-resposta-a-emergencias-de-gestao-urbana\/\" \/>\n<meta property=\"og:site_name\" content=\"shandong Jzz Made Co.\uff0cLtd.\" \/>\n<meta property=\"article:modified_time\" content=\"2026-01-05T02:09:17+00:00\" \/>\n<meta property=\"og:image\" content=\"https:\/\/www.jzzmade.com\/wp-content\/uploads\/2025\/11\/42.jpg\" \/>\n\t<meta property=\"og:image:width\" content=\"1000\" \/>\n\t<meta property=\"og:image:height\" content=\"1000\" \/>\n\t<meta property=\"og:image:type\" content=\"image\/jpeg\" \/>\n<meta name=\"twitter:card\" content=\"summary_large_image\" \/>\n<meta name=\"twitter:label1\" content=\"Tempo estimado de leitura\" \/>\n\t<meta name=\"twitter:data1\" content=\"2 minutos\" \/>\n<script type=\"application\/ld+json\" class=\"yoast-schema-graph\">{\"@context\":\"https:\/\/schema.org\",\"@graph\":[{\"@type\":\"WebPage\",\"@id\":\"https:\/\/www.jzzmade.com\/product\/eco-formed-steel-sheet-piles-leak-proof-and-impact-resistant-specialized-material-for-urban-management-emergency-response\/\",\"url\":\"https:\/\/www.jzzmade.com\/product\/eco-formed-steel-sheet-piles-leak-proof-and-impact-resistant-specialized-material-for-urban-management-emergency-response\/\",\"name\":\"Eco-Formed Steel Sheet Piles Leak-Proof and Impact-Resistant Specialized Material for Urban Management\/Emergency Response - shandong Jzz Made Co.\uff0cLtd.\",\"isPartOf\":{\"@id\":\"https:\/\/www.jzzmade.com\/#website\"},\"primaryImageOfPage\":{\"@id\":\"https:\/\/www.jzzmade.com\/product\/eco-formed-steel-sheet-piles-leak-proof-and-impact-resistant-specialized-material-for-urban-management-emergency-response\/#primaryimage\"},\"image\":{\"@id\":\"https:\/\/www.jzzmade.com\/product\/eco-formed-steel-sheet-piles-leak-proof-and-impact-resistant-specialized-material-for-urban-management-emergency-response\/#primaryimage\"},\"thumbnailUrl\":\"https:\/\/www.jzzmade.com\/wp-content\/uploads\/2025\/11\/42.jpg\",\"datePublished\":\"2025-12-31T02:08:53+00:00\",\"dateModified\":\"2026-01-05T02:09:17+00:00\",\"breadcrumb\":{\"@id\":\"https:\/\/www.jzzmade.com\/product\/eco-formed-steel-sheet-piles-leak-proof-and-impact-resistant-specialized-material-for-urban-management-emergency-response\/#breadcrumb\"},\"inLanguage\":\"pt-PT\",\"potentialAction\":[{\"@type\":\"ReadAction\",\"target\":[\"https:\/\/www.jzzmade.com\/product\/eco-formed-steel-sheet-piles-leak-proof-and-impact-resistant-specialized-material-for-urban-management-emergency-response\/\"]}]},{\"@type\":\"ImageObject\",\"inLanguage\":\"pt-PT\",\"@id\":\"https:\/\/www.jzzmade.com\/product\/eco-formed-steel-sheet-piles-leak-proof-and-impact-resistant-specialized-material-for-urban-management-emergency-response\/#primaryimage\",\"url\":\"https:\/\/www.jzzmade.com\/wp-content\/uploads\/2025\/11\/42.jpg\",\"contentUrl\":\"https:\/\/www.jzzmade.com\/wp-content\/uploads\/2025\/11\/42.jpg\",\"width\":1000,\"height\":1000},{\"@type\":\"BreadcrumbList\",\"@id\":\"https:\/\/www.jzzmade.com\/product\/eco-formed-steel-sheet-piles-leak-proof-and-impact-resistant-specialized-material-for-urban-management-emergency-response\/#breadcrumb\",\"itemListElement\":[{\"@type\":\"ListItem\",\"position\":1,\"name\":\"Home\",\"item\":\"https:\/\/www.jzzmade.com\/\"},{\"@type\":\"ListItem\",\"position\":2,\"name\":\"Products\",\"item\":\"https:\/\/www.jzzmade.com\/products\/\"},{\"@type\":\"ListItem\",\"position\":3,\"name\":\"Eco-Formed Steel Sheet Piles Leak-Proof and Impact-Resistant Specialized Material for Urban Management\/Emergency Response\"}]},{\"@type\":\"WebSite\",\"@id\":\"https:\/\/www.jzzmade.com\/#website\",\"url\":\"https:\/\/www.jzzmade.com\/\",\"name\":\"shandong Jzz Made Co.\uff0cLtd.\",\"description\":\"\",\"publisher\":{\"@id\":\"https:\/\/www.jzzmade.com\/#organization\"},\"potentialAction\":[{\"@type\":\"SearchAction\",\"target\":{\"@type\":\"EntryPoint\",\"urlTemplate\":\"https:\/\/www.jzzmade.com\/?s={search_term_string}\"},\"query-input\":{\"@type\":\"PropertyValueSpecification\",\"valueRequired\":true,\"valueName\":\"search_term_string\"}}],\"inLanguage\":\"pt-PT\"},{\"@type\":\"Organization\",\"@id\":\"https:\/\/www.jzzmade.com\/#organization\",\"name\":\"shandong Jzz Made Co.\uff0cLtd.\",\"url\":\"https:\/\/www.jzzmade.com\/\",\"logo\":{\"@type\":\"ImageObject\",\"inLanguage\":\"pt-PT\",\"@id\":\"https:\/\/www.jzzmade.com\/#\/schema\/logo\/image\/\",\"url\":\"https:\/\/www.jzzmade.com\/wp-content\/uploads\/2025\/11\/logo.png\",\"contentUrl\":\"https:\/\/www.jzzmade.com\/wp-content\/uploads\/2025\/11\/logo.png\",\"width\":180,\"height\":58,\"caption\":\"shandong Jzz Made Co.\uff0cLtd.\"},\"image\":{\"@id\":\"https:\/\/www.jzzmade.com\/#\/schema\/logo\/image\/\"}}]}<\/script>\n<!-- \/ Yoast SEO Premium plugin. -->","yoast_head_json":{"title":"Estacas de chapa de a\u00e7o eco-formadas Material especializado \u00e0 prova de vazamentos e resistente a impactos para gerenciamento urbano \/ resposta a emerg\u00eancias - shandong Jzz Made Co.\uff0cLtd.","robots":{"index":"index","follow":"follow","max-snippet":"max-snippet:-1","max-image-preview":"max-image-preview:large","max-video-preview":"max-video-preview:-1"},"canonical":"https:\/\/www.jzzmade.com\/pt\/produto\/estacas-pranchas-em-aco-ecoformado-material-especializado-a-prova-de-fugas-e-resistente-ao-impacto-para-resposta-a-emergencias-de-gestao-urbana\/","og_locale":"pt_PT","og_type":"article","og_title":"Eco-Formed Steel Sheet Piles Leak-Proof and Impact-Resistant Specialized Material for Urban Management\/Emergency Response","og_description":"This product is a premium upgraded alternative to traditional shoring materials\u2014plastic steel sheet piles\u2014designed to meet modern engineering demands for efficiency, environmental sustainability, and safety. Manufactured using advanced integrated extrusion technology, it offers lightweight construction (only 1\/6 the weight of steel sheet piles of equivalent specifications) while delivering robust mechanical properties compliant with national standards. Its modular interlocking structure enables easy installation without heavy equipment, ensuring excellent sealing and waterproofing for shoring walls. Weather-resistant and corrosion-resistant, it withstands harsh environments and extreme climates, requires no anti-corrosion treatment, and boasts a service life exceeding 50 years. Construction eliminates the need for hot work welding or concrete pouring, ensuring high efficiency, safety, and lower costs. Widely applicable in projects such as foundation pit support and river channel management, it achieves multiple objectives including support reinforcement, seepage prevention, and waterproofing. The product is manufactured with low-carbon, environmentally friendly, and recyclable materials, aligning with green engineering and \u201cdual carbon\u201d concepts, providing a one-stop support solution.","og_url":"https:\/\/www.jzzmade.com\/pt\/produto\/estacas-pranchas-em-aco-ecoformado-material-especializado-a-prova-de-fugas-e-resistente-ao-impacto-para-resposta-a-emergencias-de-gestao-urbana\/","og_site_name":"shandong Jzz Made Co.\uff0cLtd.","article_modified_time":"2026-01-05T02:09:17+00:00","og_image":[{"width":1000,"height":1000,"url":"https:\/\/www.jzzmade.com\/wp-content\/uploads\/2025\/11\/42.jpg","type":"image\/jpeg"}],"twitter_card":"summary_large_image","twitter_misc":{"Tempo estimado de leitura":"2 minutos"},"schema":{"@context":"https:\/\/schema.org","@graph":[{"@type":"WebPage","@id":"https:\/\/www.jzzmade.com\/product\/eco-formed-steel-sheet-piles-leak-proof-and-impact-resistant-specialized-material-for-urban-management-emergency-response\/","url":"https:\/\/www.jzzmade.com\/product\/eco-formed-steel-sheet-piles-leak-proof-and-impact-resistant-specialized-material-for-urban-management-emergency-response\/","name":"Estacas de chapa de a\u00e7o eco-formadas Material especializado \u00e0 prova de vazamentos e resistente a impactos para gerenciamento urbano \/ resposta a emerg\u00eancias - shandong Jzz Made Co.\uff0cLtd.","isPartOf":{"@id":"https:\/\/www.jzzmade.com\/#website"},"primaryImageOfPage":{"@id":"https:\/\/www.jzzmade.com\/product\/eco-formed-steel-sheet-piles-leak-proof-and-impact-resistant-specialized-material-for-urban-management-emergency-response\/#primaryimage"},"image":{"@id":"https:\/\/www.jzzmade.com\/product\/eco-formed-steel-sheet-piles-leak-proof-and-impact-resistant-specialized-material-for-urban-management-emergency-response\/#primaryimage"},"thumbnailUrl":"https:\/\/www.jzzmade.com\/wp-content\/uploads\/2025\/11\/42.jpg","datePublished":"2025-12-31T02:08:53+00:00","dateModified":"2026-01-05T02:09:17+00:00","breadcrumb":{"@id":"https:\/\/www.jzzmade.com\/product\/eco-formed-steel-sheet-piles-leak-proof-and-impact-resistant-specialized-material-for-urban-management-emergency-response\/#breadcrumb"},"inLanguage":"pt-PT","potentialAction":[{"@type":"ReadAction","target":["https:\/\/www.jzzmade.com\/product\/eco-formed-steel-sheet-piles-leak-proof-and-impact-resistant-specialized-material-for-urban-management-emergency-response\/"]}]},{"@type":"ImageObject","inLanguage":"pt-PT","@id":"https:\/\/www.jzzmade.com\/product\/eco-formed-steel-sheet-piles-leak-proof-and-impact-resistant-specialized-material-for-urban-management-emergency-response\/#primaryimage","url":"https:\/\/www.jzzmade.com\/wp-content\/uploads\/2025\/11\/42.jpg","contentUrl":"https:\/\/www.jzzmade.com\/wp-content\/uploads\/2025\/11\/42.jpg","width":1000,"height":1000},{"@type":"BreadcrumbList","@id":"https:\/\/www.jzzmade.com\/product\/eco-formed-steel-sheet-piles-leak-proof-and-impact-resistant-specialized-material-for-urban-management-emergency-response\/#breadcrumb","itemListElement":[{"@type":"ListItem","position":1,"name":"Home","item":"https:\/\/www.jzzmade.com\/"},{"@type":"ListItem","position":2,"name":"Products","item":"https:\/\/www.jzzmade.com\/products\/"},{"@type":"ListItem","position":3,"name":"Eco-Formed Steel Sheet Piles Leak-Proof and Impact-Resistant Specialized Material for Urban Management\/Emergency Response"}]},{"@type":"WebSite","@id":"https:\/\/www.jzzmade.com\/#website","url":"https:\/\/www.jzzmade.com\/","name":"shandong Jzz Made Co.\uff0cLtd.","description":"","publisher":{"@id":"https:\/\/www.jzzmade.com\/#organization"},"potentialAction":[{"@type":"SearchAction","target":{"@type":"EntryPoint","urlTemplate":"https:\/\/www.jzzmade.com\/?s={search_term_string}"},"query-input":{"@type":"PropertyValueSpecification","valueRequired":true,"valueName":"search_term_string"}}],"inLanguage":"pt-PT"},{"@type":"Organization","@id":"https:\/\/www.jzzmade.com\/#organization","name":"shandong Jzz Made Co.\uff0cLtd.","url":"https:\/\/www.jzzmade.com\/","logo":{"@type":"ImageObject","inLanguage":"pt-PT","@id":"https:\/\/www.jzzmade.com\/#\/schema\/logo\/image\/","url":"https:\/\/www.jzzmade.com\/wp-content\/uploads\/2025\/11\/logo.png","contentUrl":"https:\/\/www.jzzmade.com\/wp-content\/uploads\/2025\/11\/logo.png","width":180,"height":58,"caption":"shandong Jzz Made Co.\uff0cLtd."},"image":{"@id":"https:\/\/www.jzzmade.com\/#\/schema\/logo\/image\/"}}]}},"_links":{"self":[{"href":"https:\/\/www.jzzmade.com\/pt\/wp-json\/wp\/v2\/product\/1518","targetHints":{"allow":["GET"]}}],"collection":[{"href":"https:\/\/www.jzzmade.com\/pt\/wp-json\/wp\/v2\/product"}],"about":[{"href":"https:\/\/www.jzzmade.com\/pt\/wp-json\/wp\/v2\/types\/product"}],"replies":[{"embeddable":true,"href":"https:\/\/www.jzzmade.com\/pt\/wp-json\/wp\/v2\/comments?post=1518"}],"wp:featuredmedia":[{"embeddable":true,"href":"https:\/\/www.jzzmade.com\/pt\/wp-json\/wp\/v2\/media\/1384"}],"wp:attachment":[{"href":"https:\/\/www.jzzmade.com\/pt\/wp-json\/wp\/v2\/media?parent=1518"}],"wp:term":[{"taxonomy":"product_brand","embeddable":true,"href":"https:\/\/www.jzzmade.com\/pt\/wp-json\/wp\/v2\/product_brand?post=1518"},{"taxonomy":"product_cat","embeddable":true,"href":"https:\/\/www.jzzmade.com\/pt\/wp-json\/wp\/v2\/product_cat?post=1518"},{"taxonomy":"product_tag","embeddable":true,"href":"https:\/\/www.jzzmade.com\/pt\/wp-json\/wp\/v2\/product_tag?post=1518"}],"curies":[{"name":"wp","href":"https:\/\/api.w.org\/{rel}","templated":true}]}}