{"id":1584,"date":"2026-01-15T14:26:18","date_gmt":"2026-01-15T06:26:18","guid":{"rendered":"https:\/\/www.jzzmade.com\/?post_type=product&#038;p=1584"},"modified":"2026-02-04T16:02:19","modified_gmt":"2026-02-04T08:02:19","slug":"1584","status":"publish","type":"product","link":"https:\/\/www.jzzmade.com\/es\/producto\/1584\/","title":{"rendered":"Compuesto de PVC flexible transparente"},"content":{"rendered":"<div data-page-id=\"F3ZifaQGydyb0jc2eiDcO7Acnth\" data-lark-html-role=\"root\" data-docx-has-block-data=\"false\">\n<div class=\"ace-line ace-line old-record-id-Tz26fEfALd7WzUcod0Nc2T4znjW\">\n<div data-page-id=\"A06OfsBHEdjjkQceKnJcZDKxnSc\" data-lark-html-role=\"root\" data-docx-has-block-data=\"false\">\n<div class=\"ace-line ace-line old-record-id-WpRIfT7tQdZkNjcfWESc93lAnvh\">El compuesto de PVC flexible transparente es un material compuesto cristalino de alto rendimiento con flexibilidad ajustable y dureza Shore personalizable. Ofrece una transparencia y una transmisi\u00f3n de la luz excelentes, junto con una resistencia fiable a la corrosi\u00f3n, el desgaste y el envejecimiento, as\u00ed como un buen aislamiento el\u00e9ctrico y propiedades de conformado estables para los procesos de extrusi\u00f3n, calandrado y moldeo por inyecci\u00f3n. Rentable y adaptable a condiciones de trabajo duras, como entornos h\u00famedos y de contacto con productos qu\u00edmicos, se utiliza ampliamente en mangueras transparentes, fundas protectoras, accesorios m\u00e9dicos, envasado de alimentos, piezas transparentes de automoci\u00f3n y diversos componentes transparentes extruidos\/moldeados a medida.<\/div>\n<\/div>\n<\/div>\n<div class=\"ace-line ace-line old-record-id-AKUxfNS6ldZYEtcsXEfcxUoxnBg\"><\/div>\n<\/div>","protected":false},"excerpt":{"rendered":"<p>Flexible Transparent PVC Compound is a high-performance, crystal-clear composite material with adjustable flexibility and customizable Shore hardness. It offers excellent transparency and light transmittance, paired with reliable corrosion, wear and aging resistance, as well as good electrical insulation and stable forming properties for extrusion, calendering and injection molding processes. Cost-effective and adaptable to harsh working [&hellip;]<\/p>","protected":false},"featured_media":1810,"comment_status":"open","ping_status":"closed","template":"","meta":[],"product_brand":[],"product_cat":[44,28],"product_tag":[74],"class_list":{"0":"post-1584","1":"product","2":"type-product","3":"status-publish","4":"has-post-thumbnail","6":"product_cat-flexible-transparent-pvc-compound","7":"product_cat-pvc-pellets","8":"product_tag-flexible-transparent-pvc-compound","10":"first","11":"instock","12":"shipping-taxable","13":"product-type-simple"},"yoast_head":"<!-- This site is optimized with the Yoast SEO Premium plugin v26.4 (Yoast SEO v26.9) - https:\/\/yoast.com\/product\/yoast-seo-premium-wordpress\/ -->\n<title>Flexible Transparent PVC Compound - shandong Jzz Made Co.\uff0cLtd.<\/title>\n<meta name=\"robots\" content=\"index, follow, max-snippet:-1, max-image-preview:large, max-video-preview:-1\" \/>\n<link rel=\"canonical\" href=\"https:\/\/www.jzzmade.com\/es\/producto\/1584\/\" \/>\n<meta property=\"og:locale\" content=\"es_ES\" \/>\n<meta property=\"og:type\" content=\"article\" \/>\n<meta property=\"og:title\" content=\"Flexible Transparent PVC Compound\" \/>\n<meta property=\"og:description\" content=\"Flexible Transparent PVC Compound is a high-performance, crystal-clear composite material with adjustable flexibility and customizable Shore hardness. It offers excellent transparency and light transmittance, paired with reliable corrosion, wear and aging resistance, as well as good electrical insulation and stable forming properties for extrusion, calendering and injection molding processes. Cost-effective and adaptable to harsh working [&hellip;]\" \/>\n<meta property=\"og:url\" content=\"https:\/\/www.jzzmade.com\/es\/producto\/1584\/\" \/>\n<meta property=\"og:site_name\" content=\"shandong Jzz Made Co.\uff0cLtd.\" \/>\n<meta property=\"article:modified_time\" content=\"2026-02-04T08:02:19+00:00\" \/>\n<meta property=\"og:image\" content=\"https:\/\/www.jzzmade.com\/wp-content\/uploads\/2026\/01\/52ebddcd3a8914c736876c23dde1ccc2.jpg\" \/>\n\t<meta property=\"og:image:width\" content=\"1024\" \/>\n\t<meta property=\"og:image:height\" content=\"901\" \/>\n\t<meta property=\"og:image:type\" content=\"image\/jpeg\" \/>\n<meta name=\"twitter:card\" content=\"summary_large_image\" \/>\n<meta name=\"twitter:label1\" content=\"Tiempo de lectura\" \/>\n\t<meta name=\"twitter:data1\" content=\"1 minuto\" \/>\n<script type=\"application\/ld+json\" class=\"yoast-schema-graph\">{\"@context\":\"https:\/\/schema.org\",\"@graph\":[{\"@type\":\"WebPage\",\"@id\":\"https:\/\/www.jzzmade.com\/product\/1584\/\",\"url\":\"https:\/\/www.jzzmade.com\/product\/1584\/\",\"name\":\"Flexible Transparent PVC Compound - shandong Jzz Made Co.\uff0cLtd.\",\"isPartOf\":{\"@id\":\"https:\/\/www.jzzmade.com\/#website\"},\"primaryImageOfPage\":{\"@id\":\"https:\/\/www.jzzmade.com\/product\/1584\/#primaryimage\"},\"image\":{\"@id\":\"https:\/\/www.jzzmade.com\/product\/1584\/#primaryimage\"},\"thumbnailUrl\":\"https:\/\/www.jzzmade.com\/wp-content\/uploads\/2026\/01\/52ebddcd3a8914c736876c23dde1ccc2.jpg\",\"datePublished\":\"2026-01-15T06:26:18+00:00\",\"dateModified\":\"2026-02-04T08:02:19+00:00\",\"breadcrumb\":{\"@id\":\"https:\/\/www.jzzmade.com\/product\/1584\/#breadcrumb\"},\"inLanguage\":\"es\",\"potentialAction\":[{\"@type\":\"ReadAction\",\"target\":[\"https:\/\/www.jzzmade.com\/product\/1584\/\"]}]},{\"@type\":\"ImageObject\",\"inLanguage\":\"es\",\"@id\":\"https:\/\/www.jzzmade.com\/product\/1584\/#primaryimage\",\"url\":\"https:\/\/www.jzzmade.com\/wp-content\/uploads\/2026\/01\/52ebddcd3a8914c736876c23dde1ccc2.jpg\",\"contentUrl\":\"https:\/\/www.jzzmade.com\/wp-content\/uploads\/2026\/01\/52ebddcd3a8914c736876c23dde1ccc2.jpg\",\"width\":1024,\"height\":901},{\"@type\":\"BreadcrumbList\",\"@id\":\"https:\/\/www.jzzmade.com\/product\/1584\/#breadcrumb\",\"itemListElement\":[{\"@type\":\"ListItem\",\"position\":1,\"name\":\"Home\",\"item\":\"https:\/\/www.jzzmade.com\/\"},{\"@type\":\"ListItem\",\"position\":2,\"name\":\"Products\",\"item\":\"https:\/\/www.jzzmade.com\/products\/\"},{\"@type\":\"ListItem\",\"position\":3,\"name\":\"Flexible Transparent PVC Compound\"}]},{\"@type\":\"WebSite\",\"@id\":\"https:\/\/www.jzzmade.com\/#website\",\"url\":\"https:\/\/www.jzzmade.com\/\",\"name\":\"shandong Jzz Made Co.\uff0cLtd.\",\"description\":\"\",\"publisher\":{\"@id\":\"https:\/\/www.jzzmade.com\/#organization\"},\"potentialAction\":[{\"@type\":\"SearchAction\",\"target\":{\"@type\":\"EntryPoint\",\"urlTemplate\":\"https:\/\/www.jzzmade.com\/?s={search_term_string}\"},\"query-input\":{\"@type\":\"PropertyValueSpecification\",\"valueRequired\":true,\"valueName\":\"search_term_string\"}}],\"inLanguage\":\"es\"},{\"@type\":\"Organization\",\"@id\":\"https:\/\/www.jzzmade.com\/#organization\",\"name\":\"shandong Jzz Made Co.\uff0cLtd.\",\"url\":\"https:\/\/www.jzzmade.com\/\",\"logo\":{\"@type\":\"ImageObject\",\"inLanguage\":\"es\",\"@id\":\"https:\/\/www.jzzmade.com\/#\/schema\/logo\/image\/\",\"url\":\"https:\/\/www.jzzmade.com\/wp-content\/uploads\/2025\/11\/logo.png\",\"contentUrl\":\"https:\/\/www.jzzmade.com\/wp-content\/uploads\/2025\/11\/logo.png\",\"width\":180,\"height\":58,\"caption\":\"shandong Jzz Made Co.\uff0cLtd.\"},\"image\":{\"@id\":\"https:\/\/www.jzzmade.com\/#\/schema\/logo\/image\/\"}}]}<\/script>\n<!-- \/ Yoast SEO Premium plugin. -->","yoast_head_json":{"title":"Compuesto de PVC flexible transparente - shandong Jzz Made Co.\uff0cLtd.","robots":{"index":"index","follow":"follow","max-snippet":"max-snippet:-1","max-image-preview":"max-image-preview:large","max-video-preview":"max-video-preview:-1"},"canonical":"https:\/\/www.jzzmade.com\/es\/producto\/1584\/","og_locale":"es_ES","og_type":"article","og_title":"Flexible Transparent PVC Compound","og_description":"Flexible Transparent PVC Compound is a high-performance, crystal-clear composite material with adjustable flexibility and customizable Shore hardness. It offers excellent transparency and light transmittance, paired with reliable corrosion, wear and aging resistance, as well as good electrical insulation and stable forming properties for extrusion, calendering and injection molding processes. Cost-effective and adaptable to harsh working [&hellip;]","og_url":"https:\/\/www.jzzmade.com\/es\/producto\/1584\/","og_site_name":"shandong Jzz Made Co.\uff0cLtd.","article_modified_time":"2026-02-04T08:02:19+00:00","og_image":[{"width":1024,"height":901,"url":"https:\/\/www.jzzmade.com\/wp-content\/uploads\/2026\/01\/52ebddcd3a8914c736876c23dde1ccc2.jpg","type":"image\/jpeg"}],"twitter_card":"summary_large_image","twitter_misc":{"Tiempo de lectura":"1 minuto"},"schema":{"@context":"https:\/\/schema.org","@graph":[{"@type":"WebPage","@id":"https:\/\/www.jzzmade.com\/product\/1584\/","url":"https:\/\/www.jzzmade.com\/product\/1584\/","name":"Compuesto de PVC flexible transparente - shandong Jzz Made Co.\uff0cLtd.","isPartOf":{"@id":"https:\/\/www.jzzmade.com\/#website"},"primaryImageOfPage":{"@id":"https:\/\/www.jzzmade.com\/product\/1584\/#primaryimage"},"image":{"@id":"https:\/\/www.jzzmade.com\/product\/1584\/#primaryimage"},"thumbnailUrl":"https:\/\/www.jzzmade.com\/wp-content\/uploads\/2026\/01\/52ebddcd3a8914c736876c23dde1ccc2.jpg","datePublished":"2026-01-15T06:26:18+00:00","dateModified":"2026-02-04T08:02:19+00:00","breadcrumb":{"@id":"https:\/\/www.jzzmade.com\/product\/1584\/#breadcrumb"},"inLanguage":"es","potentialAction":[{"@type":"ReadAction","target":["https:\/\/www.jzzmade.com\/product\/1584\/"]}]},{"@type":"ImageObject","inLanguage":"es","@id":"https:\/\/www.jzzmade.com\/product\/1584\/#primaryimage","url":"https:\/\/www.jzzmade.com\/wp-content\/uploads\/2026\/01\/52ebddcd3a8914c736876c23dde1ccc2.jpg","contentUrl":"https:\/\/www.jzzmade.com\/wp-content\/uploads\/2026\/01\/52ebddcd3a8914c736876c23dde1ccc2.jpg","width":1024,"height":901},{"@type":"BreadcrumbList","@id":"https:\/\/www.jzzmade.com\/product\/1584\/#breadcrumb","itemListElement":[{"@type":"ListItem","position":1,"name":"Home","item":"https:\/\/www.jzzmade.com\/"},{"@type":"ListItem","position":2,"name":"Products","item":"https:\/\/www.jzzmade.com\/products\/"},{"@type":"ListItem","position":3,"name":"Flexible Transparent PVC Compound"}]},{"@type":"WebSite","@id":"https:\/\/www.jzzmade.com\/#website","url":"https:\/\/www.jzzmade.com\/","name":"shandong Jzz Made Co.\uff0cLtd.","description":"","publisher":{"@id":"https:\/\/www.jzzmade.com\/#organization"},"potentialAction":[{"@type":"SearchAction","target":{"@type":"EntryPoint","urlTemplate":"https:\/\/www.jzzmade.com\/?s={search_term_string}"},"query-input":{"@type":"PropertyValueSpecification","valueRequired":true,"valueName":"search_term_string"}}],"inLanguage":"es"},{"@type":"Organization","@id":"https:\/\/www.jzzmade.com\/#organization","name":"shandong Jzz Made Co.\uff0cLtd.","url":"https:\/\/www.jzzmade.com\/","logo":{"@type":"ImageObject","inLanguage":"es","@id":"https:\/\/www.jzzmade.com\/#\/schema\/logo\/image\/","url":"https:\/\/www.jzzmade.com\/wp-content\/uploads\/2025\/11\/logo.png","contentUrl":"https:\/\/www.jzzmade.com\/wp-content\/uploads\/2025\/11\/logo.png","width":180,"height":58,"caption":"shandong Jzz Made Co.\uff0cLtd."},"image":{"@id":"https:\/\/www.jzzmade.com\/#\/schema\/logo\/image\/"}}]}},"_links":{"self":[{"href":"https:\/\/www.jzzmade.com\/es\/wp-json\/wp\/v2\/product\/1584","targetHints":{"allow":["GET"]}}],"collection":[{"href":"https:\/\/www.jzzmade.com\/es\/wp-json\/wp\/v2\/product"}],"about":[{"href":"https:\/\/www.jzzmade.com\/es\/wp-json\/wp\/v2\/types\/product"}],"replies":[{"embeddable":true,"href":"https:\/\/www.jzzmade.com\/es\/wp-json\/wp\/v2\/comments?post=1584"}],"wp:featuredmedia":[{"embeddable":true,"href":"https:\/\/www.jzzmade.com\/es\/wp-json\/wp\/v2\/media\/1810"}],"wp:attachment":[{"href":"https:\/\/www.jzzmade.com\/es\/wp-json\/wp\/v2\/media?parent=1584"}],"wp:term":[{"taxonomy":"product_brand","embeddable":true,"href":"https:\/\/www.jzzmade.com\/es\/wp-json\/wp\/v2\/product_brand?post=1584"},{"taxonomy":"product_cat","embeddable":true,"href":"https:\/\/www.jzzmade.com\/es\/wp-json\/wp\/v2\/product_cat?post=1584"},{"taxonomy":"product_tag","embeddable":true,"href":"https:\/\/www.jzzmade.com\/es\/wp-json\/wp\/v2\/product_tag?post=1584"}],"curies":[{"name":"wp","href":"https:\/\/api.w.org\/{rel}","templated":true}]}}