{"id":1508,"date":"2025-12-27T10:35:09","date_gmt":"2025-12-27T02:35:09","guid":{"rendered":"https:\/\/www.jzzmade.com\/?post_type=product&#038;p=1508"},"modified":"2026-02-04T16:32:13","modified_gmt":"2026-02-04T08:32:13","slug":"tablestacas-de-acero-ecoplastico-especializadas-para-el-refuerzo-de-presas","status":"publish","type":"product","link":"https:\/\/www.jzzmade.com\/es\/producto\/tablestacas-de-acero-ecoplastico-especializadas-para-el-refuerzo-de-presas\/","title":{"rendered":"Cantonera de PVC"},"content":{"rendered":"<div data-page-id=\"EuUNf45pfdhHC3c6pxOcYccvnDg\" data-lark-html-role=\"root\" data-docx-has-block-data=\"false\">\n<div class=\"ace-line ace-line old-record-id-YsLqfp4VFdwV19cl4bPcJgcYnue\">El protector de esquinas de PVC es un producto de protecci\u00f3n pr\u00e1ctico y duradero fabricado con material de PVC de alta calidad, dise\u00f1ado para proteger las esquinas de las paredes, los bordes de las puertas y las esquinas de los muebles de los golpes, el desgaste y los da\u00f1os. Se caracteriza por su ligereza, resistencia a la corrosi\u00f3n, resistencia a la humedad y f\u00e1cil instalaci\u00f3n, y est\u00e1 disponible en varios tama\u00f1os, colores y estilos para adaptarse a diferentes escenarios decorativos. Con buena resistencia a los impactos y tenacidad, evita eficazmente que las esquinas se astillen, agrieten y deformen, prolongando la vida \u00fatil de paredes y muebles. Ampliamente utilizado en edificios residenciales y comerciales, hospitales, escuelas y centros industriales, es f\u00e1cil de limpiar y mantener, y constituye una soluci\u00f3n econ\u00f3mica y pr\u00e1ctica para la protecci\u00f3n de esquinas.<\/div>\n<\/div>","protected":false},"excerpt":{"rendered":"<p>Las tablestacas de acero ecopl\u00e1stico especializadas para el refuerzo de diques, desarrolladas espec\u00edficamente para escenarios de protecci\u00f3n de presas, representan una alternativa mejorada a los materiales de refuerzo tradicionales, fortificando la seguridad de los diques con una l\u00ednea de defensa ecol\u00f3gica.<\/p>","protected":false},"featured_media":1817,"comment_status":"open","ping_status":"closed","template":"","meta":[],"product_brand":[],"product_cat":[20,57],"product_tag":[76],"class_list":{"0":"post-1508","1":"product","2":"type-product","3":"status-publish","4":"has-post-thumbnail","6":"product_cat-custom-pvc-profiles","7":"product_cat-pvc-corner-guard","8":"product_tag-pvc-corner-guard","10":"first","11":"instock","12":"shipping-taxable","13":"product-type-simple"},"yoast_head":"<!-- This site is optimized with the Yoast SEO Premium plugin v26.4 (Yoast SEO v26.9) - https:\/\/yoast.com\/product\/yoast-seo-premium-wordpress\/ -->\n<title>PVC Corner Guard - shandong Jzz Made Co.\uff0cLtd.<\/title>\n<meta name=\"robots\" content=\"index, follow, max-snippet:-1, max-image-preview:large, max-video-preview:-1\" \/>\n<link rel=\"canonical\" href=\"https:\/\/www.jzzmade.com\/es\/producto\/tablestacas-de-acero-ecoplastico-especializadas-para-el-refuerzo-de-presas\/\" \/>\n<meta property=\"og:locale\" content=\"es_ES\" \/>\n<meta property=\"og:type\" content=\"article\" \/>\n<meta property=\"og:title\" content=\"PVC Corner Guard\" \/>\n<meta property=\"og:description\" content=\"The specialized eco-plastic steel sheet piles for embankment reinforcement, developed specifically for dam protection scenarios, represent an upgraded alternative to traditional reinforcement materials, fortifying embankment safety with an ecological defense line.\" \/>\n<meta property=\"og:url\" content=\"https:\/\/www.jzzmade.com\/es\/producto\/tablestacas-de-acero-ecoplastico-especializadas-para-el-refuerzo-de-presas\/\" \/>\n<meta property=\"og:site_name\" content=\"shandong Jzz Made Co.\uff0cLtd.\" \/>\n<meta property=\"article:modified_time\" content=\"2026-02-04T08:32:13+00:00\" \/>\n<meta property=\"og:image\" content=\"https:\/\/www.jzzmade.com\/wp-content\/uploads\/2025\/12\/fa0289d6c95871d5c10eeabf62b6be18.jpg\" \/>\n\t<meta property=\"og:image:width\" content=\"1024\" \/>\n\t<meta property=\"og:image:height\" content=\"931\" \/>\n\t<meta property=\"og:image:type\" content=\"image\/jpeg\" \/>\n<meta name=\"twitter:card\" content=\"summary_large_image\" \/>\n<meta name=\"twitter:label1\" content=\"Tiempo de lectura\" \/>\n\t<meta name=\"twitter:data1\" content=\"1 minuto\" \/>\n<script type=\"application\/ld+json\" class=\"yoast-schema-graph\">{\"@context\":\"https:\/\/schema.org\",\"@graph\":[{\"@type\":\"WebPage\",\"@id\":\"https:\/\/www.jzzmade.com\/product\/specialized-eco-plastic-steel-sheet-piles-for-dam-reinforcement\/\",\"url\":\"https:\/\/www.jzzmade.com\/product\/specialized-eco-plastic-steel-sheet-piles-for-dam-reinforcement\/\",\"name\":\"PVC Corner Guard - shandong Jzz Made Co.\uff0cLtd.\",\"isPartOf\":{\"@id\":\"https:\/\/www.jzzmade.com\/#website\"},\"primaryImageOfPage\":{\"@id\":\"https:\/\/www.jzzmade.com\/product\/specialized-eco-plastic-steel-sheet-piles-for-dam-reinforcement\/#primaryimage\"},\"image\":{\"@id\":\"https:\/\/www.jzzmade.com\/product\/specialized-eco-plastic-steel-sheet-piles-for-dam-reinforcement\/#primaryimage\"},\"thumbnailUrl\":\"https:\/\/www.jzzmade.com\/wp-content\/uploads\/2025\/12\/fa0289d6c95871d5c10eeabf62b6be18.jpg\",\"datePublished\":\"2025-12-27T02:35:09+00:00\",\"dateModified\":\"2026-02-04T08:32:13+00:00\",\"breadcrumb\":{\"@id\":\"https:\/\/www.jzzmade.com\/product\/specialized-eco-plastic-steel-sheet-piles-for-dam-reinforcement\/#breadcrumb\"},\"inLanguage\":\"es\",\"potentialAction\":[{\"@type\":\"ReadAction\",\"target\":[\"https:\/\/www.jzzmade.com\/product\/specialized-eco-plastic-steel-sheet-piles-for-dam-reinforcement\/\"]}]},{\"@type\":\"ImageObject\",\"inLanguage\":\"es\",\"@id\":\"https:\/\/www.jzzmade.com\/product\/specialized-eco-plastic-steel-sheet-piles-for-dam-reinforcement\/#primaryimage\",\"url\":\"https:\/\/www.jzzmade.com\/wp-content\/uploads\/2025\/12\/fa0289d6c95871d5c10eeabf62b6be18.jpg\",\"contentUrl\":\"https:\/\/www.jzzmade.com\/wp-content\/uploads\/2025\/12\/fa0289d6c95871d5c10eeabf62b6be18.jpg\",\"width\":1024,\"height\":931},{\"@type\":\"BreadcrumbList\",\"@id\":\"https:\/\/www.jzzmade.com\/product\/specialized-eco-plastic-steel-sheet-piles-for-dam-reinforcement\/#breadcrumb\",\"itemListElement\":[{\"@type\":\"ListItem\",\"position\":1,\"name\":\"Home\",\"item\":\"https:\/\/www.jzzmade.com\/\"},{\"@type\":\"ListItem\",\"position\":2,\"name\":\"Products\",\"item\":\"https:\/\/www.jzzmade.com\/products\/\"},{\"@type\":\"ListItem\",\"position\":3,\"name\":\"PVC Corner Guard\"}]},{\"@type\":\"WebSite\",\"@id\":\"https:\/\/www.jzzmade.com\/#website\",\"url\":\"https:\/\/www.jzzmade.com\/\",\"name\":\"shandong Jzz Made Co.\uff0cLtd.\",\"description\":\"\",\"publisher\":{\"@id\":\"https:\/\/www.jzzmade.com\/#organization\"},\"potentialAction\":[{\"@type\":\"SearchAction\",\"target\":{\"@type\":\"EntryPoint\",\"urlTemplate\":\"https:\/\/www.jzzmade.com\/?s={search_term_string}\"},\"query-input\":{\"@type\":\"PropertyValueSpecification\",\"valueRequired\":true,\"valueName\":\"search_term_string\"}}],\"inLanguage\":\"es\"},{\"@type\":\"Organization\",\"@id\":\"https:\/\/www.jzzmade.com\/#organization\",\"name\":\"shandong Jzz Made Co.\uff0cLtd.\",\"url\":\"https:\/\/www.jzzmade.com\/\",\"logo\":{\"@type\":\"ImageObject\",\"inLanguage\":\"es\",\"@id\":\"https:\/\/www.jzzmade.com\/#\/schema\/logo\/image\/\",\"url\":\"https:\/\/www.jzzmade.com\/wp-content\/uploads\/2025\/11\/logo.png\",\"contentUrl\":\"https:\/\/www.jzzmade.com\/wp-content\/uploads\/2025\/11\/logo.png\",\"width\":180,\"height\":58,\"caption\":\"shandong Jzz Made Co.\uff0cLtd.\"},\"image\":{\"@id\":\"https:\/\/www.jzzmade.com\/#\/schema\/logo\/image\/\"}}]}<\/script>\n<!-- \/ Yoast SEO Premium plugin. -->","yoast_head_json":{"title":"PVC Corner Guard - shandong Jzz Made Co.\uff0cLtd.","robots":{"index":"index","follow":"follow","max-snippet":"max-snippet:-1","max-image-preview":"max-image-preview:large","max-video-preview":"max-video-preview:-1"},"canonical":"https:\/\/www.jzzmade.com\/es\/producto\/tablestacas-de-acero-ecoplastico-especializadas-para-el-refuerzo-de-presas\/","og_locale":"es_ES","og_type":"article","og_title":"PVC Corner Guard","og_description":"The specialized eco-plastic steel sheet piles for embankment reinforcement, developed specifically for dam protection scenarios, represent an upgraded alternative to traditional reinforcement materials, fortifying embankment safety with an ecological defense line.","og_url":"https:\/\/www.jzzmade.com\/es\/producto\/tablestacas-de-acero-ecoplastico-especializadas-para-el-refuerzo-de-presas\/","og_site_name":"shandong Jzz Made Co.\uff0cLtd.","article_modified_time":"2026-02-04T08:32:13+00:00","og_image":[{"width":1024,"height":931,"url":"https:\/\/www.jzzmade.com\/wp-content\/uploads\/2025\/12\/fa0289d6c95871d5c10eeabf62b6be18.jpg","type":"image\/jpeg"}],"twitter_card":"summary_large_image","twitter_misc":{"Tiempo de lectura":"1 minuto"},"schema":{"@context":"https:\/\/schema.org","@graph":[{"@type":"WebPage","@id":"https:\/\/www.jzzmade.com\/product\/specialized-eco-plastic-steel-sheet-piles-for-dam-reinforcement\/","url":"https:\/\/www.jzzmade.com\/product\/specialized-eco-plastic-steel-sheet-piles-for-dam-reinforcement\/","name":"PVC Corner Guard - shandong Jzz Made Co.\uff0cLtd.","isPartOf":{"@id":"https:\/\/www.jzzmade.com\/#website"},"primaryImageOfPage":{"@id":"https:\/\/www.jzzmade.com\/product\/specialized-eco-plastic-steel-sheet-piles-for-dam-reinforcement\/#primaryimage"},"image":{"@id":"https:\/\/www.jzzmade.com\/product\/specialized-eco-plastic-steel-sheet-piles-for-dam-reinforcement\/#primaryimage"},"thumbnailUrl":"https:\/\/www.jzzmade.com\/wp-content\/uploads\/2025\/12\/fa0289d6c95871d5c10eeabf62b6be18.jpg","datePublished":"2025-12-27T02:35:09+00:00","dateModified":"2026-02-04T08:32:13+00:00","breadcrumb":{"@id":"https:\/\/www.jzzmade.com\/product\/specialized-eco-plastic-steel-sheet-piles-for-dam-reinforcement\/#breadcrumb"},"inLanguage":"es","potentialAction":[{"@type":"ReadAction","target":["https:\/\/www.jzzmade.com\/product\/specialized-eco-plastic-steel-sheet-piles-for-dam-reinforcement\/"]}]},{"@type":"ImageObject","inLanguage":"es","@id":"https:\/\/www.jzzmade.com\/product\/specialized-eco-plastic-steel-sheet-piles-for-dam-reinforcement\/#primaryimage","url":"https:\/\/www.jzzmade.com\/wp-content\/uploads\/2025\/12\/fa0289d6c95871d5c10eeabf62b6be18.jpg","contentUrl":"https:\/\/www.jzzmade.com\/wp-content\/uploads\/2025\/12\/fa0289d6c95871d5c10eeabf62b6be18.jpg","width":1024,"height":931},{"@type":"BreadcrumbList","@id":"https:\/\/www.jzzmade.com\/product\/specialized-eco-plastic-steel-sheet-piles-for-dam-reinforcement\/#breadcrumb","itemListElement":[{"@type":"ListItem","position":1,"name":"Home","item":"https:\/\/www.jzzmade.com\/"},{"@type":"ListItem","position":2,"name":"Products","item":"https:\/\/www.jzzmade.com\/products\/"},{"@type":"ListItem","position":3,"name":"PVC Corner Guard"}]},{"@type":"WebSite","@id":"https:\/\/www.jzzmade.com\/#website","url":"https:\/\/www.jzzmade.com\/","name":"shandong Jzz Made Co.\uff0cLtd.","description":"","publisher":{"@id":"https:\/\/www.jzzmade.com\/#organization"},"potentialAction":[{"@type":"SearchAction","target":{"@type":"EntryPoint","urlTemplate":"https:\/\/www.jzzmade.com\/?s={search_term_string}"},"query-input":{"@type":"PropertyValueSpecification","valueRequired":true,"valueName":"search_term_string"}}],"inLanguage":"es"},{"@type":"Organization","@id":"https:\/\/www.jzzmade.com\/#organization","name":"shandong Jzz Made Co.\uff0cLtd.","url":"https:\/\/www.jzzmade.com\/","logo":{"@type":"ImageObject","inLanguage":"es","@id":"https:\/\/www.jzzmade.com\/#\/schema\/logo\/image\/","url":"https:\/\/www.jzzmade.com\/wp-content\/uploads\/2025\/11\/logo.png","contentUrl":"https:\/\/www.jzzmade.com\/wp-content\/uploads\/2025\/11\/logo.png","width":180,"height":58,"caption":"shandong Jzz Made Co.\uff0cLtd."},"image":{"@id":"https:\/\/www.jzzmade.com\/#\/schema\/logo\/image\/"}}]}},"_links":{"self":[{"href":"https:\/\/www.jzzmade.com\/es\/wp-json\/wp\/v2\/product\/1508","targetHints":{"allow":["GET"]}}],"collection":[{"href":"https:\/\/www.jzzmade.com\/es\/wp-json\/wp\/v2\/product"}],"about":[{"href":"https:\/\/www.jzzmade.com\/es\/wp-json\/wp\/v2\/types\/product"}],"replies":[{"embeddable":true,"href":"https:\/\/www.jzzmade.com\/es\/wp-json\/wp\/v2\/comments?post=1508"}],"wp:featuredmedia":[{"embeddable":true,"href":"https:\/\/www.jzzmade.com\/es\/wp-json\/wp\/v2\/media\/1817"}],"wp:attachment":[{"href":"https:\/\/www.jzzmade.com\/es\/wp-json\/wp\/v2\/media?parent=1508"}],"wp:term":[{"taxonomy":"product_brand","embeddable":true,"href":"https:\/\/www.jzzmade.com\/es\/wp-json\/wp\/v2\/product_brand?post=1508"},{"taxonomy":"product_cat","embeddable":true,"href":"https:\/\/www.jzzmade.com\/es\/wp-json\/wp\/v2\/product_cat?post=1508"},{"taxonomy":"product_tag","embeddable":true,"href":"https:\/\/www.jzzmade.com\/es\/wp-json\/wp\/v2\/product_tag?post=1508"}],"curies":[{"name":"wp","href":"https:\/\/api.w.org\/{rel}","templated":true}]}}