{"id":1497,"date":"2025-12-26T10:17:09","date_gmt":"2025-12-26T02:17:09","guid":{"rendered":"https:\/\/www.jzzmade.com\/?post_type=product&#038;p=1497"},"modified":"2026-02-04T16:37:25","modified_gmt":"2026-02-04T08:37:25","slug":"proteccion-y-refuerzo-de-fosos-de-excavacion-material-polimerico-de-pvc","status":"publish","type":"product","link":"https:\/\/www.jzzmade.com\/es\/producto\/proteccion-y-refuerzo-de-fosos-de-excavacion-material-polimerico-de-pvc\/","title":{"rendered":"Cantoneras de PVC"},"content":{"rendered":"<div data-page-id=\"EuUNf45pfdhHC3c6pxOcYccvnDg\" data-lark-html-role=\"root\" data-docx-has-block-data=\"false\">\n<div class=\"ace-line ace-line old-record-id-YsLqfp4VFdwV19cl4bPcJgcYnue\">El tapacantos protector de esquinas de PVC es un producto protector y decorativo pr\u00e1ctico y duradero fabricado con material de PVC de alta calidad, dise\u00f1ado para proteger y tapar esquinas de paredes, bordes de puertas, esquinas de muebles y bordes decorativos contra golpes, desgaste y da\u00f1os. Su superficie est\u00e1 equipada con agujeros uniformemente distribuidos, que no s\u00f3lo mejoran el efecto decorativo en general, sino que tambi\u00e9n mejoran la adhesi\u00f3n con cemento, masilla y otros materiales durante la instalaci\u00f3n, haci\u00e9ndolo m\u00e1s firme y no f\u00e1cil de caer. Se caracteriza por su ligereza, resistencia a la corrosi\u00f3n, resistencia a la humedad y facilidad de instalaci\u00f3n, y est\u00e1 disponible en varios tama\u00f1os, colores y estilos para adaptarse a diferentes escenarios decorativos. Con una buena resistencia a los impactos y tenacidad, evita eficazmente que las esquinas se astillen, agrieten y deformen, a la vez que cubre los bordes irregulares para lograr un efecto decorativo limpio y liso, prolongando la vida \u00fatil de paredes, muebles y componentes decorativos. Ampliamente utilizado en edificios residenciales y comerciales, hospitales, escuelas y emplazamientos industriales, es f\u00e1cil de limpiar y mantener, y constituye una soluci\u00f3n econ\u00f3mica y pr\u00e1ctica para la protecci\u00f3n de esquinas y el revestimiento de bordes.<\/div>\n<\/div>","protected":false},"excerpt":{"rendered":"<p>Escenarios aplicables: Apuntalamiento temporal\/permanente para fosos de excavaci\u00f3n de edificios, fosos de excavaci\u00f3n de t\u00faneles de servicios p\u00fablicos municipales, fosos de excavaci\u00f3n de garajes subterr\u00e1neos, fosos de excavaci\u00f3n de suelos blandos\/nivel fre\u00e1tico alto, fosos de excavaci\u00f3n en entornos corrosivos dentro de parques industriales qu\u00edmicos, estabilizaci\u00f3n de taludes e impermeabilizaci\u00f3n\/control de filtraciones para fosos de excavaci\u00f3n, restauraci\u00f3n ecol\u00f3gica alrededor de fosos de excavaci\u00f3n.<\/p>","protected":false},"featured_media":1816,"comment_status":"open","ping_status":"closed","template":"","meta":[],"product_brand":[],"product_cat":[20,57],"product_tag":[78],"class_list":{"0":"post-1497","1":"product","2":"type-product","3":"status-publish","4":"has-post-thumbnail","6":"product_cat-custom-pvc-profiles","7":"product_cat-pvc-corner-guard","8":"product_tag-pvc-corner-guard-edge-banding","10":"first","11":"instock","12":"shipping-taxable","13":"product-type-simple"},"yoast_head":"<!-- This site is optimized with the Yoast SEO Premium plugin v26.4 (Yoast SEO v26.9) - https:\/\/yoast.com\/product\/yoast-seo-premium-wordpress\/ -->\n<title>PVC Corner Guard Edge Banding - shandong Jzz Made Co.\uff0cLtd.<\/title>\n<meta name=\"robots\" content=\"index, follow, max-snippet:-1, max-image-preview:large, max-video-preview:-1\" \/>\n<link rel=\"canonical\" href=\"https:\/\/www.jzzmade.com\/es\/producto\/proteccion-y-refuerzo-de-fosos-de-excavacion-material-polimerico-de-pvc\/\" \/>\n<meta property=\"og:locale\" content=\"es_ES\" \/>\n<meta property=\"og:type\" content=\"article\" \/>\n<meta property=\"og:title\" content=\"PVC Corner Guard Edge Banding\" \/>\n<meta property=\"og:description\" content=\"Applicable scenarios: Temporary\/permanent shoring for building excavation pits, municipal utility tunnel excavation pits, underground garage excavation pits, soft soil\/high water table excavation pits, excavation pits in corrosive environments within chemical industrial parks, slope stabilization and waterproofing\/seepage control for excavation pits, ecological restoration around excavation pits.\" \/>\n<meta property=\"og:url\" content=\"https:\/\/www.jzzmade.com\/es\/producto\/proteccion-y-refuerzo-de-fosos-de-excavacion-material-polimerico-de-pvc\/\" \/>\n<meta property=\"og:site_name\" content=\"shandong Jzz Made Co.\uff0cLtd.\" \/>\n<meta property=\"article:modified_time\" content=\"2026-02-04T08:37:25+00:00\" \/>\n<meta property=\"og:image\" content=\"https:\/\/www.jzzmade.com\/wp-content\/uploads\/2025\/12\/e2b79733a3747467d056fd908c29a15d.jpg\" \/>\n\t<meta property=\"og:image:width\" content=\"1024\" \/>\n\t<meta property=\"og:image:height\" content=\"526\" \/>\n\t<meta property=\"og:image:type\" content=\"image\/jpeg\" \/>\n<meta name=\"twitter:card\" content=\"summary_large_image\" \/>\n<meta name=\"twitter:label1\" content=\"Tiempo de lectura\" \/>\n\t<meta name=\"twitter:data1\" content=\"1 minuto\" \/>\n<script type=\"application\/ld+json\" class=\"yoast-schema-graph\">{\"@context\":\"https:\/\/schema.org\",\"@graph\":[{\"@type\":\"WebPage\",\"@id\":\"https:\/\/www.jzzmade.com\/product\/excavation-pit-protection-and-reinforcement-pvc-polymer-material\/\",\"url\":\"https:\/\/www.jzzmade.com\/product\/excavation-pit-protection-and-reinforcement-pvc-polymer-material\/\",\"name\":\"PVC Corner Guard Edge Banding - shandong Jzz Made Co.\uff0cLtd.\",\"isPartOf\":{\"@id\":\"https:\/\/www.jzzmade.com\/#website\"},\"primaryImageOfPage\":{\"@id\":\"https:\/\/www.jzzmade.com\/product\/excavation-pit-protection-and-reinforcement-pvc-polymer-material\/#primaryimage\"},\"image\":{\"@id\":\"https:\/\/www.jzzmade.com\/product\/excavation-pit-protection-and-reinforcement-pvc-polymer-material\/#primaryimage\"},\"thumbnailUrl\":\"https:\/\/www.jzzmade.com\/wp-content\/uploads\/2025\/12\/e2b79733a3747467d056fd908c29a15d.jpg\",\"datePublished\":\"2025-12-26T02:17:09+00:00\",\"dateModified\":\"2026-02-04T08:37:25+00:00\",\"breadcrumb\":{\"@id\":\"https:\/\/www.jzzmade.com\/product\/excavation-pit-protection-and-reinforcement-pvc-polymer-material\/#breadcrumb\"},\"inLanguage\":\"es\",\"potentialAction\":[{\"@type\":\"ReadAction\",\"target\":[\"https:\/\/www.jzzmade.com\/product\/excavation-pit-protection-and-reinforcement-pvc-polymer-material\/\"]}]},{\"@type\":\"ImageObject\",\"inLanguage\":\"es\",\"@id\":\"https:\/\/www.jzzmade.com\/product\/excavation-pit-protection-and-reinforcement-pvc-polymer-material\/#primaryimage\",\"url\":\"https:\/\/www.jzzmade.com\/wp-content\/uploads\/2025\/12\/e2b79733a3747467d056fd908c29a15d.jpg\",\"contentUrl\":\"https:\/\/www.jzzmade.com\/wp-content\/uploads\/2025\/12\/e2b79733a3747467d056fd908c29a15d.jpg\",\"width\":1024,\"height\":526},{\"@type\":\"BreadcrumbList\",\"@id\":\"https:\/\/www.jzzmade.com\/product\/excavation-pit-protection-and-reinforcement-pvc-polymer-material\/#breadcrumb\",\"itemListElement\":[{\"@type\":\"ListItem\",\"position\":1,\"name\":\"Home\",\"item\":\"https:\/\/www.jzzmade.com\/\"},{\"@type\":\"ListItem\",\"position\":2,\"name\":\"Products\",\"item\":\"https:\/\/www.jzzmade.com\/products\/\"},{\"@type\":\"ListItem\",\"position\":3,\"name\":\"PVC Corner Guard Edge Banding\"}]},{\"@type\":\"WebSite\",\"@id\":\"https:\/\/www.jzzmade.com\/#website\",\"url\":\"https:\/\/www.jzzmade.com\/\",\"name\":\"shandong Jzz Made Co.\uff0cLtd.\",\"description\":\"\",\"publisher\":{\"@id\":\"https:\/\/www.jzzmade.com\/#organization\"},\"potentialAction\":[{\"@type\":\"SearchAction\",\"target\":{\"@type\":\"EntryPoint\",\"urlTemplate\":\"https:\/\/www.jzzmade.com\/?s={search_term_string}\"},\"query-input\":{\"@type\":\"PropertyValueSpecification\",\"valueRequired\":true,\"valueName\":\"search_term_string\"}}],\"inLanguage\":\"es\"},{\"@type\":\"Organization\",\"@id\":\"https:\/\/www.jzzmade.com\/#organization\",\"name\":\"shandong Jzz Made Co.\uff0cLtd.\",\"url\":\"https:\/\/www.jzzmade.com\/\",\"logo\":{\"@type\":\"ImageObject\",\"inLanguage\":\"es\",\"@id\":\"https:\/\/www.jzzmade.com\/#\/schema\/logo\/image\/\",\"url\":\"https:\/\/www.jzzmade.com\/wp-content\/uploads\/2025\/11\/logo.png\",\"contentUrl\":\"https:\/\/www.jzzmade.com\/wp-content\/uploads\/2025\/11\/logo.png\",\"width\":180,\"height\":58,\"caption\":\"shandong Jzz Made Co.\uff0cLtd.\"},\"image\":{\"@id\":\"https:\/\/www.jzzmade.com\/#\/schema\/logo\/image\/\"}}]}<\/script>\n<!-- \/ Yoast SEO Premium plugin. -->","yoast_head_json":{"title":"PVC Corner Guard Edge Banding - shandong Jzz Made Co.\uff0cLtd.","robots":{"index":"index","follow":"follow","max-snippet":"max-snippet:-1","max-image-preview":"max-image-preview:large","max-video-preview":"max-video-preview:-1"},"canonical":"https:\/\/www.jzzmade.com\/es\/producto\/proteccion-y-refuerzo-de-fosos-de-excavacion-material-polimerico-de-pvc\/","og_locale":"es_ES","og_type":"article","og_title":"PVC Corner Guard Edge Banding","og_description":"Applicable scenarios: Temporary\/permanent shoring for building excavation pits, municipal utility tunnel excavation pits, underground garage excavation pits, soft soil\/high water table excavation pits, excavation pits in corrosive environments within chemical industrial parks, slope stabilization and waterproofing\/seepage control for excavation pits, ecological restoration around excavation pits.","og_url":"https:\/\/www.jzzmade.com\/es\/producto\/proteccion-y-refuerzo-de-fosos-de-excavacion-material-polimerico-de-pvc\/","og_site_name":"shandong Jzz Made Co.\uff0cLtd.","article_modified_time":"2026-02-04T08:37:25+00:00","og_image":[{"width":1024,"height":526,"url":"https:\/\/www.jzzmade.com\/wp-content\/uploads\/2025\/12\/e2b79733a3747467d056fd908c29a15d.jpg","type":"image\/jpeg"}],"twitter_card":"summary_large_image","twitter_misc":{"Tiempo de lectura":"1 minuto"},"schema":{"@context":"https:\/\/schema.org","@graph":[{"@type":"WebPage","@id":"https:\/\/www.jzzmade.com\/product\/excavation-pit-protection-and-reinforcement-pvc-polymer-material\/","url":"https:\/\/www.jzzmade.com\/product\/excavation-pit-protection-and-reinforcement-pvc-polymer-material\/","name":"PVC Corner Guard Edge Banding - shandong Jzz Made Co.\uff0cLtd.","isPartOf":{"@id":"https:\/\/www.jzzmade.com\/#website"},"primaryImageOfPage":{"@id":"https:\/\/www.jzzmade.com\/product\/excavation-pit-protection-and-reinforcement-pvc-polymer-material\/#primaryimage"},"image":{"@id":"https:\/\/www.jzzmade.com\/product\/excavation-pit-protection-and-reinforcement-pvc-polymer-material\/#primaryimage"},"thumbnailUrl":"https:\/\/www.jzzmade.com\/wp-content\/uploads\/2025\/12\/e2b79733a3747467d056fd908c29a15d.jpg","datePublished":"2025-12-26T02:17:09+00:00","dateModified":"2026-02-04T08:37:25+00:00","breadcrumb":{"@id":"https:\/\/www.jzzmade.com\/product\/excavation-pit-protection-and-reinforcement-pvc-polymer-material\/#breadcrumb"},"inLanguage":"es","potentialAction":[{"@type":"ReadAction","target":["https:\/\/www.jzzmade.com\/product\/excavation-pit-protection-and-reinforcement-pvc-polymer-material\/"]}]},{"@type":"ImageObject","inLanguage":"es","@id":"https:\/\/www.jzzmade.com\/product\/excavation-pit-protection-and-reinforcement-pvc-polymer-material\/#primaryimage","url":"https:\/\/www.jzzmade.com\/wp-content\/uploads\/2025\/12\/e2b79733a3747467d056fd908c29a15d.jpg","contentUrl":"https:\/\/www.jzzmade.com\/wp-content\/uploads\/2025\/12\/e2b79733a3747467d056fd908c29a15d.jpg","width":1024,"height":526},{"@type":"BreadcrumbList","@id":"https:\/\/www.jzzmade.com\/product\/excavation-pit-protection-and-reinforcement-pvc-polymer-material\/#breadcrumb","itemListElement":[{"@type":"ListItem","position":1,"name":"Home","item":"https:\/\/www.jzzmade.com\/"},{"@type":"ListItem","position":2,"name":"Products","item":"https:\/\/www.jzzmade.com\/products\/"},{"@type":"ListItem","position":3,"name":"PVC Corner Guard Edge Banding"}]},{"@type":"WebSite","@id":"https:\/\/www.jzzmade.com\/#website","url":"https:\/\/www.jzzmade.com\/","name":"shandong Jzz Made Co.\uff0cLtd.","description":"","publisher":{"@id":"https:\/\/www.jzzmade.com\/#organization"},"potentialAction":[{"@type":"SearchAction","target":{"@type":"EntryPoint","urlTemplate":"https:\/\/www.jzzmade.com\/?s={search_term_string}"},"query-input":{"@type":"PropertyValueSpecification","valueRequired":true,"valueName":"search_term_string"}}],"inLanguage":"es"},{"@type":"Organization","@id":"https:\/\/www.jzzmade.com\/#organization","name":"shandong Jzz Made Co.\uff0cLtd.","url":"https:\/\/www.jzzmade.com\/","logo":{"@type":"ImageObject","inLanguage":"es","@id":"https:\/\/www.jzzmade.com\/#\/schema\/logo\/image\/","url":"https:\/\/www.jzzmade.com\/wp-content\/uploads\/2025\/11\/logo.png","contentUrl":"https:\/\/www.jzzmade.com\/wp-content\/uploads\/2025\/11\/logo.png","width":180,"height":58,"caption":"shandong Jzz Made Co.\uff0cLtd."},"image":{"@id":"https:\/\/www.jzzmade.com\/#\/schema\/logo\/image\/"}}]}},"_links":{"self":[{"href":"https:\/\/www.jzzmade.com\/es\/wp-json\/wp\/v2\/product\/1497","targetHints":{"allow":["GET"]}}],"collection":[{"href":"https:\/\/www.jzzmade.com\/es\/wp-json\/wp\/v2\/product"}],"about":[{"href":"https:\/\/www.jzzmade.com\/es\/wp-json\/wp\/v2\/types\/product"}],"replies":[{"embeddable":true,"href":"https:\/\/www.jzzmade.com\/es\/wp-json\/wp\/v2\/comments?post=1497"}],"wp:featuredmedia":[{"embeddable":true,"href":"https:\/\/www.jzzmade.com\/es\/wp-json\/wp\/v2\/media\/1816"}],"wp:attachment":[{"href":"https:\/\/www.jzzmade.com\/es\/wp-json\/wp\/v2\/media?parent=1497"}],"wp:term":[{"taxonomy":"product_brand","embeddable":true,"href":"https:\/\/www.jzzmade.com\/es\/wp-json\/wp\/v2\/product_brand?post=1497"},{"taxonomy":"product_cat","embeddable":true,"href":"https:\/\/www.jzzmade.com\/es\/wp-json\/wp\/v2\/product_cat?post=1497"},{"taxonomy":"product_tag","embeddable":true,"href":"https:\/\/www.jzzmade.com\/es\/wp-json\/wp\/v2\/product_tag?post=1497"}],"curies":[{"name":"wp","href":"https:\/\/api.w.org\/{rel}","templated":true}]}}