{"id":1484,"date":"2025-12-23T10:46:52","date_gmt":"2025-12-23T02:46:52","guid":{"rendered":"https:\/\/www.jzzmade.com\/?post_type=product&#038;p=1484"},"modified":"2026-01-05T10:10:41","modified_gmt":"2026-01-05T02:10:41","slug":"polymer-plastic-steel-sheet-piles-waterproof-and-pressure-resistant-easy-to-install","status":"publish","type":"product","link":"https:\/\/www.jzzmade.com\/es\/producto\/polymer-plastic-steel-sheet-piles-waterproof-and-pressure-resistant-easy-to-install\/","title":{"rendered":"Tablestacas de acero de pl\u00e1stico pol\u00edmero Impermeables y resistentes a la presi\u00f3n F\u00e1ciles de instalar"},"content":{"rendered":"<p>The product density is only 1\/7 that of steel, with each pile being lightweight. No large lifting equipment is required; manual labor combined with small machinery can complete the pile driving operation. Structural strength exceeds 80MPa, offering excellent impact resistance and settlement resistance. Construction efficiency is 3-5 times higher than traditional methods, shortening the construction period by over 30%. Compared to traditional steel piles, the comprehensive cost is reduced by 20%-40%. Compared to concrete piles, the construction cycle is shortened by more than half, with no need for subsequent maintenance. Additionally, the product aligns with policy directives for green buildings and ecological projects, helping projects obtain environmental and energy-saving certifications while enhancing engineering quality and social benefits.<\/p>","protected":false},"excerpt":{"rendered":"<p>Align with policy directives for green buildings and ecological projects, assist projects in obtaining environmental and energy-saving certifications, and enhance project quality and social benefits.<\/p>","protected":false},"featured_media":1333,"comment_status":"open","ping_status":"closed","template":"","meta":[],"product_brand":[],"product_cat":[28],"product_tag":[],"class_list":{"0":"post-1484","1":"product","2":"type-product","3":"status-publish","4":"has-post-thumbnail","6":"product_cat-pvc-pellets","8":"first","9":"instock","10":"shipping-taxable","11":"product-type-simple"},"yoast_head":"<!-- This site is optimized with the Yoast SEO Premium plugin v26.4 (Yoast SEO v26.9) - https:\/\/yoast.com\/product\/yoast-seo-premium-wordpress\/ -->\n<title>Polymer Plastic Steel Sheet Piles Waterproof and Pressure-Resistant Easy to Install - shandong Jzz Made Co.\uff0cLtd.<\/title>\n<meta name=\"robots\" content=\"index, follow, max-snippet:-1, max-image-preview:large, max-video-preview:-1\" \/>\n<link rel=\"canonical\" href=\"https:\/\/www.jzzmade.com\/es\/producto\/polymer-plastic-steel-sheet-piles-waterproof-and-pressure-resistant-easy-to-install\/\" \/>\n<meta property=\"og:locale\" content=\"es_ES\" \/>\n<meta property=\"og:type\" content=\"article\" \/>\n<meta property=\"og:title\" content=\"Polymer Plastic Steel Sheet Piles Waterproof and Pressure-Resistant Easy to Install\" \/>\n<meta property=\"og:description\" content=\"Align with policy directives for green buildings and ecological projects, assist projects in obtaining environmental and energy-saving certifications, and enhance project quality and social benefits.\" \/>\n<meta property=\"og:url\" content=\"https:\/\/www.jzzmade.com\/es\/producto\/polymer-plastic-steel-sheet-piles-waterproof-and-pressure-resistant-easy-to-install\/\" \/>\n<meta property=\"og:site_name\" content=\"shandong Jzz Made Co.\uff0cLtd.\" \/>\n<meta property=\"article:modified_time\" content=\"2026-01-05T02:10:41+00:00\" \/>\n<meta property=\"og:image\" content=\"https:\/\/www.jzzmade.com\/wp-content\/uploads\/2025\/11\/11.png\" \/>\n\t<meta property=\"og:image:width\" content=\"438\" \/>\n\t<meta property=\"og:image:height\" content=\"594\" \/>\n\t<meta property=\"og:image:type\" content=\"image\/png\" \/>\n<meta name=\"twitter:card\" content=\"summary_large_image\" \/>\n<meta name=\"twitter:label1\" content=\"Tiempo de lectura\" \/>\n\t<meta name=\"twitter:data1\" content=\"1 minuto\" \/>\n<script type=\"application\/ld+json\" class=\"yoast-schema-graph\">{\"@context\":\"https:\/\/schema.org\",\"@graph\":[{\"@type\":\"WebPage\",\"@id\":\"https:\/\/www.jzzmade.com\/product\/polymer-plastic-steel-sheet-piles-waterproof-and-pressure-resistant-easy-to-install\/\",\"url\":\"https:\/\/www.jzzmade.com\/product\/polymer-plastic-steel-sheet-piles-waterproof-and-pressure-resistant-easy-to-install\/\",\"name\":\"Polymer Plastic Steel Sheet Piles Waterproof and Pressure-Resistant Easy to Install - shandong Jzz Made Co.\uff0cLtd.\",\"isPartOf\":{\"@id\":\"https:\/\/www.jzzmade.com\/#website\"},\"primaryImageOfPage\":{\"@id\":\"https:\/\/www.jzzmade.com\/product\/polymer-plastic-steel-sheet-piles-waterproof-and-pressure-resistant-easy-to-install\/#primaryimage\"},\"image\":{\"@id\":\"https:\/\/www.jzzmade.com\/product\/polymer-plastic-steel-sheet-piles-waterproof-and-pressure-resistant-easy-to-install\/#primaryimage\"},\"thumbnailUrl\":\"https:\/\/www.jzzmade.com\/wp-content\/uploads\/2025\/11\/11.png\",\"datePublished\":\"2025-12-23T02:46:52+00:00\",\"dateModified\":\"2026-01-05T02:10:41+00:00\",\"breadcrumb\":{\"@id\":\"https:\/\/www.jzzmade.com\/product\/polymer-plastic-steel-sheet-piles-waterproof-and-pressure-resistant-easy-to-install\/#breadcrumb\"},\"inLanguage\":\"es\",\"potentialAction\":[{\"@type\":\"ReadAction\",\"target\":[\"https:\/\/www.jzzmade.com\/product\/polymer-plastic-steel-sheet-piles-waterproof-and-pressure-resistant-easy-to-install\/\"]}]},{\"@type\":\"ImageObject\",\"inLanguage\":\"es\",\"@id\":\"https:\/\/www.jzzmade.com\/product\/polymer-plastic-steel-sheet-piles-waterproof-and-pressure-resistant-easy-to-install\/#primaryimage\",\"url\":\"https:\/\/www.jzzmade.com\/wp-content\/uploads\/2025\/11\/11.png\",\"contentUrl\":\"https:\/\/www.jzzmade.com\/wp-content\/uploads\/2025\/11\/11.png\",\"width\":438,\"height\":594},{\"@type\":\"BreadcrumbList\",\"@id\":\"https:\/\/www.jzzmade.com\/product\/polymer-plastic-steel-sheet-piles-waterproof-and-pressure-resistant-easy-to-install\/#breadcrumb\",\"itemListElement\":[{\"@type\":\"ListItem\",\"position\":1,\"name\":\"Home\",\"item\":\"https:\/\/www.jzzmade.com\/\"},{\"@type\":\"ListItem\",\"position\":2,\"name\":\"Products\",\"item\":\"https:\/\/www.jzzmade.com\/products\/\"},{\"@type\":\"ListItem\",\"position\":3,\"name\":\"Polymer Plastic Steel Sheet Piles Waterproof and Pressure-Resistant Easy to Install\"}]},{\"@type\":\"WebSite\",\"@id\":\"https:\/\/www.jzzmade.com\/#website\",\"url\":\"https:\/\/www.jzzmade.com\/\",\"name\":\"shandong Jzz Made Co.\uff0cLtd.\",\"description\":\"\",\"publisher\":{\"@id\":\"https:\/\/www.jzzmade.com\/#organization\"},\"potentialAction\":[{\"@type\":\"SearchAction\",\"target\":{\"@type\":\"EntryPoint\",\"urlTemplate\":\"https:\/\/www.jzzmade.com\/?s={search_term_string}\"},\"query-input\":{\"@type\":\"PropertyValueSpecification\",\"valueRequired\":true,\"valueName\":\"search_term_string\"}}],\"inLanguage\":\"es\"},{\"@type\":\"Organization\",\"@id\":\"https:\/\/www.jzzmade.com\/#organization\",\"name\":\"shandong Jzz Made Co.\uff0cLtd.\",\"url\":\"https:\/\/www.jzzmade.com\/\",\"logo\":{\"@type\":\"ImageObject\",\"inLanguage\":\"es\",\"@id\":\"https:\/\/www.jzzmade.com\/#\/schema\/logo\/image\/\",\"url\":\"https:\/\/www.jzzmade.com\/wp-content\/uploads\/2025\/11\/logo.png\",\"contentUrl\":\"https:\/\/www.jzzmade.com\/wp-content\/uploads\/2025\/11\/logo.png\",\"width\":180,\"height\":58,\"caption\":\"shandong Jzz Made Co.\uff0cLtd.\"},\"image\":{\"@id\":\"https:\/\/www.jzzmade.com\/#\/schema\/logo\/image\/\"}}]}<\/script>\n<!-- \/ Yoast SEO Premium plugin. -->","yoast_head_json":{"title":"Polymer Plastic Steel Sheet Piles Waterproof and Pressure-Resistant Easy to Install - shandong Jzz Made Co.\uff0cLtd.","robots":{"index":"index","follow":"follow","max-snippet":"max-snippet:-1","max-image-preview":"max-image-preview:large","max-video-preview":"max-video-preview:-1"},"canonical":"https:\/\/www.jzzmade.com\/es\/producto\/polymer-plastic-steel-sheet-piles-waterproof-and-pressure-resistant-easy-to-install\/","og_locale":"es_ES","og_type":"article","og_title":"Polymer Plastic Steel Sheet Piles Waterproof and Pressure-Resistant Easy to Install","og_description":"Align with policy directives for green buildings and ecological projects, assist projects in obtaining environmental and energy-saving certifications, and enhance project quality and social benefits.","og_url":"https:\/\/www.jzzmade.com\/es\/producto\/polymer-plastic-steel-sheet-piles-waterproof-and-pressure-resistant-easy-to-install\/","og_site_name":"shandong Jzz Made Co.\uff0cLtd.","article_modified_time":"2026-01-05T02:10:41+00:00","og_image":[{"width":438,"height":594,"url":"https:\/\/www.jzzmade.com\/wp-content\/uploads\/2025\/11\/11.png","type":"image\/png"}],"twitter_card":"summary_large_image","twitter_misc":{"Tiempo de lectura":"1 minuto"},"schema":{"@context":"https:\/\/schema.org","@graph":[{"@type":"WebPage","@id":"https:\/\/www.jzzmade.com\/product\/polymer-plastic-steel-sheet-piles-waterproof-and-pressure-resistant-easy-to-install\/","url":"https:\/\/www.jzzmade.com\/product\/polymer-plastic-steel-sheet-piles-waterproof-and-pressure-resistant-easy-to-install\/","name":"Polymer Plastic Steel Sheet Piles Waterproof and Pressure-Resistant Easy to Install - shandong Jzz Made Co.\uff0cLtd.","isPartOf":{"@id":"https:\/\/www.jzzmade.com\/#website"},"primaryImageOfPage":{"@id":"https:\/\/www.jzzmade.com\/product\/polymer-plastic-steel-sheet-piles-waterproof-and-pressure-resistant-easy-to-install\/#primaryimage"},"image":{"@id":"https:\/\/www.jzzmade.com\/product\/polymer-plastic-steel-sheet-piles-waterproof-and-pressure-resistant-easy-to-install\/#primaryimage"},"thumbnailUrl":"https:\/\/www.jzzmade.com\/wp-content\/uploads\/2025\/11\/11.png","datePublished":"2025-12-23T02:46:52+00:00","dateModified":"2026-01-05T02:10:41+00:00","breadcrumb":{"@id":"https:\/\/www.jzzmade.com\/product\/polymer-plastic-steel-sheet-piles-waterproof-and-pressure-resistant-easy-to-install\/#breadcrumb"},"inLanguage":"es","potentialAction":[{"@type":"ReadAction","target":["https:\/\/www.jzzmade.com\/product\/polymer-plastic-steel-sheet-piles-waterproof-and-pressure-resistant-easy-to-install\/"]}]},{"@type":"ImageObject","inLanguage":"es","@id":"https:\/\/www.jzzmade.com\/product\/polymer-plastic-steel-sheet-piles-waterproof-and-pressure-resistant-easy-to-install\/#primaryimage","url":"https:\/\/www.jzzmade.com\/wp-content\/uploads\/2025\/11\/11.png","contentUrl":"https:\/\/www.jzzmade.com\/wp-content\/uploads\/2025\/11\/11.png","width":438,"height":594},{"@type":"BreadcrumbList","@id":"https:\/\/www.jzzmade.com\/product\/polymer-plastic-steel-sheet-piles-waterproof-and-pressure-resistant-easy-to-install\/#breadcrumb","itemListElement":[{"@type":"ListItem","position":1,"name":"Home","item":"https:\/\/www.jzzmade.com\/"},{"@type":"ListItem","position":2,"name":"Products","item":"https:\/\/www.jzzmade.com\/products\/"},{"@type":"ListItem","position":3,"name":"Polymer Plastic Steel Sheet Piles Waterproof and Pressure-Resistant Easy to Install"}]},{"@type":"WebSite","@id":"https:\/\/www.jzzmade.com\/#website","url":"https:\/\/www.jzzmade.com\/","name":"shandong Jzz Made Co.\uff0cLtd.","description":"","publisher":{"@id":"https:\/\/www.jzzmade.com\/#organization"},"potentialAction":[{"@type":"SearchAction","target":{"@type":"EntryPoint","urlTemplate":"https:\/\/www.jzzmade.com\/?s={search_term_string}"},"query-input":{"@type":"PropertyValueSpecification","valueRequired":true,"valueName":"search_term_string"}}],"inLanguage":"es"},{"@type":"Organization","@id":"https:\/\/www.jzzmade.com\/#organization","name":"shandong Jzz Made Co.\uff0cLtd.","url":"https:\/\/www.jzzmade.com\/","logo":{"@type":"ImageObject","inLanguage":"es","@id":"https:\/\/www.jzzmade.com\/#\/schema\/logo\/image\/","url":"https:\/\/www.jzzmade.com\/wp-content\/uploads\/2025\/11\/logo.png","contentUrl":"https:\/\/www.jzzmade.com\/wp-content\/uploads\/2025\/11\/logo.png","width":180,"height":58,"caption":"shandong Jzz Made Co.\uff0cLtd."},"image":{"@id":"https:\/\/www.jzzmade.com\/#\/schema\/logo\/image\/"}}]}},"_links":{"self":[{"href":"https:\/\/www.jzzmade.com\/es\/wp-json\/wp\/v2\/product\/1484","targetHints":{"allow":["GET"]}}],"collection":[{"href":"https:\/\/www.jzzmade.com\/es\/wp-json\/wp\/v2\/product"}],"about":[{"href":"https:\/\/www.jzzmade.com\/es\/wp-json\/wp\/v2\/types\/product"}],"replies":[{"embeddable":true,"href":"https:\/\/www.jzzmade.com\/es\/wp-json\/wp\/v2\/comments?post=1484"}],"wp:featuredmedia":[{"embeddable":true,"href":"https:\/\/www.jzzmade.com\/es\/wp-json\/wp\/v2\/media\/1333"}],"wp:attachment":[{"href":"https:\/\/www.jzzmade.com\/es\/wp-json\/wp\/v2\/media?parent=1484"}],"wp:term":[{"taxonomy":"product_brand","embeddable":true,"href":"https:\/\/www.jzzmade.com\/es\/wp-json\/wp\/v2\/product_brand?post=1484"},{"taxonomy":"product_cat","embeddable":true,"href":"https:\/\/www.jzzmade.com\/es\/wp-json\/wp\/v2\/product_cat?post=1484"},{"taxonomy":"product_tag","embeddable":true,"href":"https:\/\/www.jzzmade.com\/es\/wp-json\/wp\/v2\/product_tag?post=1484"}],"curies":[{"name":"wp","href":"https:\/\/api.w.org\/{rel}","templated":true}]}}