{"id":1479,"date":"2025-12-19T15:38:15","date_gmt":"2025-12-19T07:38:15","guid":{"rendered":"https:\/\/www.jzzmade.com\/?post_type=product&#038;p=1479"},"modified":"2026-01-05T10:10:21","modified_gmt":"2026-01-05T02:10:21","slug":"ingenieria-costera-tablestacas-de-pvc-faciles-de-instalar","status":"publish","type":"product","link":"https:\/\/www.jzzmade.com\/es\/producto\/ingenieria-costera-tablestacas-de-pvc-faciles-de-instalar\/","title":{"rendered":"Coastal Engineering tablestacas de PVC f\u00e1ciles de instalar"},"content":{"rendered":"<p>Las tablestacas de PVC ofrecen una eficiencia de instalaci\u00f3n significativamente superior a la de los materiales tradicionales en ingenier\u00eda costera debido a su ligereza, juntas de enclavamiento y compatibilidad con equipos de peque\u00f1a escala. Permiten completar r\u00e1pidamente estructuras como revestimientos, rompeolas y muros de contenci\u00f3n.<\/p>\n<p>Ligeras y f\u00e1ciles de transportar Aproximadamente 40 veces m\u00e1s ligeras que las tablestacas de acero de la misma especificaci\u00f3n; las unidades individuales pueden manipularse manualmente con ayuda<br \/>\nMontaje r\u00e1pido Incorpora mecanismos de cierre integrados (por ejemplo, tipo \u03a9, tipo U), lo que elimina las operaciones de sellado in situ.<br \/>\nEquipo compacto Compatible con martillos vibratorios peque\u00f1os y m\u00e9todos de presi\u00f3n est\u00e1tica de excavadoras, lo que elimina la necesidad de utilizar martillos pil\u00f3n pesados.<br \/>\nConstrucci\u00f3n de bajo impacto Resistente a la corrosi\u00f3n del agua de mar, lo que elimina la necesidad de un tratamiento anticorrosi\u00f3n in situ<\/p>","protected":false},"excerpt":{"rendered":"<p>Las tablestacas de PVC ofrecen una eficiencia de instalaci\u00f3n significativamente superior a la de los materiales tradicionales en ingenier\u00eda costera debido a su ligereza, juntas de enclavamiento y compatibilidad con equipos de peque\u00f1a escala. Permiten completar r\u00e1pidamente estructuras como revestimientos, rompeolas y muros de contenci\u00f3n.<\/p>","protected":false},"featured_media":1337,"comment_status":"open","ping_status":"closed","template":"","meta":[],"product_brand":[],"product_cat":[28],"product_tag":[],"class_list":{"0":"post-1479","1":"product","2":"type-product","3":"status-publish","4":"has-post-thumbnail","6":"product_cat-pvc-pellets","8":"first","9":"instock","10":"featured","11":"shipping-taxable","12":"product-type-simple"},"yoast_head":"<!-- This site is optimized with the Yoast SEO Premium plugin v26.4 (Yoast SEO v26.9) - https:\/\/yoast.com\/product\/yoast-seo-premium-wordpress\/ -->\n<title>Coastal Engineering Easy-to-Install PVC Sheet Piles - shandong Jzz Made Co.\uff0cLtd.<\/title>\n<meta name=\"robots\" content=\"index, follow, max-snippet:-1, max-image-preview:large, max-video-preview:-1\" \/>\n<link rel=\"canonical\" href=\"https:\/\/www.jzzmade.com\/es\/producto\/ingenieria-costera-tablestacas-de-pvc-faciles-de-instalar\/\" \/>\n<meta property=\"og:locale\" content=\"es_ES\" \/>\n<meta property=\"og:type\" content=\"article\" \/>\n<meta property=\"og:title\" content=\"Coastal Engineering Easy-to-Install PVC Sheet Piles\" \/>\n<meta property=\"og:description\" content=\"PVC sheet piles offer significantly higher installation efficiency than traditional materials in coastal engineering due to their lightweight nature, interlocking joints, and compatibility with small-scale equipment. They enable rapid completion of structures such as revetments, breakwaters, and cutoff walls.\" \/>\n<meta property=\"og:url\" content=\"https:\/\/www.jzzmade.com\/es\/producto\/ingenieria-costera-tablestacas-de-pvc-faciles-de-instalar\/\" \/>\n<meta property=\"og:site_name\" content=\"shandong Jzz Made Co.\uff0cLtd.\" \/>\n<meta property=\"article:modified_time\" content=\"2026-01-05T02:10:21+00:00\" \/>\n<meta property=\"og:image\" content=\"https:\/\/www.jzzmade.com\/wp-content\/uploads\/2025\/11\/15.png\" \/>\n\t<meta property=\"og:image:width\" content=\"610\" \/>\n\t<meta property=\"og:image:height\" content=\"608\" \/>\n\t<meta property=\"og:image:type\" content=\"image\/png\" \/>\n<meta name=\"twitter:card\" content=\"summary_large_image\" \/>\n<meta name=\"twitter:label1\" content=\"Tiempo de lectura\" \/>\n\t<meta name=\"twitter:data1\" content=\"1 minuto\" \/>\n<script type=\"application\/ld+json\" class=\"yoast-schema-graph\">{\"@context\":\"https:\/\/schema.org\",\"@graph\":[{\"@type\":\"WebPage\",\"@id\":\"https:\/\/www.jzzmade.com\/product\/coastal-engineering-easy-to-install-pvc-sheet-piles\/\",\"url\":\"https:\/\/www.jzzmade.com\/product\/coastal-engineering-easy-to-install-pvc-sheet-piles\/\",\"name\":\"Coastal Engineering Easy-to-Install PVC Sheet Piles - shandong Jzz Made Co.\uff0cLtd.\",\"isPartOf\":{\"@id\":\"https:\/\/www.jzzmade.com\/#website\"},\"primaryImageOfPage\":{\"@id\":\"https:\/\/www.jzzmade.com\/product\/coastal-engineering-easy-to-install-pvc-sheet-piles\/#primaryimage\"},\"image\":{\"@id\":\"https:\/\/www.jzzmade.com\/product\/coastal-engineering-easy-to-install-pvc-sheet-piles\/#primaryimage\"},\"thumbnailUrl\":\"https:\/\/www.jzzmade.com\/wp-content\/uploads\/2025\/11\/15.png\",\"datePublished\":\"2025-12-19T07:38:15+00:00\",\"dateModified\":\"2026-01-05T02:10:21+00:00\",\"breadcrumb\":{\"@id\":\"https:\/\/www.jzzmade.com\/product\/coastal-engineering-easy-to-install-pvc-sheet-piles\/#breadcrumb\"},\"inLanguage\":\"es\",\"potentialAction\":[{\"@type\":\"ReadAction\",\"target\":[\"https:\/\/www.jzzmade.com\/product\/coastal-engineering-easy-to-install-pvc-sheet-piles\/\"]}]},{\"@type\":\"ImageObject\",\"inLanguage\":\"es\",\"@id\":\"https:\/\/www.jzzmade.com\/product\/coastal-engineering-easy-to-install-pvc-sheet-piles\/#primaryimage\",\"url\":\"https:\/\/www.jzzmade.com\/wp-content\/uploads\/2025\/11\/15.png\",\"contentUrl\":\"https:\/\/www.jzzmade.com\/wp-content\/uploads\/2025\/11\/15.png\",\"width\":610,\"height\":608},{\"@type\":\"BreadcrumbList\",\"@id\":\"https:\/\/www.jzzmade.com\/product\/coastal-engineering-easy-to-install-pvc-sheet-piles\/#breadcrumb\",\"itemListElement\":[{\"@type\":\"ListItem\",\"position\":1,\"name\":\"Home\",\"item\":\"https:\/\/www.jzzmade.com\/\"},{\"@type\":\"ListItem\",\"position\":2,\"name\":\"Products\",\"item\":\"https:\/\/www.jzzmade.com\/products\/\"},{\"@type\":\"ListItem\",\"position\":3,\"name\":\"Coastal Engineering Easy-to-Install PVC Sheet Piles\"}]},{\"@type\":\"WebSite\",\"@id\":\"https:\/\/www.jzzmade.com\/#website\",\"url\":\"https:\/\/www.jzzmade.com\/\",\"name\":\"shandong Jzz Made Co.\uff0cLtd.\",\"description\":\"\",\"publisher\":{\"@id\":\"https:\/\/www.jzzmade.com\/#organization\"},\"potentialAction\":[{\"@type\":\"SearchAction\",\"target\":{\"@type\":\"EntryPoint\",\"urlTemplate\":\"https:\/\/www.jzzmade.com\/?s={search_term_string}\"},\"query-input\":{\"@type\":\"PropertyValueSpecification\",\"valueRequired\":true,\"valueName\":\"search_term_string\"}}],\"inLanguage\":\"es\"},{\"@type\":\"Organization\",\"@id\":\"https:\/\/www.jzzmade.com\/#organization\",\"name\":\"shandong Jzz Made Co.\uff0cLtd.\",\"url\":\"https:\/\/www.jzzmade.com\/\",\"logo\":{\"@type\":\"ImageObject\",\"inLanguage\":\"es\",\"@id\":\"https:\/\/www.jzzmade.com\/#\/schema\/logo\/image\/\",\"url\":\"https:\/\/www.jzzmade.com\/wp-content\/uploads\/2025\/11\/logo.png\",\"contentUrl\":\"https:\/\/www.jzzmade.com\/wp-content\/uploads\/2025\/11\/logo.png\",\"width\":180,\"height\":58,\"caption\":\"shandong Jzz Made Co.\uff0cLtd.\"},\"image\":{\"@id\":\"https:\/\/www.jzzmade.com\/#\/schema\/logo\/image\/\"}}]}<\/script>\n<!-- \/ Yoast SEO Premium plugin. -->","yoast_head_json":{"title":"Ingenier\u00eda Costera F\u00e1cil de instalar tablestacas de PVC - shandong Jzz Made Co.\uff0cLtd.","robots":{"index":"index","follow":"follow","max-snippet":"max-snippet:-1","max-image-preview":"max-image-preview:large","max-video-preview":"max-video-preview:-1"},"canonical":"https:\/\/www.jzzmade.com\/es\/producto\/ingenieria-costera-tablestacas-de-pvc-faciles-de-instalar\/","og_locale":"es_ES","og_type":"article","og_title":"Coastal Engineering Easy-to-Install PVC Sheet Piles","og_description":"PVC sheet piles offer significantly higher installation efficiency than traditional materials in coastal engineering due to their lightweight nature, interlocking joints, and compatibility with small-scale equipment. They enable rapid completion of structures such as revetments, breakwaters, and cutoff walls.","og_url":"https:\/\/www.jzzmade.com\/es\/producto\/ingenieria-costera-tablestacas-de-pvc-faciles-de-instalar\/","og_site_name":"shandong Jzz Made Co.\uff0cLtd.","article_modified_time":"2026-01-05T02:10:21+00:00","og_image":[{"width":610,"height":608,"url":"https:\/\/www.jzzmade.com\/wp-content\/uploads\/2025\/11\/15.png","type":"image\/png"}],"twitter_card":"summary_large_image","twitter_misc":{"Tiempo de lectura":"1 minuto"},"schema":{"@context":"https:\/\/schema.org","@graph":[{"@type":"WebPage","@id":"https:\/\/www.jzzmade.com\/product\/coastal-engineering-easy-to-install-pvc-sheet-piles\/","url":"https:\/\/www.jzzmade.com\/product\/coastal-engineering-easy-to-install-pvc-sheet-piles\/","name":"Ingenier\u00eda Costera F\u00e1cil de instalar tablestacas de PVC - shandong Jzz Made Co.\uff0cLtd.","isPartOf":{"@id":"https:\/\/www.jzzmade.com\/#website"},"primaryImageOfPage":{"@id":"https:\/\/www.jzzmade.com\/product\/coastal-engineering-easy-to-install-pvc-sheet-piles\/#primaryimage"},"image":{"@id":"https:\/\/www.jzzmade.com\/product\/coastal-engineering-easy-to-install-pvc-sheet-piles\/#primaryimage"},"thumbnailUrl":"https:\/\/www.jzzmade.com\/wp-content\/uploads\/2025\/11\/15.png","datePublished":"2025-12-19T07:38:15+00:00","dateModified":"2026-01-05T02:10:21+00:00","breadcrumb":{"@id":"https:\/\/www.jzzmade.com\/product\/coastal-engineering-easy-to-install-pvc-sheet-piles\/#breadcrumb"},"inLanguage":"es","potentialAction":[{"@type":"ReadAction","target":["https:\/\/www.jzzmade.com\/product\/coastal-engineering-easy-to-install-pvc-sheet-piles\/"]}]},{"@type":"ImageObject","inLanguage":"es","@id":"https:\/\/www.jzzmade.com\/product\/coastal-engineering-easy-to-install-pvc-sheet-piles\/#primaryimage","url":"https:\/\/www.jzzmade.com\/wp-content\/uploads\/2025\/11\/15.png","contentUrl":"https:\/\/www.jzzmade.com\/wp-content\/uploads\/2025\/11\/15.png","width":610,"height":608},{"@type":"BreadcrumbList","@id":"https:\/\/www.jzzmade.com\/product\/coastal-engineering-easy-to-install-pvc-sheet-piles\/#breadcrumb","itemListElement":[{"@type":"ListItem","position":1,"name":"Home","item":"https:\/\/www.jzzmade.com\/"},{"@type":"ListItem","position":2,"name":"Products","item":"https:\/\/www.jzzmade.com\/products\/"},{"@type":"ListItem","position":3,"name":"Coastal Engineering Easy-to-Install PVC Sheet Piles"}]},{"@type":"WebSite","@id":"https:\/\/www.jzzmade.com\/#website","url":"https:\/\/www.jzzmade.com\/","name":"shandong Jzz Made Co.\uff0cLtd.","description":"","publisher":{"@id":"https:\/\/www.jzzmade.com\/#organization"},"potentialAction":[{"@type":"SearchAction","target":{"@type":"EntryPoint","urlTemplate":"https:\/\/www.jzzmade.com\/?s={search_term_string}"},"query-input":{"@type":"PropertyValueSpecification","valueRequired":true,"valueName":"search_term_string"}}],"inLanguage":"es"},{"@type":"Organization","@id":"https:\/\/www.jzzmade.com\/#organization","name":"shandong Jzz Made Co.\uff0cLtd.","url":"https:\/\/www.jzzmade.com\/","logo":{"@type":"ImageObject","inLanguage":"es","@id":"https:\/\/www.jzzmade.com\/#\/schema\/logo\/image\/","url":"https:\/\/www.jzzmade.com\/wp-content\/uploads\/2025\/11\/logo.png","contentUrl":"https:\/\/www.jzzmade.com\/wp-content\/uploads\/2025\/11\/logo.png","width":180,"height":58,"caption":"shandong Jzz Made Co.\uff0cLtd."},"image":{"@id":"https:\/\/www.jzzmade.com\/#\/schema\/logo\/image\/"}}]}},"_links":{"self":[{"href":"https:\/\/www.jzzmade.com\/es\/wp-json\/wp\/v2\/product\/1479","targetHints":{"allow":["GET"]}}],"collection":[{"href":"https:\/\/www.jzzmade.com\/es\/wp-json\/wp\/v2\/product"}],"about":[{"href":"https:\/\/www.jzzmade.com\/es\/wp-json\/wp\/v2\/types\/product"}],"replies":[{"embeddable":true,"href":"https:\/\/www.jzzmade.com\/es\/wp-json\/wp\/v2\/comments?post=1479"}],"wp:featuredmedia":[{"embeddable":true,"href":"https:\/\/www.jzzmade.com\/es\/wp-json\/wp\/v2\/media\/1337"}],"wp:attachment":[{"href":"https:\/\/www.jzzmade.com\/es\/wp-json\/wp\/v2\/media?parent=1479"}],"wp:term":[{"taxonomy":"product_brand","embeddable":true,"href":"https:\/\/www.jzzmade.com\/es\/wp-json\/wp\/v2\/product_brand?post=1479"},{"taxonomy":"product_cat","embeddable":true,"href":"https:\/\/www.jzzmade.com\/es\/wp-json\/wp\/v2\/product_cat?post=1479"},{"taxonomy":"product_tag","embeddable":true,"href":"https:\/\/www.jzzmade.com\/es\/wp-json\/wp\/v2\/product_tag?post=1479"}],"curies":[{"name":"wp","href":"https:\/\/api.w.org\/{rel}","templated":true}]}}