{"id":1430,"date":"2025-12-04T17:17:51","date_gmt":"2025-12-04T09:17:51","guid":{"rendered":"https:\/\/www.jzzmade.com\/?post_type=product&#038;p=1430"},"modified":"2026-01-05T10:09:48","modified_gmt":"2026-01-05T02:09:48","slug":"pilotes-de-chapa-de-acero-de-plastico-ecologicos-de-alta-resistencia","status":"publish","type":"product","link":"https:\/\/www.jzzmade.com\/es\/producto\/pilotes-de-chapa-de-acero-de-plastico-ecologicos-de-alta-resistencia\/","title":{"rendered":"Tablestacas de pl\u00e1stico-acero especializadas para paisajes ecol\u00f3gicos"},"content":{"rendered":"<p>Los pilotes de chapa de acero de pl\u00e1stico, cuyo n\u00facleo son materiales compuestos de pol\u00edmeros ecol\u00f3gicos, integran el dise\u00f1o de perforaci\u00f3n ecol\u00f3gica con la artesan\u00eda personalizada para paisajismo. No s\u00f3lo cumplen los requisitos de ingenier\u00eda para la estabilidad de taludes y el control de la erosi\u00f3n del suelo, sino que tambi\u00e9n logran una integraci\u00f3n perfecta con los entornos naturales, lo que los convierte en el material preferido para proyectos paisaj\u00edsticos en parques, humedales, zonas esc\u00e9nicas e iniciativas de embellecimiento rural.<\/p>\n<p>&nbsp;<\/p>","protected":false},"excerpt":{"rendered":"<p>Perfectamente integrado en el entorno natural, se ha convertido en el material preferido para la construcci\u00f3n de paisajes en parques, humedales, zonas esc\u00e9nicas y proyectos de embellecimiento rural.<\/p>","protected":false},"featured_media":1360,"comment_status":"open","ping_status":"closed","template":"","meta":[],"product_brand":[],"product_cat":[29],"product_tag":[42],"class_list":{"0":"post-1430","1":"product","2":"type-product","3":"status-publish","4":"has-post-thumbnail","6":"product_cat-plastic-steel-sheet-piles","7":"product_tag-plastic-steel-sheet-piles","9":"first","10":"instock","11":"featured","12":"shipping-taxable","13":"product-type-simple"},"yoast_head":"<!-- This site is optimized with the Yoast SEO Premium plugin v26.4 (Yoast SEO v26.9) - https:\/\/yoast.com\/product\/yoast-seo-premium-wordpress\/ -->\n<title>Specialized Plastic-Steel Sheet Piles for Ecological Landscapes - shandong Jzz Made Co.\uff0cLtd.<\/title>\n<meta name=\"robots\" content=\"index, follow, max-snippet:-1, max-image-preview:large, max-video-preview:-1\" \/>\n<link rel=\"canonical\" href=\"https:\/\/www.jzzmade.com\/es\/producto\/pilotes-de-chapa-de-acero-de-plastico-ecologicos-de-alta-resistencia\/\" \/>\n<meta property=\"og:locale\" content=\"es_ES\" \/>\n<meta property=\"og:type\" content=\"article\" \/>\n<meta property=\"og:title\" content=\"Specialized Plastic-Steel Sheet Piles for Ecological Landscapes\" \/>\n<meta property=\"og:description\" content=\"Seamlessly integrated with the natural environment, it has become the preferred material for landscape construction in parks, wetlands, scenic areas, and rural beautification projects.\" \/>\n<meta property=\"og:url\" content=\"https:\/\/www.jzzmade.com\/es\/producto\/pilotes-de-chapa-de-acero-de-plastico-ecologicos-de-alta-resistencia\/\" \/>\n<meta property=\"og:site_name\" content=\"shandong Jzz Made Co.\uff0cLtd.\" \/>\n<meta property=\"article:modified_time\" content=\"2026-01-05T02:09:48+00:00\" \/>\n<meta property=\"og:image\" content=\"https:\/\/www.jzzmade.com\/wp-content\/uploads\/2025\/11\/18.png\" \/>\n\t<meta property=\"og:image:width\" content=\"750\" \/>\n\t<meta property=\"og:image:height\" content=\"750\" \/>\n\t<meta property=\"og:image:type\" content=\"image\/png\" \/>\n<meta name=\"twitter:card\" content=\"summary_large_image\" \/>\n<meta name=\"twitter:label1\" content=\"Tiempo de lectura\" \/>\n\t<meta name=\"twitter:data1\" content=\"1 minuto\" \/>\n<script type=\"application\/ld+json\" class=\"yoast-schema-graph\">{\"@context\":\"https:\/\/schema.org\",\"@graph\":[{\"@type\":\"WebPage\",\"@id\":\"https:\/\/www.jzzmade.com\/product\/high-strength-eco-friendly-plastic-steel-sheet-piles\/\",\"url\":\"https:\/\/www.jzzmade.com\/product\/high-strength-eco-friendly-plastic-steel-sheet-piles\/\",\"name\":\"Specialized Plastic-Steel Sheet Piles for Ecological Landscapes - shandong Jzz Made Co.\uff0cLtd.\",\"isPartOf\":{\"@id\":\"https:\/\/www.jzzmade.com\/#website\"},\"primaryImageOfPage\":{\"@id\":\"https:\/\/www.jzzmade.com\/product\/high-strength-eco-friendly-plastic-steel-sheet-piles\/#primaryimage\"},\"image\":{\"@id\":\"https:\/\/www.jzzmade.com\/product\/high-strength-eco-friendly-plastic-steel-sheet-piles\/#primaryimage\"},\"thumbnailUrl\":\"https:\/\/www.jzzmade.com\/wp-content\/uploads\/2025\/11\/18.png\",\"datePublished\":\"2025-12-04T09:17:51+00:00\",\"dateModified\":\"2026-01-05T02:09:48+00:00\",\"breadcrumb\":{\"@id\":\"https:\/\/www.jzzmade.com\/product\/high-strength-eco-friendly-plastic-steel-sheet-piles\/#breadcrumb\"},\"inLanguage\":\"es\",\"potentialAction\":[{\"@type\":\"ReadAction\",\"target\":[\"https:\/\/www.jzzmade.com\/product\/high-strength-eco-friendly-plastic-steel-sheet-piles\/\"]}]},{\"@type\":\"ImageObject\",\"inLanguage\":\"es\",\"@id\":\"https:\/\/www.jzzmade.com\/product\/high-strength-eco-friendly-plastic-steel-sheet-piles\/#primaryimage\",\"url\":\"https:\/\/www.jzzmade.com\/wp-content\/uploads\/2025\/11\/18.png\",\"contentUrl\":\"https:\/\/www.jzzmade.com\/wp-content\/uploads\/2025\/11\/18.png\",\"width\":750,\"height\":750},{\"@type\":\"BreadcrumbList\",\"@id\":\"https:\/\/www.jzzmade.com\/product\/high-strength-eco-friendly-plastic-steel-sheet-piles\/#breadcrumb\",\"itemListElement\":[{\"@type\":\"ListItem\",\"position\":1,\"name\":\"Home\",\"item\":\"https:\/\/www.jzzmade.com\/\"},{\"@type\":\"ListItem\",\"position\":2,\"name\":\"Products\",\"item\":\"https:\/\/www.jzzmade.com\/products\/\"},{\"@type\":\"ListItem\",\"position\":3,\"name\":\"Specialized Plastic-Steel Sheet Piles for Ecological Landscapes\"}]},{\"@type\":\"WebSite\",\"@id\":\"https:\/\/www.jzzmade.com\/#website\",\"url\":\"https:\/\/www.jzzmade.com\/\",\"name\":\"shandong Jzz Made Co.\uff0cLtd.\",\"description\":\"\",\"publisher\":{\"@id\":\"https:\/\/www.jzzmade.com\/#organization\"},\"potentialAction\":[{\"@type\":\"SearchAction\",\"target\":{\"@type\":\"EntryPoint\",\"urlTemplate\":\"https:\/\/www.jzzmade.com\/?s={search_term_string}\"},\"query-input\":{\"@type\":\"PropertyValueSpecification\",\"valueRequired\":true,\"valueName\":\"search_term_string\"}}],\"inLanguage\":\"es\"},{\"@type\":\"Organization\",\"@id\":\"https:\/\/www.jzzmade.com\/#organization\",\"name\":\"shandong Jzz Made Co.\uff0cLtd.\",\"url\":\"https:\/\/www.jzzmade.com\/\",\"logo\":{\"@type\":\"ImageObject\",\"inLanguage\":\"es\",\"@id\":\"https:\/\/www.jzzmade.com\/#\/schema\/logo\/image\/\",\"url\":\"https:\/\/www.jzzmade.com\/wp-content\/uploads\/2025\/11\/logo.png\",\"contentUrl\":\"https:\/\/www.jzzmade.com\/wp-content\/uploads\/2025\/11\/logo.png\",\"width\":180,\"height\":58,\"caption\":\"shandong Jzz Made Co.\uff0cLtd.\"},\"image\":{\"@id\":\"https:\/\/www.jzzmade.com\/#\/schema\/logo\/image\/\"}}]}<\/script>\n<!-- \/ Yoast SEO Premium plugin. -->","yoast_head_json":{"title":"Pilas de chapa de pl\u00e1stico-acero especializadas para paisajes ecol\u00f3gicos - shandong Jzz Made Co.\uff0cLtd.","robots":{"index":"index","follow":"follow","max-snippet":"max-snippet:-1","max-image-preview":"max-image-preview:large","max-video-preview":"max-video-preview:-1"},"canonical":"https:\/\/www.jzzmade.com\/es\/producto\/pilotes-de-chapa-de-acero-de-plastico-ecologicos-de-alta-resistencia\/","og_locale":"es_ES","og_type":"article","og_title":"Specialized Plastic-Steel Sheet Piles for Ecological Landscapes","og_description":"Seamlessly integrated with the natural environment, it has become the preferred material for landscape construction in parks, wetlands, scenic areas, and rural beautification projects.","og_url":"https:\/\/www.jzzmade.com\/es\/producto\/pilotes-de-chapa-de-acero-de-plastico-ecologicos-de-alta-resistencia\/","og_site_name":"shandong Jzz Made Co.\uff0cLtd.","article_modified_time":"2026-01-05T02:09:48+00:00","og_image":[{"width":750,"height":750,"url":"https:\/\/www.jzzmade.com\/wp-content\/uploads\/2025\/11\/18.png","type":"image\/png"}],"twitter_card":"summary_large_image","twitter_misc":{"Tiempo de lectura":"1 minuto"},"schema":{"@context":"https:\/\/schema.org","@graph":[{"@type":"WebPage","@id":"https:\/\/www.jzzmade.com\/product\/high-strength-eco-friendly-plastic-steel-sheet-piles\/","url":"https:\/\/www.jzzmade.com\/product\/high-strength-eco-friendly-plastic-steel-sheet-piles\/","name":"Pilas de chapa de pl\u00e1stico-acero especializadas para paisajes ecol\u00f3gicos - shandong Jzz Made Co.\uff0cLtd.","isPartOf":{"@id":"https:\/\/www.jzzmade.com\/#website"},"primaryImageOfPage":{"@id":"https:\/\/www.jzzmade.com\/product\/high-strength-eco-friendly-plastic-steel-sheet-piles\/#primaryimage"},"image":{"@id":"https:\/\/www.jzzmade.com\/product\/high-strength-eco-friendly-plastic-steel-sheet-piles\/#primaryimage"},"thumbnailUrl":"https:\/\/www.jzzmade.com\/wp-content\/uploads\/2025\/11\/18.png","datePublished":"2025-12-04T09:17:51+00:00","dateModified":"2026-01-05T02:09:48+00:00","breadcrumb":{"@id":"https:\/\/www.jzzmade.com\/product\/high-strength-eco-friendly-plastic-steel-sheet-piles\/#breadcrumb"},"inLanguage":"es","potentialAction":[{"@type":"ReadAction","target":["https:\/\/www.jzzmade.com\/product\/high-strength-eco-friendly-plastic-steel-sheet-piles\/"]}]},{"@type":"ImageObject","inLanguage":"es","@id":"https:\/\/www.jzzmade.com\/product\/high-strength-eco-friendly-plastic-steel-sheet-piles\/#primaryimage","url":"https:\/\/www.jzzmade.com\/wp-content\/uploads\/2025\/11\/18.png","contentUrl":"https:\/\/www.jzzmade.com\/wp-content\/uploads\/2025\/11\/18.png","width":750,"height":750},{"@type":"BreadcrumbList","@id":"https:\/\/www.jzzmade.com\/product\/high-strength-eco-friendly-plastic-steel-sheet-piles\/#breadcrumb","itemListElement":[{"@type":"ListItem","position":1,"name":"Home","item":"https:\/\/www.jzzmade.com\/"},{"@type":"ListItem","position":2,"name":"Products","item":"https:\/\/www.jzzmade.com\/products\/"},{"@type":"ListItem","position":3,"name":"Specialized Plastic-Steel Sheet Piles for Ecological Landscapes"}]},{"@type":"WebSite","@id":"https:\/\/www.jzzmade.com\/#website","url":"https:\/\/www.jzzmade.com\/","name":"shandong Jzz Made Co.\uff0cLtd.","description":"","publisher":{"@id":"https:\/\/www.jzzmade.com\/#organization"},"potentialAction":[{"@type":"SearchAction","target":{"@type":"EntryPoint","urlTemplate":"https:\/\/www.jzzmade.com\/?s={search_term_string}"},"query-input":{"@type":"PropertyValueSpecification","valueRequired":true,"valueName":"search_term_string"}}],"inLanguage":"es"},{"@type":"Organization","@id":"https:\/\/www.jzzmade.com\/#organization","name":"shandong Jzz Made Co.\uff0cLtd.","url":"https:\/\/www.jzzmade.com\/","logo":{"@type":"ImageObject","inLanguage":"es","@id":"https:\/\/www.jzzmade.com\/#\/schema\/logo\/image\/","url":"https:\/\/www.jzzmade.com\/wp-content\/uploads\/2025\/11\/logo.png","contentUrl":"https:\/\/www.jzzmade.com\/wp-content\/uploads\/2025\/11\/logo.png","width":180,"height":58,"caption":"shandong Jzz Made Co.\uff0cLtd."},"image":{"@id":"https:\/\/www.jzzmade.com\/#\/schema\/logo\/image\/"}}]}},"_links":{"self":[{"href":"https:\/\/www.jzzmade.com\/es\/wp-json\/wp\/v2\/product\/1430","targetHints":{"allow":["GET"]}}],"collection":[{"href":"https:\/\/www.jzzmade.com\/es\/wp-json\/wp\/v2\/product"}],"about":[{"href":"https:\/\/www.jzzmade.com\/es\/wp-json\/wp\/v2\/types\/product"}],"replies":[{"embeddable":true,"href":"https:\/\/www.jzzmade.com\/es\/wp-json\/wp\/v2\/comments?post=1430"}],"wp:featuredmedia":[{"embeddable":true,"href":"https:\/\/www.jzzmade.com\/es\/wp-json\/wp\/v2\/media\/1360"}],"wp:attachment":[{"href":"https:\/\/www.jzzmade.com\/es\/wp-json\/wp\/v2\/media?parent=1430"}],"wp:term":[{"taxonomy":"product_brand","embeddable":true,"href":"https:\/\/www.jzzmade.com\/es\/wp-json\/wp\/v2\/product_brand?post=1430"},{"taxonomy":"product_cat","embeddable":true,"href":"https:\/\/www.jzzmade.com\/es\/wp-json\/wp\/v2\/product_cat?post=1430"},{"taxonomy":"product_tag","embeddable":true,"href":"https:\/\/www.jzzmade.com\/es\/wp-json\/wp\/v2\/product_tag?post=1430"}],"curies":[{"name":"wp","href":"https:\/\/api.w.org\/{rel}","templated":true}]}}