{"id":79,"date":"2025-11-12T06:53:14","date_gmt":"2025-11-12T06:53:14","guid":{"rendered":"https:\/\/jzzmade.com\/?page_id=79"},"modified":"2026-01-30T11:44:36","modified_gmt":"2026-01-30T03:44:36","slug":"historia-del-desarrollo","status":"publish","type":"page","link":"https:\/\/www.jzzmade.com\/es\/historia-del-desarrollo\/","title":{"rendered":"Historia del desarrollo"},"content":{"rendered":"<div data-elementor-type=\"wp-page\" data-elementor-id=\"79\" class=\"elementor elementor-79\" data-elementor-post-type=\"page\">\n\t\t\t\t<div class=\"elementor-element elementor-element-a2999d4 e-flex e-con-boxed e-con e-parent\" data-id=\"a2999d4\" data-element_type=\"container\" data-e-type=\"container\" data-settings=\"{&quot;background_background&quot;:&quot;classic&quot;}\">\n\t\t\t\t\t<div class=\"e-con-inner\">\n\t\t\t\t<div class=\"elementor-element elementor-element-b9b32e4 elementor-widget elementor-widget-breadcrumbs\" data-id=\"b9b32e4\" data-element_type=\"widget\" data-e-type=\"widget\" data-widget_type=\"breadcrumbs.default\">\n\t\t\t\t\t<p id=\"breadcrumbs\"><span><span><a href=\"https:\/\/www.jzzmade.com\/es\/\">Inicio<\/a><\/span><\/span><\/p>\t\t\t\t<\/div>\n\t\t\t\t\t<\/div>\n\t\t\t\t<\/div>\n\t\t<div class=\"elementor-element elementor-element-34d2f6b e-flex e-con-boxed e-con e-parent\" data-id=\"34d2f6b\" data-element_type=\"container\" data-e-type=\"container\">\n\t\t\t\t\t<div class=\"e-con-inner\">\n\t\t\t\t<div class=\"elementor-element elementor-element-e62ae20 elementor-nav-menu__align-center elementor-nav-menu--dropdown-none elementor-widget elementor-widget-nav-menu\" data-id=\"e62ae20\" data-element_type=\"widget\" data-e-type=\"widget\" data-settings=\"{&quot;layout&quot;:&quot;horizontal&quot;,&quot;submenu_icon&quot;:{&quot;value&quot;:&quot;&lt;svg aria-hidden=\\&quot;true\\&quot; class=\\&quot;e-font-icon-svg e-fas-caret-down\\&quot; viewBox=\\&quot;0 0 320 512\\&quot; xmlns=\\&quot;http:\\\/\\\/www.w3.org\\\/2000\\\/svg\\&quot;&gt;&lt;path d=\\&quot;M31.3 192h257.3c17.8 0 26.7 21.5 14.1 34.1L174.1 354.8c-7.8 7.8-20.5 7.8-28.3 0L17.2 226.1C4.6 213.5 13.5 192 31.3 192z\\&quot;&gt;&lt;\\\/path&gt;&lt;\\\/svg&gt;&quot;,&quot;library&quot;:&quot;fa-solid&quot;}}\" data-widget_type=\"nav-menu.default\">\n\t\t\t\t\t\t\t\t<nav aria-label=\"Men\u00fa\" class=\"elementor-nav-menu--main elementor-nav-menu__container elementor-nav-menu--layout-horizontal e--pointer-none\">\n\t\t\t\t<ul id=\"menu-1-e62ae20\" class=\"elementor-nav-menu\"><li class=\"menu-item menu-item-type-post_type menu-item-object-page menu-item-194\"><a href=\"https:\/\/www.jzzmade.com\/es\/acerca-de-nosotros\/\" class=\"elementor-item\">Presentaci\u00f3n de la marca<\/a><\/li>\n<li class=\"menu-item menu-item-type-post_type menu-item-object-page menu-item-195\"><a href=\"https:\/\/www.jzzmade.com\/es\/historia-del-desarrollo\/\" class=\"elementor-item\">Historia del desarrollo<\/a><\/li>\n<li class=\"menu-item menu-item-type-post_type menu-item-object-page menu-item-196\"><a href=\"https:\/\/www.jzzmade.com\/es\/servicio\/\" class=\"elementor-item\">Servicio<\/a><\/li>\n<li class=\"menu-item menu-item-type-post_type menu-item-object-page menu-item-197\"><a href=\"https:\/\/www.jzzmade.com\/es\/contacto\/\" class=\"elementor-item\">CONTACTO<\/a><\/li>\n<\/ul>\t\t\t<\/nav>\n\t\t\t\t\t\t<nav class=\"elementor-nav-menu--dropdown elementor-nav-menu__container\" aria-hidden=\"true\">\n\t\t\t\t<ul id=\"menu-2-e62ae20\" class=\"elementor-nav-menu\"><li class=\"menu-item menu-item-type-post_type menu-item-object-page menu-item-194\"><a href=\"https:\/\/www.jzzmade.com\/es\/acerca-de-nosotros\/\" class=\"elementor-item\" tabindex=\"-1\">Presentaci\u00f3n de la marca<\/a><\/li>\n<li class=\"menu-item menu-item-type-post_type menu-item-object-page menu-item-195\"><a href=\"https:\/\/www.jzzmade.com\/es\/historia-del-desarrollo\/\" class=\"elementor-item\" tabindex=\"-1\">Historia del desarrollo<\/a><\/li>\n<li class=\"menu-item menu-item-type-post_type menu-item-object-page menu-item-196\"><a href=\"https:\/\/www.jzzmade.com\/es\/servicio\/\" class=\"elementor-item\" tabindex=\"-1\">Servicio<\/a><\/li>\n<li class=\"menu-item menu-item-type-post_type menu-item-object-page menu-item-197\"><a href=\"https:\/\/www.jzzmade.com\/es\/contacto\/\" class=\"elementor-item\" tabindex=\"-1\">CONTACTO<\/a><\/li>\n<\/ul>\t\t\t<\/nav>\n\t\t\t\t\t\t<\/div>\n\t\t\t\t\t<\/div>\n\t\t\t\t<\/div>\n\t\t<div class=\"elementor-element elementor-element-fa8849a e-flex e-con-boxed e-con e-parent\" data-id=\"fa8849a\" data-element_type=\"container\" data-e-type=\"container\">\n\t\t\t\t\t<div class=\"e-con-inner\">\n\t\t<div class=\"elementor-element elementor-element-6fe6f5c e-con-full e-flex e-con e-child\" data-id=\"6fe6f5c\" data-element_type=\"container\" data-e-type=\"container\">\n\t\t\t\t<div class=\"elementor-element elementor-element-c4a4109 elementor-widget elementor-widget-heading\" data-id=\"c4a4109\" data-element_type=\"widget\" data-e-type=\"widget\" data-widget_type=\"heading.default\">\n\t\t\t\t\t<h5 class=\"elementor-heading-title elementor-size-default\">Nuestra historia<\/h5>\t\t\t\t<\/div>\n\t\t\t\t<div class=\"elementor-element elementor-element-dba888e elementor-widget-divider--view-line elementor-widget elementor-widget-divider\" data-id=\"dba888e\" data-element_type=\"widget\" data-e-type=\"widget\" data-widget_type=\"divider.default\">\n\t\t\t\t\t\t\t<div class=\"elementor-divider\">\n\t\t\t<span class=\"elementor-divider-separator\">\n\t\t\t\t\t\t<\/span>\n\t\t<\/div>\n\t\t\t\t\t\t<\/div>\n\t\t<div class=\"elementor-element elementor-element-c5addfb e-con-full e-grid e-con e-child\" data-id=\"c5addfb\" data-element_type=\"container\" data-e-type=\"container\">\n\t\t\t\t<div class=\"elementor-element elementor-element-106bca1 elementor-widget elementor-widget-image\" data-id=\"106bca1\" data-element_type=\"widget\" data-e-type=\"widget\" data-widget_type=\"image.default\">\n\t\t\t\t\t\t\t\t\t\t\t\t\t\t\t<img fetchpriority=\"high\" decoding=\"async\" width=\"800\" height=\"446\" src=\"https:\/\/www.jzzmade.com\/wp-content\/uploads\/2026\/01\/\u5fae\u4fe1\u56fe\u7247_20260130114216.jpg\" class=\"attachment-full size-full wp-image-1683\" alt=\"\" srcset=\"https:\/\/www.jzzmade.com\/wp-content\/uploads\/2026\/01\/\u5fae\u4fe1\u56fe\u7247_20260130114216.jpg 800w, https:\/\/www.jzzmade.com\/wp-content\/uploads\/2026\/01\/\u5fae\u4fe1\u56fe\u7247_20260130114216-300x167.jpg 300w, https:\/\/www.jzzmade.com\/wp-content\/uploads\/2026\/01\/\u5fae\u4fe1\u56fe\u7247_20260130114216-768x428.jpg 768w, https:\/\/www.jzzmade.com\/wp-content\/uploads\/2026\/01\/\u5fae\u4fe1\u56fe\u7247_20260130114216-18x10.jpg 18w, https:\/\/www.jzzmade.com\/wp-content\/uploads\/2026\/01\/\u5fae\u4fe1\u56fe\u7247_20260130114216-600x335.jpg 600w\" sizes=\"(max-width: 800px) 100vw, 800px\" \/>\t\t\t\t\t\t\t\t\t\t\t\t\t\t\t<\/div>\n\t\t<div class=\"elementor-element elementor-element-07918fa e-con-full e-flex e-con e-child\" data-id=\"07918fa\" data-element_type=\"container\" data-e-type=\"container\">\n\t\t\t\t<div class=\"elementor-element elementor-element-11140c0 elementor-widget elementor-widget-text-editor\" data-id=\"11140c0\" data-element_type=\"widget\" data-e-type=\"widget\" data-widget_type=\"text-editor.default\">\n\t\t\t\t\t\t\t\t\t<h2><strong><b>Posicionamiento de la empresa y actividad principal<\/b><\/strong><\/h2><p>Shandong Jinzhongzhao es una empresa china profesional centrada en I+D, producci\u00f3n y soluciones integradas para tablestacas de acero de pl\u00e1stico y tablestacas de PVC. Con a\u00f1os de experiencia en el sector, su objetivo es suministrar materiales de ingenier\u00eda ecol\u00f3gicos y de alto rendimiento, ofreciendo productos de calidad y asistencia t\u00e9cnica para proyectos de conservaci\u00f3n del agua, municipales y medioambientales. Como referente del sector, cuenta con una s\u00f3lida capacidad de I+D y una producci\u00f3n a gran escala, y est\u00e1 expandiendo activamente el comercio mundial para construir una red de cooperaci\u00f3n que abarque Asia, Europa, \u00c1frica y Am\u00e9rica, promoviendo los materiales de ingenier\u00eda ecol\u00f3gicos chinos en todo el mundo y apoyando la construcci\u00f3n de infraestructuras de la Franja y la Ruta.<\/p>\t\t\t\t\t\t\t\t<\/div>\n\t\t\t\t<\/div>\n\t\t\t\t<\/div>\n\t\t<div class=\"elementor-element elementor-element-0e5f403 e-con-full e-grid e-con e-child\" data-id=\"0e5f403\" data-element_type=\"container\" data-e-type=\"container\">\n\t\t\t\t<div class=\"elementor-element elementor-element-d10bc79 elementor-widget elementor-widget-image\" data-id=\"d10bc79\" data-element_type=\"widget\" data-e-type=\"widget\" data-widget_type=\"image.default\">\n\t\t\t\t\t\t\t\t\t\t\t\t\t\t\t<img decoding=\"async\" width=\"800\" height=\"407\" src=\"https:\/\/www.jzzmade.com\/wp-content\/uploads\/2026\/01\/\u5fae\u4fe1\u56fe\u7247_20260130114219.jpg\" class=\"attachment-full size-full wp-image-1684\" alt=\"\" srcset=\"https:\/\/www.jzzmade.com\/wp-content\/uploads\/2026\/01\/\u5fae\u4fe1\u56fe\u7247_20260130114219.jpg 800w, https:\/\/www.jzzmade.com\/wp-content\/uploads\/2026\/01\/\u5fae\u4fe1\u56fe\u7247_20260130114219-300x153.jpg 300w, https:\/\/www.jzzmade.com\/wp-content\/uploads\/2026\/01\/\u5fae\u4fe1\u56fe\u7247_20260130114219-768x391.jpg 768w, https:\/\/www.jzzmade.com\/wp-content\/uploads\/2026\/01\/\u5fae\u4fe1\u56fe\u7247_20260130114219-18x9.jpg 18w, https:\/\/www.jzzmade.com\/wp-content\/uploads\/2026\/01\/\u5fae\u4fe1\u56fe\u7247_20260130114219-600x305.jpg 600w\" sizes=\"(max-width: 800px) 100vw, 800px\" \/>\t\t\t\t\t\t\t\t\t\t\t\t\t\t\t<\/div>\n\t\t<div class=\"elementor-element elementor-element-b31f10d e-con-full e-flex e-con e-child\" data-id=\"b31f10d\" data-element_type=\"container\" data-e-type=\"container\">\n\t\t\t\t<div class=\"elementor-element elementor-element-7c28e03 elementor-widget elementor-widget-text-editor\" data-id=\"7c28e03\" data-element_type=\"widget\" data-e-type=\"widget\" data-widget_type=\"text-editor.default\">\n\t\t\t\t\t\t\t\t\t<h2><strong><b>Principales ventajas<\/b><\/strong><\/h2><p><strong>Tecnolog\u00eda y producci\u00f3n<\/strong>: Equipada con avanzados equipos de producci\u00f3n, adopta compuestos reforzados con pol\u00edmeros y moldeo por extrusi\u00f3n profesional para garantizar una calidad estable. Su equipo de I+D optimiza continuamente los productos para obtener alta resistencia, resistencia a la corrosi\u00f3n, resistencia al envejecimiento y excelente tenacidad a bajas temperaturas, satisfaciendo las necesidades de proyectos complejos.<\/p><p><strong>Medio ambiente y garant\u00eda de calidad<\/strong>: Sin plomo ni plastificantes, los productos son reciclables y cumplen las normas nacionales de ingenier\u00eda ecol\u00f3gica. Todos los productos superan pruebas autorizadas, con un control de calidad de todo el proceso, desde las materias primas hasta la producci\u00f3n, lo que garantiza una calidad trazable.<\/p><p><strong>Coste y valor<\/strong>: Como fabricante directo, elimina intermediarios, ofreciendo precios directos de f\u00e1brica para reducir los costes de adquisici\u00f3n de los clientes en m\u00e1s de 30%, equilibrando alta calidad y rentabilidad.<\/p>\t\t\t\t\t\t\t\t<\/div>\n\t\t\t\t<\/div>\n\t\t\t\t<\/div>\n\t\t\t\t<\/div>\n\t\t<div class=\"elementor-element elementor-element-1fe76c6 e-con-full e-flex e-con e-child\" data-id=\"1fe76c6\" data-element_type=\"container\" data-e-type=\"container\">\n\t\t<div class=\"elementor-element elementor-element-148fa7c e-con-full e-grid e-con e-child\" data-id=\"148fa7c\" data-element_type=\"container\" data-e-type=\"container\">\n\t\t\t\t<div class=\"elementor-element elementor-element-f57927f elementor-widget elementor-widget-image\" data-id=\"f57927f\" data-element_type=\"widget\" data-e-type=\"widget\" data-widget_type=\"image.default\">\n\t\t\t\t\t\t\t\t\t\t\t\t\t\t\t<img decoding=\"async\" width=\"800\" height=\"717\" src=\"https:\/\/www.jzzmade.com\/wp-content\/uploads\/2026\/01\/\u5fae\u4fe1\u56fe\u7247_20260130114212.jpg\" class=\"attachment-full size-full wp-image-1685\" alt=\"\" srcset=\"https:\/\/www.jzzmade.com\/wp-content\/uploads\/2026\/01\/\u5fae\u4fe1\u56fe\u7247_20260130114212.jpg 800w, https:\/\/www.jzzmade.com\/wp-content\/uploads\/2026\/01\/\u5fae\u4fe1\u56fe\u7247_20260130114212-300x269.jpg 300w, https:\/\/www.jzzmade.com\/wp-content\/uploads\/2026\/01\/\u5fae\u4fe1\u56fe\u7247_20260130114212-768x688.jpg 768w, https:\/\/www.jzzmade.com\/wp-content\/uploads\/2026\/01\/\u5fae\u4fe1\u56fe\u7247_20260130114212-13x12.jpg 13w, https:\/\/www.jzzmade.com\/wp-content\/uploads\/2026\/01\/\u5fae\u4fe1\u56fe\u7247_20260130114212-600x538.jpg 600w\" sizes=\"(max-width: 800px) 100vw, 800px\" \/>\t\t\t\t\t\t\t\t\t\t\t\t\t\t\t<\/div>\n\t\t<div class=\"elementor-element elementor-element-ef55aa1 e-con-full e-flex e-con e-child\" data-id=\"ef55aa1\" data-element_type=\"container\" data-e-type=\"container\">\n\t\t\t\t<div class=\"elementor-element elementor-element-c148f5b elementor-widget elementor-widget-text-editor\" data-id=\"c148f5b\" data-element_type=\"widget\" data-e-type=\"widget\" data-widget_type=\"text-editor.default\">\n\t\t\t\t\t\t\t\t\t<h2><strong><b>Aplicaciones de los productos<\/b><\/strong><\/h2><p>Conservaci\u00f3n del agua: Protecci\u00f3n de riberas, control de inundaciones, control de la erosi\u00f3n del suelo y gesti\u00f3n de inundaciones urbanas, mejora de la eficiencia de la descarga de inundaciones. Ingenier\u00eda municipal: Apoyo a la excavaci\u00f3n, construcci\u00f3n de t\u00faneles subterr\u00e1neos para servicios p\u00fablicos e interceptaci\u00f3n de aguas residuales, con una huella peque\u00f1a, bajo impacto medioambiental y una eficiencia de construcci\u00f3n 5 veces mayor. Protecci\u00f3n del medio ambiente: Construcci\u00f3n de tanques de tratamiento de aguas residuales y restauraci\u00f3n ecol\u00f3gica, apoyando la conservaci\u00f3n del medio ambiente con materiales ecol\u00f3gicos.<\/p><h2><strong><b>Sistema de servicios y visi\u00f3n de empresa<\/b><\/strong><\/h2><p>Centrada en el cliente, ofrece servicios personalizados: soluciones previas a la construcci\u00f3n basadas en la geolog\u00eda y las necesidades del proyecto, orientaci\u00f3n t\u00e9cnica in situ durante la construcci\u00f3n y un eficiente servicio posventa posterior a la construcci\u00f3n. Su cooperaci\u00f3n global progresa constantemente: 2023, asociaci\u00f3n con empresas tanzanas para proyectos de irrigaci\u00f3n en Kagera; 2024, colaboraci\u00f3n con sus hom\u00f3logos de Kirguist\u00e1n en infraestructuras de conservaci\u00f3n del agua; 2025, cooperaci\u00f3n europea intencionada y asociaci\u00f3n con empresas filipinas para la mejora del r\u00edo Luz\u00f3n y mejoras de irrigaci\u00f3n, adem\u00e1s de otros pedidos del Sudeste Asi\u00e1tico; 2026, cooperaci\u00f3n con empresas peruanas para proyectos de irrigaci\u00f3n en Piura y conversaciones avanzadas con socios brasile\u00f1os para completar el dise\u00f1o del mercado americano. Con una calidad fiable, ventajas en costes y un servicio esmerado, se ha convertido en el socio preferido para los principales proyectos nacionales y extranjeros. En el futuro, profundizar\u00e1 en su experiencia en tablestacas de acero de pl\u00e1stico, ampliar\u00e1 el comercio mundial y trabajar\u00e1 con socios para establecer nuevos puntos de referencia en la industria.<\/p><p>P\u00f3ngase en contacto con nosotros: Para los detalles del producto o soluciones personalizadas, p\u00f3ngase en contacto con nosotros en cualquier momento para la cooperaci\u00f3n estable a largo plazo.<\/p><p>\u00a0<\/p>\t\t\t\t\t\t\t\t<\/div>\n\t\t\t\t<\/div>\n\t\t\t\t<\/div>\n\t\t\t\t<\/div>\n\t\t\t\t\t<\/div>\n\t\t\t\t<\/div>\n\t\t\t\t<\/div>","protected":false},"excerpt":{"rendered":"<p>Our History Corporate Positioning &amp; Core Business Shandong Jinzhongzhao is a professional Chinese enterprise focusing on R&amp;D, production and integrated solutions for plastic steel sheet piles and PVC sheet piles. With years of industry experience, it aims to provide high-performance, eco-friendly engineering materials, offering quality products and technical support for water conservancy, municipal and environmental [&hellip;]<\/p>","protected":false},"author":1,"featured_media":0,"parent":0,"menu_order":0,"comment_status":"closed","ping_status":"closed","template":"","meta":{"footnotes":""},"class_list":["post-79","page","type-page","status-publish","hentry"],"yoast_head":"<!-- This site is optimized with the Yoast SEO Premium plugin v26.4 (Yoast SEO v26.9) - https:\/\/yoast.com\/product\/yoast-seo-premium-wordpress\/ -->\n<title>Development History - shandong Jzz Made Co.\uff0cLtd.<\/title>\n<meta name=\"robots\" content=\"index, follow, max-snippet:-1, max-image-preview:large, max-video-preview:-1\" \/>\n<link rel=\"canonical\" href=\"https:\/\/www.jzzmade.com\/es\/historia-del-desarrollo\/\" \/>\n<meta property=\"og:locale\" content=\"es_ES\" \/>\n<meta property=\"og:type\" content=\"article\" \/>\n<meta property=\"og:title\" content=\"Development History\" \/>\n<meta property=\"og:description\" content=\"Our History Corporate Positioning &amp; Core Business Shandong Jinzhongzhao is a professional Chinese enterprise focusing on R&amp;D, production and integrated solutions for plastic steel sheet piles and PVC sheet piles. With years of industry experience, it aims to provide high-performance, eco-friendly engineering materials, offering quality products and technical support for water conservancy, municipal and environmental [&hellip;]\" \/>\n<meta property=\"og:url\" content=\"https:\/\/www.jzzmade.com\/es\/historia-del-desarrollo\/\" \/>\n<meta property=\"og:site_name\" content=\"shandong Jzz Made Co.\uff0cLtd.\" \/>\n<meta property=\"article:modified_time\" content=\"2026-01-30T03:44:36+00:00\" \/>\n<meta name=\"twitter:card\" content=\"summary_large_image\" \/>\n<meta name=\"twitter:label1\" content=\"Tiempo de lectura\" \/>\n\t<meta name=\"twitter:data1\" content=\"2 minutos\" \/>\n<script type=\"application\/ld+json\" class=\"yoast-schema-graph\">{\"@context\":\"https:\/\/schema.org\",\"@graph\":[{\"@type\":\"WebPage\",\"@id\":\"https:\/\/www.jzzmade.com\/development-history\/\",\"url\":\"https:\/\/www.jzzmade.com\/development-history\/\",\"name\":\"Development History - shandong Jzz Made Co.\uff0cLtd.\",\"isPartOf\":{\"@id\":\"https:\/\/www.jzzmade.com\/#website\"},\"datePublished\":\"2025-11-12T06:53:14+00:00\",\"dateModified\":\"2026-01-30T03:44:36+00:00\",\"breadcrumb\":{\"@id\":\"https:\/\/www.jzzmade.com\/development-history\/#breadcrumb\"},\"inLanguage\":\"es\",\"potentialAction\":[{\"@type\":\"ReadAction\",\"target\":[\"https:\/\/www.jzzmade.com\/development-history\/\"]}]},{\"@type\":\"BreadcrumbList\",\"@id\":\"https:\/\/www.jzzmade.com\/development-history\/#breadcrumb\",\"itemListElement\":[{\"@type\":\"ListItem\",\"position\":1,\"name\":\"Home\",\"item\":\"https:\/\/www.jzzmade.com\/\"},{\"@type\":\"ListItem\",\"position\":2,\"name\":\"Development History\"}]},{\"@type\":\"WebSite\",\"@id\":\"https:\/\/www.jzzmade.com\/#website\",\"url\":\"https:\/\/www.jzzmade.com\/\",\"name\":\"shandong Jzz Made Co.\uff0cLtd.\",\"description\":\"\",\"publisher\":{\"@id\":\"https:\/\/www.jzzmade.com\/#organization\"},\"potentialAction\":[{\"@type\":\"SearchAction\",\"target\":{\"@type\":\"EntryPoint\",\"urlTemplate\":\"https:\/\/www.jzzmade.com\/?s={search_term_string}\"},\"query-input\":{\"@type\":\"PropertyValueSpecification\",\"valueRequired\":true,\"valueName\":\"search_term_string\"}}],\"inLanguage\":\"es\"},{\"@type\":\"Organization\",\"@id\":\"https:\/\/www.jzzmade.com\/#organization\",\"name\":\"shandong Jzz Made Co.\uff0cLtd.\",\"url\":\"https:\/\/www.jzzmade.com\/\",\"logo\":{\"@type\":\"ImageObject\",\"inLanguage\":\"es\",\"@id\":\"https:\/\/www.jzzmade.com\/#\/schema\/logo\/image\/\",\"url\":\"https:\/\/www.jzzmade.com\/wp-content\/uploads\/2025\/11\/logo.png\",\"contentUrl\":\"https:\/\/www.jzzmade.com\/wp-content\/uploads\/2025\/11\/logo.png\",\"width\":180,\"height\":58,\"caption\":\"shandong Jzz Made Co.\uff0cLtd.\"},\"image\":{\"@id\":\"https:\/\/www.jzzmade.com\/#\/schema\/logo\/image\/\"}}]}<\/script>\n<!-- \/ Yoast SEO Premium plugin. -->","yoast_head_json":{"title":"Historia del desarrollo - shandong Jzz Made Co.\uff0cLtd.","robots":{"index":"index","follow":"follow","max-snippet":"max-snippet:-1","max-image-preview":"max-image-preview:large","max-video-preview":"max-video-preview:-1"},"canonical":"https:\/\/www.jzzmade.com\/es\/historia-del-desarrollo\/","og_locale":"es_ES","og_type":"article","og_title":"Development History","og_description":"Our History Corporate Positioning &amp; Core Business Shandong Jinzhongzhao is a professional Chinese enterprise focusing on R&amp;D, production and integrated solutions for plastic steel sheet piles and PVC sheet piles. With years of industry experience, it aims to provide high-performance, eco-friendly engineering materials, offering quality products and technical support for water conservancy, municipal and environmental [&hellip;]","og_url":"https:\/\/www.jzzmade.com\/es\/historia-del-desarrollo\/","og_site_name":"shandong Jzz Made Co.\uff0cLtd.","article_modified_time":"2026-01-30T03:44:36+00:00","twitter_card":"summary_large_image","twitter_misc":{"Tiempo de lectura":"2 minutos"},"schema":{"@context":"https:\/\/schema.org","@graph":[{"@type":"WebPage","@id":"https:\/\/www.jzzmade.com\/development-history\/","url":"https:\/\/www.jzzmade.com\/development-history\/","name":"Historia del desarrollo - shandong Jzz Made Co.\uff0cLtd.","isPartOf":{"@id":"https:\/\/www.jzzmade.com\/#website"},"datePublished":"2025-11-12T06:53:14+00:00","dateModified":"2026-01-30T03:44:36+00:00","breadcrumb":{"@id":"https:\/\/www.jzzmade.com\/development-history\/#breadcrumb"},"inLanguage":"es","potentialAction":[{"@type":"ReadAction","target":["https:\/\/www.jzzmade.com\/development-history\/"]}]},{"@type":"BreadcrumbList","@id":"https:\/\/www.jzzmade.com\/development-history\/#breadcrumb","itemListElement":[{"@type":"ListItem","position":1,"name":"Home","item":"https:\/\/www.jzzmade.com\/"},{"@type":"ListItem","position":2,"name":"Development History"}]},{"@type":"WebSite","@id":"https:\/\/www.jzzmade.com\/#website","url":"https:\/\/www.jzzmade.com\/","name":"shandong Jzz Made Co.\uff0cLtd.","description":"","publisher":{"@id":"https:\/\/www.jzzmade.com\/#organization"},"potentialAction":[{"@type":"SearchAction","target":{"@type":"EntryPoint","urlTemplate":"https:\/\/www.jzzmade.com\/?s={search_term_string}"},"query-input":{"@type":"PropertyValueSpecification","valueRequired":true,"valueName":"search_term_string"}}],"inLanguage":"es"},{"@type":"Organization","@id":"https:\/\/www.jzzmade.com\/#organization","name":"shandong Jzz Made Co.\uff0cLtd.","url":"https:\/\/www.jzzmade.com\/","logo":{"@type":"ImageObject","inLanguage":"es","@id":"https:\/\/www.jzzmade.com\/#\/schema\/logo\/image\/","url":"https:\/\/www.jzzmade.com\/wp-content\/uploads\/2025\/11\/logo.png","contentUrl":"https:\/\/www.jzzmade.com\/wp-content\/uploads\/2025\/11\/logo.png","width":180,"height":58,"caption":"shandong Jzz Made Co.\uff0cLtd."},"image":{"@id":"https:\/\/www.jzzmade.com\/#\/schema\/logo\/image\/"}}]}},"_hostinger_reach_plugin_has_subscription_block":false,"_hostinger_reach_plugin_is_elementor":false,"_links":{"self":[{"href":"https:\/\/www.jzzmade.com\/es\/wp-json\/wp\/v2\/pages\/79","targetHints":{"allow":["GET"]}}],"collection":[{"href":"https:\/\/www.jzzmade.com\/es\/wp-json\/wp\/v2\/pages"}],"about":[{"href":"https:\/\/www.jzzmade.com\/es\/wp-json\/wp\/v2\/types\/page"}],"author":[{"embeddable":true,"href":"https:\/\/www.jzzmade.com\/es\/wp-json\/wp\/v2\/users\/1"}],"replies":[{"embeddable":true,"href":"https:\/\/www.jzzmade.com\/es\/wp-json\/wp\/v2\/comments?post=79"}],"version-history":[{"count":19,"href":"https:\/\/www.jzzmade.com\/es\/wp-json\/wp\/v2\/pages\/79\/revisions"}],"predecessor-version":[{"id":1688,"href":"https:\/\/www.jzzmade.com\/es\/wp-json\/wp\/v2\/pages\/79\/revisions\/1688"}],"wp:attachment":[{"href":"https:\/\/www.jzzmade.com\/es\/wp-json\/wp\/v2\/media?parent=79"}],"curies":[{"name":"wp","href":"https:\/\/api.w.org\/{rel}","templated":true}]}}