{"id":79,"date":"2025-11-12T06:53:14","date_gmt":"2025-11-12T06:53:14","guid":{"rendered":"https:\/\/jzzmade.com\/?page_id=79"},"modified":"2026-01-30T11:44:36","modified_gmt":"2026-01-30T03:44:36","slug":"entwicklungsgeschichte","status":"publish","type":"page","link":"https:\/\/www.jzzmade.com\/de\/entwicklungsgeschichte\/","title":{"rendered":"Entwicklungsgeschichte"},"content":{"rendered":"<div data-elementor-type=\"wp-page\" data-elementor-id=\"79\" class=\"elementor elementor-79\" data-elementor-post-type=\"page\">\n\t\t\t\t<div class=\"elementor-element elementor-element-a2999d4 e-flex e-con-boxed e-con e-parent\" data-id=\"a2999d4\" data-element_type=\"container\" data-e-type=\"container\" data-settings=\"{&quot;background_background&quot;:&quot;classic&quot;}\">\n\t\t\t\t\t<div class=\"e-con-inner\">\n\t\t\t\t<div class=\"elementor-element elementor-element-b9b32e4 elementor-widget elementor-widget-breadcrumbs\" data-id=\"b9b32e4\" data-element_type=\"widget\" data-e-type=\"widget\" data-widget_type=\"breadcrumbs.default\">\n\t\t\t\t\t<p id=\"breadcrumbs\"><span><span><a href=\"https:\/\/www.jzzmade.com\/de\/\">Startseite<\/a><\/span><\/span><\/p>\t\t\t\t<\/div>\n\t\t\t\t\t<\/div>\n\t\t\t\t<\/div>\n\t\t<div class=\"elementor-element elementor-element-34d2f6b e-flex e-con-boxed e-con e-parent\" data-id=\"34d2f6b\" data-element_type=\"container\" data-e-type=\"container\">\n\t\t\t\t\t<div class=\"e-con-inner\">\n\t\t\t\t<div class=\"elementor-element elementor-element-e62ae20 elementor-nav-menu__align-center elementor-nav-menu--dropdown-none elementor-widget elementor-widget-nav-menu\" data-id=\"e62ae20\" data-element_type=\"widget\" data-e-type=\"widget\" data-settings=\"{&quot;layout&quot;:&quot;horizontal&quot;,&quot;submenu_icon&quot;:{&quot;value&quot;:&quot;&lt;svg aria-hidden=\\&quot;true\\&quot; class=\\&quot;e-font-icon-svg e-fas-caret-down\\&quot; viewBox=\\&quot;0 0 320 512\\&quot; xmlns=\\&quot;http:\\\/\\\/www.w3.org\\\/2000\\\/svg\\&quot;&gt;&lt;path d=\\&quot;M31.3 192h257.3c17.8 0 26.7 21.5 14.1 34.1L174.1 354.8c-7.8 7.8-20.5 7.8-28.3 0L17.2 226.1C4.6 213.5 13.5 192 31.3 192z\\&quot;&gt;&lt;\\\/path&gt;&lt;\\\/svg&gt;&quot;,&quot;library&quot;:&quot;fa-solid&quot;}}\" data-widget_type=\"nav-menu.default\">\n\t\t\t\t\t\t\t\t<nav aria-label=\"Men\u00fc\" class=\"elementor-nav-menu--main elementor-nav-menu__container elementor-nav-menu--layout-horizontal e--pointer-none\">\n\t\t\t\t<ul id=\"menu-1-e62ae20\" class=\"elementor-nav-menu\"><li class=\"menu-item menu-item-type-post_type menu-item-object-page menu-item-194\"><a href=\"https:\/\/www.jzzmade.com\/de\/uber-uns\/\" class=\"elementor-item\">Einf\u00fchrung der Marke<\/a><\/li>\n<li class=\"menu-item menu-item-type-post_type menu-item-object-page menu-item-195\"><a href=\"https:\/\/www.jzzmade.com\/de\/entwicklungsgeschichte\/\" class=\"elementor-item\">Entwicklungsgeschichte<\/a><\/li>\n<li class=\"menu-item menu-item-type-post_type menu-item-object-page menu-item-196\"><a href=\"https:\/\/www.jzzmade.com\/de\/dienstleistung\/\" class=\"elementor-item\">Dienst<\/a><\/li>\n<li class=\"menu-item menu-item-type-post_type menu-item-object-page menu-item-197\"><a href=\"https:\/\/www.jzzmade.com\/de\/kontaktieren-sie-uns\/\" class=\"elementor-item\">KONTAKT US<\/a><\/li>\n<\/ul>\t\t\t<\/nav>\n\t\t\t\t\t\t<nav class=\"elementor-nav-menu--dropdown elementor-nav-menu__container\" aria-hidden=\"true\">\n\t\t\t\t<ul id=\"menu-2-e62ae20\" class=\"elementor-nav-menu\"><li class=\"menu-item menu-item-type-post_type menu-item-object-page menu-item-194\"><a href=\"https:\/\/www.jzzmade.com\/de\/uber-uns\/\" class=\"elementor-item\" tabindex=\"-1\">Einf\u00fchrung der Marke<\/a><\/li>\n<li class=\"menu-item menu-item-type-post_type menu-item-object-page menu-item-195\"><a href=\"https:\/\/www.jzzmade.com\/de\/entwicklungsgeschichte\/\" class=\"elementor-item\" tabindex=\"-1\">Entwicklungsgeschichte<\/a><\/li>\n<li class=\"menu-item menu-item-type-post_type menu-item-object-page menu-item-196\"><a href=\"https:\/\/www.jzzmade.com\/de\/dienstleistung\/\" class=\"elementor-item\" tabindex=\"-1\">Dienst<\/a><\/li>\n<li class=\"menu-item menu-item-type-post_type menu-item-object-page menu-item-197\"><a href=\"https:\/\/www.jzzmade.com\/de\/kontaktieren-sie-uns\/\" class=\"elementor-item\" tabindex=\"-1\">KONTAKT US<\/a><\/li>\n<\/ul>\t\t\t<\/nav>\n\t\t\t\t\t\t<\/div>\n\t\t\t\t\t<\/div>\n\t\t\t\t<\/div>\n\t\t<div class=\"elementor-element elementor-element-fa8849a e-flex e-con-boxed e-con e-parent\" data-id=\"fa8849a\" data-element_type=\"container\" data-e-type=\"container\">\n\t\t\t\t\t<div class=\"e-con-inner\">\n\t\t<div class=\"elementor-element elementor-element-6fe6f5c e-con-full e-flex e-con e-child\" data-id=\"6fe6f5c\" data-element_type=\"container\" data-e-type=\"container\">\n\t\t\t\t<div class=\"elementor-element elementor-element-c4a4109 elementor-widget elementor-widget-heading\" data-id=\"c4a4109\" data-element_type=\"widget\" data-e-type=\"widget\" data-widget_type=\"heading.default\">\n\t\t\t\t\t<h5 class=\"elementor-heading-title elementor-size-default\">Unsere Geschichte<\/h5>\t\t\t\t<\/div>\n\t\t\t\t<div class=\"elementor-element elementor-element-dba888e elementor-widget-divider--view-line elementor-widget elementor-widget-divider\" data-id=\"dba888e\" data-element_type=\"widget\" data-e-type=\"widget\" data-widget_type=\"divider.default\">\n\t\t\t\t\t\t\t<div class=\"elementor-divider\">\n\t\t\t<span class=\"elementor-divider-separator\">\n\t\t\t\t\t\t<\/span>\n\t\t<\/div>\n\t\t\t\t\t\t<\/div>\n\t\t<div class=\"elementor-element elementor-element-c5addfb e-con-full e-grid e-con e-child\" data-id=\"c5addfb\" data-element_type=\"container\" data-e-type=\"container\">\n\t\t\t\t<div class=\"elementor-element elementor-element-106bca1 elementor-widget elementor-widget-image\" data-id=\"106bca1\" data-element_type=\"widget\" data-e-type=\"widget\" data-widget_type=\"image.default\">\n\t\t\t\t\t\t\t\t\t\t\t\t\t\t\t<img fetchpriority=\"high\" decoding=\"async\" width=\"800\" height=\"446\" src=\"https:\/\/www.jzzmade.com\/wp-content\/uploads\/2026\/01\/\u5fae\u4fe1\u56fe\u7247_20260130114216.jpg\" class=\"attachment-full size-full wp-image-1683\" alt=\"\" srcset=\"https:\/\/www.jzzmade.com\/wp-content\/uploads\/2026\/01\/\u5fae\u4fe1\u56fe\u7247_20260130114216.jpg 800w, https:\/\/www.jzzmade.com\/wp-content\/uploads\/2026\/01\/\u5fae\u4fe1\u56fe\u7247_20260130114216-300x167.jpg 300w, https:\/\/www.jzzmade.com\/wp-content\/uploads\/2026\/01\/\u5fae\u4fe1\u56fe\u7247_20260130114216-768x428.jpg 768w, https:\/\/www.jzzmade.com\/wp-content\/uploads\/2026\/01\/\u5fae\u4fe1\u56fe\u7247_20260130114216-18x10.jpg 18w, https:\/\/www.jzzmade.com\/wp-content\/uploads\/2026\/01\/\u5fae\u4fe1\u56fe\u7247_20260130114216-600x335.jpg 600w\" sizes=\"(max-width: 800px) 100vw, 800px\" \/>\t\t\t\t\t\t\t\t\t\t\t\t\t\t\t<\/div>\n\t\t<div class=\"elementor-element elementor-element-07918fa e-con-full e-flex e-con e-child\" data-id=\"07918fa\" data-element_type=\"container\" data-e-type=\"container\">\n\t\t\t\t<div class=\"elementor-element elementor-element-11140c0 elementor-widget elementor-widget-text-editor\" data-id=\"11140c0\" data-element_type=\"widget\" data-e-type=\"widget\" data-widget_type=\"text-editor.default\">\n\t\t\t\t\t\t\t\t\t<h2><strong><b>Unternehmenspositionierung &amp; Kerngesch\u00e4ft<\/b><\/strong><\/h2><p>Shandong Jinzhongzhao ist ein professionelles chinesisches Unternehmen, das sich auf Forschung und Entwicklung, Produktion und integrierte L\u00f6sungen f\u00fcr Kunststoffspundbohlen und PVC-Spundbohlen konzentriert. Mit jahrelanger Erfahrung in der Branche ist das Unternehmen bestrebt, leistungsstarke und umweltfreundliche technische Materialien zu liefern und bietet Qualit\u00e4tsprodukte und technische Unterst\u00fctzung f\u00fcr Wasserschutz-, Kommunal- und Umweltprojekte. Als Benchmark in der Branche verf\u00fcgt das Unternehmen \u00fcber starke F&amp;E-Kapazit\u00e4ten und eine gro\u00df angelegte Produktion. Es baut aktiv den globalen Handel aus, um ein Kooperationsnetzwerk aufzubauen, das Asien, Europa, Afrika und Amerika abdeckt, chinesische umweltfreundliche Baustoffe weltweit f\u00f6rdert und den Bau der Belt and Road-Infrastruktur unterst\u00fctzt.<\/p>\t\t\t\t\t\t\t\t<\/div>\n\t\t\t\t<\/div>\n\t\t\t\t<\/div>\n\t\t<div class=\"elementor-element elementor-element-0e5f403 e-con-full e-grid e-con e-child\" data-id=\"0e5f403\" data-element_type=\"container\" data-e-type=\"container\">\n\t\t\t\t<div class=\"elementor-element elementor-element-d10bc79 elementor-widget elementor-widget-image\" data-id=\"d10bc79\" data-element_type=\"widget\" data-e-type=\"widget\" data-widget_type=\"image.default\">\n\t\t\t\t\t\t\t\t\t\t\t\t\t\t\t<img decoding=\"async\" width=\"800\" height=\"407\" src=\"https:\/\/www.jzzmade.com\/wp-content\/uploads\/2026\/01\/\u5fae\u4fe1\u56fe\u7247_20260130114219.jpg\" class=\"attachment-full size-full wp-image-1684\" alt=\"\" srcset=\"https:\/\/www.jzzmade.com\/wp-content\/uploads\/2026\/01\/\u5fae\u4fe1\u56fe\u7247_20260130114219.jpg 800w, https:\/\/www.jzzmade.com\/wp-content\/uploads\/2026\/01\/\u5fae\u4fe1\u56fe\u7247_20260130114219-300x153.jpg 300w, https:\/\/www.jzzmade.com\/wp-content\/uploads\/2026\/01\/\u5fae\u4fe1\u56fe\u7247_20260130114219-768x391.jpg 768w, https:\/\/www.jzzmade.com\/wp-content\/uploads\/2026\/01\/\u5fae\u4fe1\u56fe\u7247_20260130114219-18x9.jpg 18w, https:\/\/www.jzzmade.com\/wp-content\/uploads\/2026\/01\/\u5fae\u4fe1\u56fe\u7247_20260130114219-600x305.jpg 600w\" sizes=\"(max-width: 800px) 100vw, 800px\" \/>\t\t\t\t\t\t\t\t\t\t\t\t\t\t\t<\/div>\n\t\t<div class=\"elementor-element elementor-element-b31f10d e-con-full e-flex e-con e-child\" data-id=\"b31f10d\" data-element_type=\"container\" data-e-type=\"container\">\n\t\t\t\t<div class=\"elementor-element elementor-element-7c28e03 elementor-widget elementor-widget-text-editor\" data-id=\"7c28e03\" data-element_type=\"widget\" data-e-type=\"widget\" data-widget_type=\"text-editor.default\">\n\t\t\t\t\t\t\t\t\t<h2><strong><b>Wesentliche Vorteile<\/b><\/strong><\/h2><p><strong>Technik &amp; Produktion<\/strong>: Ausgestattet mit fortschrittlichen Produktionsanlagen, verwendet das Unternehmen polymerverst\u00e4rkte Verbundwerkstoffe und professionelles Strangpressen, um eine stabile Qualit\u00e4t zu gew\u00e4hrleisten. Das Forschungs- und Entwicklungsteam optimiert kontinuierlich Produkte mit hoher Festigkeit, Korrosionsbest\u00e4ndigkeit, Alterungsbest\u00e4ndigkeit und ausgezeichneter Tieftemperaturz\u00e4higkeit, um komplexe Projektanforderungen zu erf\u00fcllen.<\/p><p><strong>Umwelt und Qualit\u00e4tssicherung<\/strong>: Die Produkte sind bleifrei und frei von Weichmachern, sie sind recycelbar und entsprechen den nationalen Normen f\u00fcr umweltfreundliche Technik. Alle Produkte werden von den zust\u00e4ndigen Beh\u00f6rden gepr\u00fcft und unterliegen einer l\u00fcckenlosen Qualit\u00e4tskontrolle von den Rohstoffen bis zur Produktion, um eine r\u00fcckverfolgbare Qualit\u00e4t zu gew\u00e4hrleisten.<\/p><p><strong>Kosten und Wert<\/strong>: Als direkter Hersteller schaltet das Unternehmen Zwischenh\u00e4ndler aus und bietet Direktpreise an, um die Beschaffungskosten der Kunden um \u00fcber 30% zu senken und ein Gleichgewicht zwischen hoher Qualit\u00e4t und Kosteneffizienz herzustellen.<\/p>\t\t\t\t\t\t\t\t<\/div>\n\t\t\t\t<\/div>\n\t\t\t\t<\/div>\n\t\t\t\t<\/div>\n\t\t<div class=\"elementor-element elementor-element-1fe76c6 e-con-full e-flex e-con e-child\" data-id=\"1fe76c6\" data-element_type=\"container\" data-e-type=\"container\">\n\t\t<div class=\"elementor-element elementor-element-148fa7c e-con-full e-grid e-con e-child\" data-id=\"148fa7c\" data-element_type=\"container\" data-e-type=\"container\">\n\t\t\t\t<div class=\"elementor-element elementor-element-f57927f elementor-widget elementor-widget-image\" data-id=\"f57927f\" data-element_type=\"widget\" data-e-type=\"widget\" data-widget_type=\"image.default\">\n\t\t\t\t\t\t\t\t\t\t\t\t\t\t\t<img decoding=\"async\" width=\"800\" height=\"717\" src=\"https:\/\/www.jzzmade.com\/wp-content\/uploads\/2026\/01\/\u5fae\u4fe1\u56fe\u7247_20260130114212.jpg\" class=\"attachment-full size-full wp-image-1685\" alt=\"\" srcset=\"https:\/\/www.jzzmade.com\/wp-content\/uploads\/2026\/01\/\u5fae\u4fe1\u56fe\u7247_20260130114212.jpg 800w, https:\/\/www.jzzmade.com\/wp-content\/uploads\/2026\/01\/\u5fae\u4fe1\u56fe\u7247_20260130114212-300x269.jpg 300w, https:\/\/www.jzzmade.com\/wp-content\/uploads\/2026\/01\/\u5fae\u4fe1\u56fe\u7247_20260130114212-768x688.jpg 768w, https:\/\/www.jzzmade.com\/wp-content\/uploads\/2026\/01\/\u5fae\u4fe1\u56fe\u7247_20260130114212-13x12.jpg 13w, https:\/\/www.jzzmade.com\/wp-content\/uploads\/2026\/01\/\u5fae\u4fe1\u56fe\u7247_20260130114212-600x538.jpg 600w\" sizes=\"(max-width: 800px) 100vw, 800px\" \/>\t\t\t\t\t\t\t\t\t\t\t\t\t\t\t<\/div>\n\t\t<div class=\"elementor-element elementor-element-ef55aa1 e-con-full e-flex e-con e-child\" data-id=\"ef55aa1\" data-element_type=\"container\" data-e-type=\"container\">\n\t\t\t\t<div class=\"elementor-element elementor-element-c148f5b elementor-widget elementor-widget-text-editor\" data-id=\"c148f5b\" data-element_type=\"widget\" data-e-type=\"widget\" data-widget_type=\"text-editor.default\">\n\t\t\t\t\t\t\t\t\t<h2><strong><b>Produktanwendungen<\/b><\/strong><\/h2><p>Gew\u00e4sserkonservierung: Schutz der Flussufer, Hochwasserschutz, Bek\u00e4mpfung der Bodenerosion und st\u00e4dtisches Hochwassermanagement, Verbesserung der Effizienz des Hochwasserabflusses. Kommunaltechnik: Aushubunterst\u00fctzung, Bau von unterirdischen Versorgungstunneln und Abwassersperren mit geringem Platzbedarf, geringer Umweltbelastung und 5x h\u00f6herer Baueffizienz. Schutz der Umwelt: Bau von Kl\u00e4rbecken und \u00f6kologische Wiederherstellung, Unterst\u00fctzung des Umweltschutzes mit gr\u00fcnen Materialien.<\/p><h2><strong><b>Dienstleistungssystem und Unternehmensvision<\/b><\/strong><\/h2><p>Das Unternehmen stellt den Kunden in den Mittelpunkt und bietet ma\u00dfgeschneiderte Dienstleistungen an: L\u00f6sungen vor dem Bau auf der Grundlage der Geologie und der Projektanforderungen, technische Beratung vor Ort w\u00e4hrend des Baus und effiziente Unterst\u00fctzung nach dem Bau. Die weltweite Zusammenarbeit schreitet stetig voran: 2023 wurde eine Partnerschaft mit tansanischen Unternehmen f\u00fcr Bew\u00e4sserungsprojekte in Kagera geschlossen; 2024 wurde mit kirgisischen Partnern an der Infrastruktur f\u00fcr die Wasserbewirtschaftung zusammengearbeitet; 2025 wurde die beabsichtigte Zusammenarbeit mit Europa sichergestellt und eine Partnerschaft mit philippinischen Unternehmen f\u00fcr die Verbesserung des Luzon-Flusses und die Modernisierung der Bew\u00e4sserung sowie weitere Auftr\u00e4ge in S\u00fcdostasien geschlossen; 2026 wurde mit peruanischen Unternehmen f\u00fcr Bew\u00e4sserungsprojekte in Piura zusammengearbeitet und die Gespr\u00e4che mit brasilianischen Partnern zur Vervollst\u00e4ndigung der amerikanischen Marktaufteilung vorangetrieben. Mit zuverl\u00e4ssiger Qualit\u00e4t, Kostenvorteilen und durchdachtem Service hat sich das Unternehmen zu einem bevorzugten Partner f\u00fcr gro\u00dfe in- und ausl\u00e4ndische Projekte entwickelt. In Zukunft wird das Unternehmen sein Fachwissen im Bereich Kunststoffspundw\u00e4nde vertiefen, den globalen Handel ausweiten und mit Partnern zusammenarbeiten, um neue Ma\u00dfst\u00e4be in der Branche zu setzen.<\/p><p>Kontaktieren Sie uns: F\u00fcr Produktdetails oder kundenspezifische L\u00f6sungen, kontaktieren Sie uns bitte jederzeit f\u00fcr eine langfristige stabile Zusammenarbeit.<\/p><p>\u00a0<\/p>\t\t\t\t\t\t\t\t<\/div>\n\t\t\t\t<\/div>\n\t\t\t\t<\/div>\n\t\t\t\t<\/div>\n\t\t\t\t\t<\/div>\n\t\t\t\t<\/div>\n\t\t\t\t<\/div>","protected":false},"excerpt":{"rendered":"<p>Our History Corporate Positioning &amp; Core Business Shandong Jinzhongzhao is a professional Chinese enterprise focusing on R&amp;D, production and integrated solutions for plastic steel sheet piles and PVC sheet piles. With years of industry experience, it aims to provide high-performance, eco-friendly engineering materials, offering quality products and technical support for water conservancy, municipal and environmental [&hellip;]<\/p>","protected":false},"author":1,"featured_media":0,"parent":0,"menu_order":0,"comment_status":"closed","ping_status":"closed","template":"","meta":{"footnotes":""},"class_list":["post-79","page","type-page","status-publish","hentry"],"yoast_head":"<!-- This site is optimized with the Yoast SEO Premium plugin v26.4 (Yoast SEO v26.9) - https:\/\/yoast.com\/product\/yoast-seo-premium-wordpress\/ -->\n<title>Development History - shandong Jzz Made Co.\uff0cLtd.<\/title>\n<meta name=\"robots\" content=\"index, follow, max-snippet:-1, max-image-preview:large, max-video-preview:-1\" \/>\n<link rel=\"canonical\" href=\"https:\/\/www.jzzmade.com\/de\/entwicklungsgeschichte\/\" \/>\n<meta property=\"og:locale\" content=\"de_DE\" \/>\n<meta property=\"og:type\" content=\"article\" \/>\n<meta property=\"og:title\" content=\"Development History\" \/>\n<meta property=\"og:description\" content=\"Our History Corporate Positioning &amp; Core Business Shandong Jinzhongzhao is a professional Chinese enterprise focusing on R&amp;D, production and integrated solutions for plastic steel sheet piles and PVC sheet piles. With years of industry experience, it aims to provide high-performance, eco-friendly engineering materials, offering quality products and technical support for water conservancy, municipal and environmental [&hellip;]\" \/>\n<meta property=\"og:url\" content=\"https:\/\/www.jzzmade.com\/de\/entwicklungsgeschichte\/\" \/>\n<meta property=\"og:site_name\" content=\"shandong Jzz Made Co.\uff0cLtd.\" \/>\n<meta property=\"article:modified_time\" content=\"2026-01-30T03:44:36+00:00\" \/>\n<meta name=\"twitter:card\" content=\"summary_large_image\" \/>\n<meta name=\"twitter:label1\" content=\"Gesch\u00e4tzte Lesezeit\" \/>\n\t<meta name=\"twitter:data1\" content=\"2\u00a0Minuten\" \/>\n<script type=\"application\/ld+json\" class=\"yoast-schema-graph\">{\"@context\":\"https:\/\/schema.org\",\"@graph\":[{\"@type\":\"WebPage\",\"@id\":\"https:\/\/www.jzzmade.com\/development-history\/\",\"url\":\"https:\/\/www.jzzmade.com\/development-history\/\",\"name\":\"Development History - shandong Jzz Made Co.\uff0cLtd.\",\"isPartOf\":{\"@id\":\"https:\/\/www.jzzmade.com\/#website\"},\"datePublished\":\"2025-11-12T06:53:14+00:00\",\"dateModified\":\"2026-01-30T03:44:36+00:00\",\"breadcrumb\":{\"@id\":\"https:\/\/www.jzzmade.com\/development-history\/#breadcrumb\"},\"inLanguage\":\"de\",\"potentialAction\":[{\"@type\":\"ReadAction\",\"target\":[\"https:\/\/www.jzzmade.com\/development-history\/\"]}]},{\"@type\":\"BreadcrumbList\",\"@id\":\"https:\/\/www.jzzmade.com\/development-history\/#breadcrumb\",\"itemListElement\":[{\"@type\":\"ListItem\",\"position\":1,\"name\":\"Home\",\"item\":\"https:\/\/www.jzzmade.com\/\"},{\"@type\":\"ListItem\",\"position\":2,\"name\":\"Development History\"}]},{\"@type\":\"WebSite\",\"@id\":\"https:\/\/www.jzzmade.com\/#website\",\"url\":\"https:\/\/www.jzzmade.com\/\",\"name\":\"shandong Jzz Made Co.\uff0cLtd.\",\"description\":\"\",\"publisher\":{\"@id\":\"https:\/\/www.jzzmade.com\/#organization\"},\"potentialAction\":[{\"@type\":\"SearchAction\",\"target\":{\"@type\":\"EntryPoint\",\"urlTemplate\":\"https:\/\/www.jzzmade.com\/?s={search_term_string}\"},\"query-input\":{\"@type\":\"PropertyValueSpecification\",\"valueRequired\":true,\"valueName\":\"search_term_string\"}}],\"inLanguage\":\"de\"},{\"@type\":\"Organization\",\"@id\":\"https:\/\/www.jzzmade.com\/#organization\",\"name\":\"shandong Jzz Made Co.\uff0cLtd.\",\"url\":\"https:\/\/www.jzzmade.com\/\",\"logo\":{\"@type\":\"ImageObject\",\"inLanguage\":\"de\",\"@id\":\"https:\/\/www.jzzmade.com\/#\/schema\/logo\/image\/\",\"url\":\"https:\/\/www.jzzmade.com\/wp-content\/uploads\/2025\/11\/logo.png\",\"contentUrl\":\"https:\/\/www.jzzmade.com\/wp-content\/uploads\/2025\/11\/logo.png\",\"width\":180,\"height\":58,\"caption\":\"shandong Jzz Made Co.\uff0cLtd.\"},\"image\":{\"@id\":\"https:\/\/www.jzzmade.com\/#\/schema\/logo\/image\/\"}}]}<\/script>\n<!-- \/ Yoast SEO Premium plugin. -->","yoast_head_json":{"title":"Entwicklungsgeschichte - shandong Jzz Made Co.\uff0cLtd.","robots":{"index":"index","follow":"follow","max-snippet":"max-snippet:-1","max-image-preview":"max-image-preview:large","max-video-preview":"max-video-preview:-1"},"canonical":"https:\/\/www.jzzmade.com\/de\/entwicklungsgeschichte\/","og_locale":"de_DE","og_type":"article","og_title":"Development History","og_description":"Our History Corporate Positioning &amp; Core Business Shandong Jinzhongzhao is a professional Chinese enterprise focusing on R&amp;D, production and integrated solutions for plastic steel sheet piles and PVC sheet piles. With years of industry experience, it aims to provide high-performance, eco-friendly engineering materials, offering quality products and technical support for water conservancy, municipal and environmental [&hellip;]","og_url":"https:\/\/www.jzzmade.com\/de\/entwicklungsgeschichte\/","og_site_name":"shandong Jzz Made Co.\uff0cLtd.","article_modified_time":"2026-01-30T03:44:36+00:00","twitter_card":"summary_large_image","twitter_misc":{"Gesch\u00e4tzte Lesezeit":"2\u00a0Minuten"},"schema":{"@context":"https:\/\/schema.org","@graph":[{"@type":"WebPage","@id":"https:\/\/www.jzzmade.com\/development-history\/","url":"https:\/\/www.jzzmade.com\/development-history\/","name":"Entwicklungsgeschichte - shandong Jzz Made Co.\uff0cLtd.","isPartOf":{"@id":"https:\/\/www.jzzmade.com\/#website"},"datePublished":"2025-11-12T06:53:14+00:00","dateModified":"2026-01-30T03:44:36+00:00","breadcrumb":{"@id":"https:\/\/www.jzzmade.com\/development-history\/#breadcrumb"},"inLanguage":"de","potentialAction":[{"@type":"ReadAction","target":["https:\/\/www.jzzmade.com\/development-history\/"]}]},{"@type":"BreadcrumbList","@id":"https:\/\/www.jzzmade.com\/development-history\/#breadcrumb","itemListElement":[{"@type":"ListItem","position":1,"name":"Home","item":"https:\/\/www.jzzmade.com\/"},{"@type":"ListItem","position":2,"name":"Development History"}]},{"@type":"WebSite","@id":"https:\/\/www.jzzmade.com\/#website","url":"https:\/\/www.jzzmade.com\/","name":"shandong Jzz Made Co.\uff0cLtd.","description":"","publisher":{"@id":"https:\/\/www.jzzmade.com\/#organization"},"potentialAction":[{"@type":"SearchAction","target":{"@type":"EntryPoint","urlTemplate":"https:\/\/www.jzzmade.com\/?s={search_term_string}"},"query-input":{"@type":"PropertyValueSpecification","valueRequired":true,"valueName":"search_term_string"}}],"inLanguage":"de"},{"@type":"Organization","@id":"https:\/\/www.jzzmade.com\/#organization","name":"shandong Jzz Made Co.\uff0cLtd.","url":"https:\/\/www.jzzmade.com\/","logo":{"@type":"ImageObject","inLanguage":"de","@id":"https:\/\/www.jzzmade.com\/#\/schema\/logo\/image\/","url":"https:\/\/www.jzzmade.com\/wp-content\/uploads\/2025\/11\/logo.png","contentUrl":"https:\/\/www.jzzmade.com\/wp-content\/uploads\/2025\/11\/logo.png","width":180,"height":58,"caption":"shandong Jzz Made Co.\uff0cLtd."},"image":{"@id":"https:\/\/www.jzzmade.com\/#\/schema\/logo\/image\/"}}]}},"_hostinger_reach_plugin_has_subscription_block":false,"_hostinger_reach_plugin_is_elementor":false,"_links":{"self":[{"href":"https:\/\/www.jzzmade.com\/de\/wp-json\/wp\/v2\/pages\/79","targetHints":{"allow":["GET"]}}],"collection":[{"href":"https:\/\/www.jzzmade.com\/de\/wp-json\/wp\/v2\/pages"}],"about":[{"href":"https:\/\/www.jzzmade.com\/de\/wp-json\/wp\/v2\/types\/page"}],"author":[{"embeddable":true,"href":"https:\/\/www.jzzmade.com\/de\/wp-json\/wp\/v2\/users\/1"}],"replies":[{"embeddable":true,"href":"https:\/\/www.jzzmade.com\/de\/wp-json\/wp\/v2\/comments?post=79"}],"version-history":[{"count":19,"href":"https:\/\/www.jzzmade.com\/de\/wp-json\/wp\/v2\/pages\/79\/revisions"}],"predecessor-version":[{"id":1688,"href":"https:\/\/www.jzzmade.com\/de\/wp-json\/wp\/v2\/pages\/79\/revisions\/1688"}],"wp:attachment":[{"href":"https:\/\/www.jzzmade.com\/de\/wp-json\/wp\/v2\/media?parent=79"}],"curies":[{"name":"wp","href":"https:\/\/api.w.org\/{rel}","templated":true}]}}