{"id":77,"date":"2025-11-12T06:52:38","date_gmt":"2025-11-12T06:52:38","guid":{"rendered":"https:\/\/jzzmade.com\/?page_id=77"},"modified":"2026-01-30T11:45:49","modified_gmt":"2026-01-30T03:45:49","slug":"uber-uns","status":"publish","type":"page","link":"https:\/\/www.jzzmade.com\/de\/uber-uns\/","title":{"rendered":"\u00dcber uns"},"content":{"rendered":"<div data-elementor-type=\"wp-page\" data-elementor-id=\"77\" class=\"elementor elementor-77\" data-elementor-post-type=\"page\">\n\t\t\t\t<div class=\"elementor-element elementor-element-ef667f2 e-flex e-con-boxed e-con e-parent\" data-id=\"ef667f2\" data-element_type=\"container\" data-e-type=\"container\" data-settings=\"{&quot;background_background&quot;:&quot;classic&quot;}\">\n\t\t\t\t\t<div class=\"e-con-inner\">\n\t\t\t\t<div class=\"elementor-element elementor-element-6405114 elementor-widget elementor-widget-breadcrumbs\" data-id=\"6405114\" data-element_type=\"widget\" data-e-type=\"widget\" data-widget_type=\"breadcrumbs.default\">\n\t\t\t\t\t<p id=\"breadcrumbs\"><span><span><a href=\"https:\/\/www.jzzmade.com\/de\/\">Startseite<\/a><\/span><\/span><\/p>\t\t\t\t<\/div>\n\t\t\t\t\t<\/div>\n\t\t\t\t<\/div>\n\t\t<div class=\"elementor-element elementor-element-78fefb5 e-flex e-con-boxed e-con e-parent\" data-id=\"78fefb5\" data-element_type=\"container\" data-e-type=\"container\">\n\t\t\t\t\t<div class=\"e-con-inner\">\n\t\t\t\t<div class=\"elementor-element elementor-element-851a194 elementor-nav-menu__align-center elementor-nav-menu--dropdown-none elementor-widget elementor-widget-nav-menu\" data-id=\"851a194\" data-element_type=\"widget\" data-e-type=\"widget\" data-settings=\"{&quot;layout&quot;:&quot;horizontal&quot;,&quot;submenu_icon&quot;:{&quot;value&quot;:&quot;&lt;svg aria-hidden=\\&quot;true\\&quot; class=\\&quot;e-font-icon-svg e-fas-caret-down\\&quot; viewBox=\\&quot;0 0 320 512\\&quot; xmlns=\\&quot;http:\\\/\\\/www.w3.org\\\/2000\\\/svg\\&quot;&gt;&lt;path d=\\&quot;M31.3 192h257.3c17.8 0 26.7 21.5 14.1 34.1L174.1 354.8c-7.8 7.8-20.5 7.8-28.3 0L17.2 226.1C4.6 213.5 13.5 192 31.3 192z\\&quot;&gt;&lt;\\\/path&gt;&lt;\\\/svg&gt;&quot;,&quot;library&quot;:&quot;fa-solid&quot;}}\" data-widget_type=\"nav-menu.default\">\n\t\t\t\t\t\t\t\t<nav aria-label=\"Men\u00fc\" class=\"elementor-nav-menu--main elementor-nav-menu__container elementor-nav-menu--layout-horizontal e--pointer-none\">\n\t\t\t\t<ul id=\"menu-1-851a194\" class=\"elementor-nav-menu\"><li class=\"menu-item menu-item-type-post_type menu-item-object-page menu-item-194\"><a href=\"https:\/\/www.jzzmade.com\/de\/uber-uns\/\" class=\"elementor-item\">Einf\u00fchrung der Marke<\/a><\/li>\n<li class=\"menu-item menu-item-type-post_type menu-item-object-page menu-item-195\"><a href=\"https:\/\/www.jzzmade.com\/de\/entwicklungsgeschichte\/\" class=\"elementor-item\">Entwicklungsgeschichte<\/a><\/li>\n<li class=\"menu-item menu-item-type-post_type menu-item-object-page menu-item-196\"><a href=\"https:\/\/www.jzzmade.com\/de\/dienstleistung\/\" class=\"elementor-item\">Dienst<\/a><\/li>\n<li class=\"menu-item menu-item-type-post_type menu-item-object-page menu-item-197\"><a href=\"https:\/\/www.jzzmade.com\/de\/kontaktieren-sie-uns\/\" class=\"elementor-item\">KONTAKT US<\/a><\/li>\n<\/ul>\t\t\t<\/nav>\n\t\t\t\t\t\t<nav class=\"elementor-nav-menu--dropdown elementor-nav-menu__container\" aria-hidden=\"true\">\n\t\t\t\t<ul id=\"menu-2-851a194\" class=\"elementor-nav-menu\"><li class=\"menu-item menu-item-type-post_type menu-item-object-page menu-item-194\"><a href=\"https:\/\/www.jzzmade.com\/de\/uber-uns\/\" class=\"elementor-item\" tabindex=\"-1\">Einf\u00fchrung der Marke<\/a><\/li>\n<li class=\"menu-item menu-item-type-post_type menu-item-object-page menu-item-195\"><a href=\"https:\/\/www.jzzmade.com\/de\/entwicklungsgeschichte\/\" class=\"elementor-item\" tabindex=\"-1\">Entwicklungsgeschichte<\/a><\/li>\n<li class=\"menu-item menu-item-type-post_type menu-item-object-page menu-item-196\"><a href=\"https:\/\/www.jzzmade.com\/de\/dienstleistung\/\" class=\"elementor-item\" tabindex=\"-1\">Dienst<\/a><\/li>\n<li class=\"menu-item menu-item-type-post_type menu-item-object-page menu-item-197\"><a href=\"https:\/\/www.jzzmade.com\/de\/kontaktieren-sie-uns\/\" class=\"elementor-item\" tabindex=\"-1\">KONTAKT US<\/a><\/li>\n<\/ul>\t\t\t<\/nav>\n\t\t\t\t\t\t<\/div>\n\t\t\t\t\t<\/div>\n\t\t\t\t<\/div>\n\t\t<div class=\"elementor-element elementor-element-a5b0063 e-flex e-con-boxed e-con e-parent\" data-id=\"a5b0063\" data-element_type=\"container\" data-e-type=\"container\">\n\t\t\t\t\t<div class=\"e-con-inner\">\n\t\t\t\t<div class=\"elementor-element elementor-element-712712e elementor-widget elementor-widget-heading\" data-id=\"712712e\" data-element_type=\"widget\" data-e-type=\"widget\" data-widget_type=\"heading.default\">\n\t\t\t\t\t<h5 class=\"elementor-heading-title elementor-size-default\">Unsere Geschichte<\/h5>\t\t\t\t<\/div>\n\t\t\t\t<div class=\"elementor-element elementor-element-ad1b026 elementor-widget-divider--view-line elementor-widget elementor-widget-divider\" data-id=\"ad1b026\" data-element_type=\"widget\" data-e-type=\"widget\" data-widget_type=\"divider.default\">\n\t\t\t\t\t\t\t<div class=\"elementor-divider\">\n\t\t\t<span class=\"elementor-divider-separator\">\n\t\t\t\t\t\t<\/span>\n\t\t<\/div>\n\t\t\t\t\t\t<\/div>\n\t\t<div class=\"elementor-element elementor-element-4fff648 e-con-full e-grid e-con e-child\" data-id=\"4fff648\" data-element_type=\"container\" data-e-type=\"container\">\n\t\t\t\t<div class=\"elementor-element elementor-element-aa999d9 elementor-widget elementor-widget-image\" data-id=\"aa999d9\" data-element_type=\"widget\" data-e-type=\"widget\" data-widget_type=\"image.default\">\n\t\t\t\t\t\t\t\t\t\t\t\t\t\t\t<img fetchpriority=\"high\" decoding=\"async\" width=\"920\" height=\"452\" src=\"https:\/\/www.jzzmade.com\/wp-content\/uploads\/2025\/11\/20230807091736c2d4ee531ed34863a90acd03e9fccd99.webp\" class=\"attachment-full size-full wp-image-239\" alt=\"\" srcset=\"https:\/\/www.jzzmade.com\/wp-content\/uploads\/2025\/11\/20230807091736c2d4ee531ed34863a90acd03e9fccd99.webp 920w, https:\/\/www.jzzmade.com\/wp-content\/uploads\/2025\/11\/20230807091736c2d4ee531ed34863a90acd03e9fccd99-600x295.webp 600w, https:\/\/www.jzzmade.com\/wp-content\/uploads\/2025\/11\/20230807091736c2d4ee531ed34863a90acd03e9fccd99-300x147.webp 300w, https:\/\/www.jzzmade.com\/wp-content\/uploads\/2025\/11\/20230807091736c2d4ee531ed34863a90acd03e9fccd99-768x377.webp 768w\" sizes=\"(max-width: 920px) 100vw, 920px\" \/>\t\t\t\t\t\t\t\t\t\t\t\t\t\t\t<\/div>\n\t\t<div class=\"elementor-element elementor-element-a55ca71 e-con-full e-flex e-con e-child\" data-id=\"a55ca71\" data-element_type=\"container\" data-e-type=\"container\">\n\t\t\t\t<div class=\"elementor-element elementor-element-db7ee5b elementor-widget elementor-widget-text-editor\" data-id=\"db7ee5b\" data-element_type=\"widget\" data-e-type=\"widget\" data-widget_type=\"text-editor.default\">\n\t\t\t\t\t\t\t\t\t<p>Shandong Jzz Made Co. Ltd. ist spezialisiert auf die Forschung, Entwicklung und Produktion von Wasserschutzprodukten wie umweltfreundlichen Polymer-Verbundwerkstoffen wie \u201cKunststoffspundw\u00e4nden\u201d. Unsere Kunststoffspundw\u00e4nde k\u00f6nnen herk\u00f6mmliche Stahlspundw\u00e4nde, Betonpf\u00e4hle und Holzpf\u00e4hle in Fluss- und Seeprojekten, Bew\u00e4sserungssystemen f\u00fcr landwirtschaftliche Fl\u00e4chen und Deckwerken f\u00fcr Schifffahrtskan\u00e4le ersetzen und erf\u00fcllen die Norm T\/CWEA 18-2023 des Ministeriums f\u00fcr Wasserressourcen! Dieses Produkt ist ein polymerverst\u00e4rkter Verbundwerkstoff, der durch eine spezielle Rezeptur extrudiert wird. Es bietet eine hohe Festigkeit, eine einfache und schnelle Installation, eine leichte und bequeme Konstruktion, einen geringeren Platzbedarf beim Bau, einen minimalen Verbrauch nat\u00fcrlicher Ressourcen und eine 2-5fache Steigerung der Arbeitseffizienz, wodurch die Projektkosten gesenkt werden.<\/p>\t\t\t\t\t\t\t\t<\/div>\n\t\t\t\t<\/div>\n\t\t\t\t<\/div>\n\t\t<div class=\"elementor-element elementor-element-626ea56 e-con-full e-grid e-con e-child\" data-id=\"626ea56\" data-element_type=\"container\" data-e-type=\"container\">\n\t\t\t\t<div class=\"elementor-element elementor-element-2570d00 elementor-widget elementor-widget-image\" data-id=\"2570d00\" data-element_type=\"widget\" data-e-type=\"widget\" data-widget_type=\"image.default\">\n\t\t\t\t\t\t\t\t\t\t\t\t\t\t\t<img decoding=\"async\" width=\"675\" height=\"443\" src=\"https:\/\/www.jzzmade.com\/wp-content\/uploads\/2025\/11\/20230807091741a18eb36f0f0d4f96882683dbfcec7c4e.webp\" class=\"attachment-full size-full wp-image-243\" alt=\"\" srcset=\"https:\/\/www.jzzmade.com\/wp-content\/uploads\/2025\/11\/20230807091741a18eb36f0f0d4f96882683dbfcec7c4e.webp 675w, https:\/\/www.jzzmade.com\/wp-content\/uploads\/2025\/11\/20230807091741a18eb36f0f0d4f96882683dbfcec7c4e-600x394.webp 600w, https:\/\/www.jzzmade.com\/wp-content\/uploads\/2025\/11\/20230807091741a18eb36f0f0d4f96882683dbfcec7c4e-300x197.webp 300w\" sizes=\"(max-width: 675px) 100vw, 675px\" \/>\t\t\t\t\t\t\t\t\t\t\t\t\t\t\t<\/div>\n\t\t<div class=\"elementor-element elementor-element-0f55906 e-con-full e-flex e-con e-child\" data-id=\"0f55906\" data-element_type=\"container\" data-e-type=\"container\">\n\t\t\t\t<div class=\"elementor-element elementor-element-1706063 elementor-widget elementor-widget-text-editor\" data-id=\"1706063\" data-element_type=\"widget\" data-e-type=\"widget\" data-widget_type=\"text-editor.default\">\n\t\t\t\t\t\t\t\t\tShandong Jzz Made Co. Ltd. ist spezialisiert auf die Forschung, Entwicklung und Produktion von Wasserschutzprodukten wie umweltfreundlichen Polymer-Verbundwerkstoffen wie \u201cKunststoffspundw\u00e4nden\u201d. Unsere Kunststoffspundw\u00e4nde k\u00f6nnen herk\u00f6mmliche Stahlspundw\u00e4nde, Betonpf\u00e4hle und Holzpf\u00e4hle in Fluss- und Seeprojekten, Bew\u00e4sserungssystemen f\u00fcr landwirtschaftliche Fl\u00e4chen und Deckwerken f\u00fcr Schifffahrtskan\u00e4le ersetzen und erf\u00fcllen die Norm T\/CWEA 18-2023 des Ministeriums f\u00fcr Wasserressourcen! Dieses Produkt ist ein polymerverst\u00e4rkter Verbundwerkstoff, der durch eine spezielle Rezeptur extrudiert wird. Es bietet eine hohe Festigkeit, eine einfache und schnelle Installation, eine leichte und bequeme Konstruktion, einen geringeren Platzbedarf beim Bau, einen minimalen Verbrauch nat\u00fcrlicher Ressourcen und eine 2-5fache Steigerung der Arbeitseffizienz, wodurch die Projektkosten gesenkt werden.\t\t\t\t\t\t\t\t<\/div>\n\t\t\t\t<\/div>\n\t\t\t\t<\/div>\n\t\t\t\t\t<\/div>\n\t\t\t\t<\/div>\n\t\t<div class=\"elementor-element elementor-element-77cf9ee e-flex e-con-boxed e-con e-parent\" data-id=\"77cf9ee\" data-element_type=\"container\" data-e-type=\"container\">\n\t\t\t\t\t<div class=\"e-con-inner\">\n\t\t\t\t<div class=\"elementor-element elementor-element-569d575 elementor-widget elementor-widget-heading\" data-id=\"569d575\" data-element_type=\"widget\" data-e-type=\"widget\" data-widget_type=\"heading.default\">\n\t\t\t\t\t<h5 class=\"elementor-heading-title elementor-size-default\">Unser Werk<\/h5>\t\t\t\t<\/div>\n\t\t\t\t<div class=\"elementor-element elementor-element-059b284 elementor-widget-divider--view-line elementor-widget elementor-widget-divider\" data-id=\"059b284\" data-element_type=\"widget\" data-e-type=\"widget\" data-widget_type=\"divider.default\">\n\t\t\t\t\t\t\t<div class=\"elementor-divider\">\n\t\t\t<span class=\"elementor-divider-separator\">\n\t\t\t\t\t\t<\/span>\n\t\t<\/div>\n\t\t\t\t\t\t<\/div>\n\t\t<div class=\"elementor-element elementor-element-3b7a08d e-con-full e-grid e-con e-child\" data-id=\"3b7a08d\" data-element_type=\"container\" data-e-type=\"container\">\n\t\t\t\t<div class=\"elementor-element elementor-element-2651683 elementor-widget elementor-widget-image\" data-id=\"2651683\" data-element_type=\"widget\" data-e-type=\"widget\" data-widget_type=\"image.default\">\n\t\t\t\t\t\t\t\t\t\t\t\t\t\t\t<img decoding=\"async\" width=\"800\" height=\"533\" src=\"https:\/\/www.jzzmade.com\/wp-content\/uploads\/2025\/11\/20230809173610ad5135f222154d328ff45b3c2da2256a.webp\" class=\"attachment-full size-full wp-image-245\" alt=\"\" srcset=\"https:\/\/www.jzzmade.com\/wp-content\/uploads\/2025\/11\/20230809173610ad5135f222154d328ff45b3c2da2256a.webp 800w, https:\/\/www.jzzmade.com\/wp-content\/uploads\/2025\/11\/20230809173610ad5135f222154d328ff45b3c2da2256a-600x400.webp 600w, https:\/\/www.jzzmade.com\/wp-content\/uploads\/2025\/11\/20230809173610ad5135f222154d328ff45b3c2da2256a-300x200.webp 300w, https:\/\/www.jzzmade.com\/wp-content\/uploads\/2025\/11\/20230809173610ad5135f222154d328ff45b3c2da2256a-768x512.webp 768w\" sizes=\"(max-width: 800px) 100vw, 800px\" \/>\t\t\t\t\t\t\t\t\t\t\t\t\t\t\t<\/div>\n\t\t<div class=\"elementor-element elementor-element-dc27958 e-con-full e-flex e-con e-child\" data-id=\"dc27958\" data-element_type=\"container\" data-e-type=\"container\">\n\t\t\t\t<div class=\"elementor-element elementor-element-0f2731e elementor-widget elementor-widget-text-editor\" data-id=\"0f2731e\" data-element_type=\"widget\" data-e-type=\"widget\" data-widget_type=\"text-editor.default\">\n\t\t\t\t\t\t\t\t\tShandong Jzz Made Co. Ltd. ist spezialisiert auf die Forschung, Entwicklung und Produktion von Wasserschutzprodukten wie umweltfreundlichen Polymer-Verbundwerkstoffen wie \u201cKunststoffspundw\u00e4nden\u201d. Unsere Kunststoffspundw\u00e4nde k\u00f6nnen herk\u00f6mmliche Stahlspundw\u00e4nde, Betonpf\u00e4hle und Holzpf\u00e4hle in Fluss- und Seeprojekten, Bew\u00e4sserungssystemen f\u00fcr landwirtschaftliche Fl\u00e4chen und Deckwerken f\u00fcr Schifffahrtskan\u00e4le ersetzen und erf\u00fcllen die Norm T\/CWEA 18-2023 des Ministeriums f\u00fcr Wasserressourcen! Dieses Produkt ist ein polymerverst\u00e4rkter Verbundwerkstoff, der durch eine spezielle Rezeptur extrudiert wird. Es bietet eine hohe Festigkeit, eine einfache und schnelle Installation, eine leichte und bequeme Konstruktion, einen geringeren Platzbedarf beim Bau, einen minimalen Verbrauch nat\u00fcrlicher Ressourcen und eine 2-5fache Steigerung der Arbeitseffizienz, wodurch die Projektkosten gesenkt werden.\t\t\t\t\t\t\t\t<\/div>\n\t\t\t\t<\/div>\n\t\t\t\t<\/div>\n\t\t\t\t\t<\/div>\n\t\t\t\t<\/div>\n\t\t<div class=\"elementor-element elementor-element-250c44e e-flex e-con-boxed e-con e-parent\" data-id=\"250c44e\" data-element_type=\"container\" data-e-type=\"container\">\n\t\t\t\t\t<div class=\"e-con-inner\">\n\t\t\t\t<div class=\"elementor-element elementor-element-bebf615 elementor-widget elementor-widget-heading\" data-id=\"bebf615\" data-element_type=\"widget\" data-e-type=\"widget\" data-widget_type=\"heading.default\">\n\t\t\t\t\t<h5 class=\"elementor-heading-title elementor-size-default\">Unser Produkt<\/h5>\t\t\t\t<\/div>\n\t\t\t\t<div class=\"elementor-element elementor-element-1248511 elementor-widget-divider--view-line elementor-widget elementor-widget-divider\" data-id=\"1248511\" data-element_type=\"widget\" data-e-type=\"widget\" data-widget_type=\"divider.default\">\n\t\t\t\t\t\t\t<div class=\"elementor-divider\">\n\t\t\t<span class=\"elementor-divider-separator\">\n\t\t\t\t\t\t<\/span>\n\t\t<\/div>\n\t\t\t\t\t\t<\/div>\n\t\t\t\t<div class=\"elementor-element elementor-element-a2d0b87 elementor-widget elementor-widget-text-editor\" data-id=\"a2d0b87\" data-element_type=\"widget\" data-e-type=\"widget\" data-widget_type=\"text-editor.default\">\n\t\t\t\t\t\t\t\t\t<p class=\"ds-markdown-paragraph\">Produktvorteile:<\/p><ul><li><p class=\"ds-markdown-paragraph\">UV-Alterungsbest\u00e4ndigkeit von mehr als 10 Jahren (Daten aus dem beschleunigten Alterungstest).<\/p><\/li><li><p class=\"ds-markdown-paragraph\">Das modulare Design erm\u00f6glicht eine wiederholte Demontage und Montage mit einer Verschlei\u00dfrate unter 5%.<\/p><\/li><li>\u00a0Das statische Druckbauverfahren vermeidet Vibrationsbelastungen und eignet sich f\u00fcr den Einsatz in dicht besiedelten Stadtgebieten.<\/li><\/ul>\t\t\t\t\t\t\t\t<\/div>\n\t\t\t\t\t<\/div>\n\t\t\t\t<\/div>\n\t\t<div class=\"elementor-element elementor-element-e94c545 e-flex e-con-boxed e-con e-parent\" data-id=\"e94c545\" data-element_type=\"container\" data-e-type=\"container\">\n\t\t\t\t\t<div class=\"e-con-inner\">\n\t\t\t\t<div class=\"elementor-element elementor-element-54a3ade elementor-widget elementor-widget-heading\" data-id=\"54a3ade\" data-element_type=\"widget\" data-e-type=\"widget\" data-widget_type=\"heading.default\">\n\t\t\t\t\t<h5 class=\"elementor-heading-title elementor-size-default\">Unser Zertifikat<\/h5>\t\t\t\t<\/div>\n\t\t\t\t<div class=\"elementor-element elementor-element-80f5027 elementor-widget-divider--view-line elementor-widget elementor-widget-divider\" data-id=\"80f5027\" data-element_type=\"widget\" data-e-type=\"widget\" data-widget_type=\"divider.default\">\n\t\t\t\t\t\t\t<div class=\"elementor-divider\">\n\t\t\t<span class=\"elementor-divider-separator\">\n\t\t\t\t\t\t<\/span>\n\t\t<\/div>\n\t\t\t\t\t\t<\/div>\n\t\t\t\t<div class=\"elementor-element elementor-element-37e1a5c elementor-widget elementor-widget-text-editor\" data-id=\"37e1a5c\" data-element_type=\"widget\" data-e-type=\"widget\" data-widget_type=\"text-editor.default\">\n\t\t\t\t\t\t\t\t\t<p>Als einer der dynamischsten Anbieter von Kunststoffspundw\u00e4nden in China ist Jzz Made auf die Herstellung von Kunststoffspundw\u00e4nden spezialisiert.<\/p>\t\t\t\t\t\t\t\t<\/div>\n\t\t\t\t\t<\/div>\n\t\t\t\t<\/div>\n\t\t\t\t<\/div>","protected":false},"excerpt":{"rendered":"<p>Our History Shandong Jzz Made Co.\uff0cLtd. specializes in the research, development, and production of water conservancy protection products such as polymer composite eco-friendly materials like \u201cplastic steel sheet piles.\u201dOur plastic steel sheet piles can replace traditional steel sheet piles, concrete piles, and timber piles in river and lake projects, farmland irrigation systems, and navigation channel [&hellip;]<\/p>","protected":false},"author":1,"featured_media":0,"parent":0,"menu_order":0,"comment_status":"closed","ping_status":"closed","template":"","meta":{"footnotes":""},"class_list":["post-77","page","type-page","status-publish","hentry"],"yoast_head":"<!-- This site is optimized with the Yoast SEO Premium plugin v26.4 (Yoast SEO v26.9) - https:\/\/yoast.com\/product\/yoast-seo-premium-wordpress\/ -->\n<title>About Us - shandong Jzz Made Co.\uff0cLtd.<\/title>\n<meta name=\"robots\" content=\"index, follow, max-snippet:-1, max-image-preview:large, max-video-preview:-1\" \/>\n<link rel=\"canonical\" href=\"https:\/\/www.jzzmade.com\/de\/uber-uns\/\" \/>\n<meta property=\"og:locale\" content=\"de_DE\" \/>\n<meta property=\"og:type\" content=\"article\" \/>\n<meta property=\"og:title\" content=\"About Us\" \/>\n<meta property=\"og:description\" content=\"Our History Shandong Jzz Made Co.\uff0cLtd. specializes in the research, development, and production of water conservancy protection products such as polymer composite eco-friendly materials like \u201cplastic steel sheet piles.\u201dOur plastic steel sheet piles can replace traditional steel sheet piles, concrete piles, and timber piles in river and lake projects, farmland irrigation systems, and navigation channel [&hellip;]\" \/>\n<meta property=\"og:url\" content=\"https:\/\/www.jzzmade.com\/de\/uber-uns\/\" \/>\n<meta property=\"og:site_name\" content=\"shandong Jzz Made Co.\uff0cLtd.\" \/>\n<meta property=\"article:modified_time\" content=\"2026-01-30T03:45:49+00:00\" \/>\n<meta property=\"og:image\" content=\"https:\/\/www.jzzmade.com\/wp-content\/uploads\/2025\/11\/20230807091736c2d4ee531ed34863a90acd03e9fccd99.webp\" \/>\n\t<meta property=\"og:image:width\" content=\"920\" \/>\n\t<meta property=\"og:image:height\" content=\"452\" \/>\n\t<meta property=\"og:image:type\" content=\"image\/webp\" \/>\n<meta name=\"twitter:card\" content=\"summary_large_image\" \/>\n<meta name=\"twitter:label1\" content=\"Gesch\u00e4tzte Lesezeit\" \/>\n\t<meta name=\"twitter:data1\" content=\"2\u00a0Minuten\" \/>\n<script type=\"application\/ld+json\" class=\"yoast-schema-graph\">{\"@context\":\"https:\/\/schema.org\",\"@graph\":[{\"@type\":\"WebPage\",\"@id\":\"https:\/\/www.jzzmade.com\/about-us\/\",\"url\":\"https:\/\/www.jzzmade.com\/about-us\/\",\"name\":\"About Us - shandong Jzz Made Co.\uff0cLtd.\",\"isPartOf\":{\"@id\":\"https:\/\/www.jzzmade.com\/#website\"},\"primaryImageOfPage\":{\"@id\":\"https:\/\/www.jzzmade.com\/about-us\/#primaryimage\"},\"image\":{\"@id\":\"https:\/\/www.jzzmade.com\/about-us\/#primaryimage\"},\"thumbnailUrl\":\"https:\/\/www.jzzmade.com\/wp-content\/uploads\/2025\/11\/20230807091736c2d4ee531ed34863a90acd03e9fccd99.webp\",\"datePublished\":\"2025-11-12T06:52:38+00:00\",\"dateModified\":\"2026-01-30T03:45:49+00:00\",\"breadcrumb\":{\"@id\":\"https:\/\/www.jzzmade.com\/about-us\/#breadcrumb\"},\"inLanguage\":\"de\",\"potentialAction\":[{\"@type\":\"ReadAction\",\"target\":[\"https:\/\/www.jzzmade.com\/about-us\/\"]}]},{\"@type\":\"ImageObject\",\"inLanguage\":\"de\",\"@id\":\"https:\/\/www.jzzmade.com\/about-us\/#primaryimage\",\"url\":\"https:\/\/www.jzzmade.com\/wp-content\/uploads\/2025\/11\/20230807091736c2d4ee531ed34863a90acd03e9fccd99.webp\",\"contentUrl\":\"https:\/\/www.jzzmade.com\/wp-content\/uploads\/2025\/11\/20230807091736c2d4ee531ed34863a90acd03e9fccd99.webp\"},{\"@type\":\"BreadcrumbList\",\"@id\":\"https:\/\/www.jzzmade.com\/about-us\/#breadcrumb\",\"itemListElement\":[{\"@type\":\"ListItem\",\"position\":1,\"name\":\"Home\",\"item\":\"https:\/\/www.jzzmade.com\/\"},{\"@type\":\"ListItem\",\"position\":2,\"name\":\"About Us\"}]},{\"@type\":\"WebSite\",\"@id\":\"https:\/\/www.jzzmade.com\/#website\",\"url\":\"https:\/\/www.jzzmade.com\/\",\"name\":\"shandong Jzz Made Co.\uff0cLtd.\",\"description\":\"\",\"publisher\":{\"@id\":\"https:\/\/www.jzzmade.com\/#organization\"},\"potentialAction\":[{\"@type\":\"SearchAction\",\"target\":{\"@type\":\"EntryPoint\",\"urlTemplate\":\"https:\/\/www.jzzmade.com\/?s={search_term_string}\"},\"query-input\":{\"@type\":\"PropertyValueSpecification\",\"valueRequired\":true,\"valueName\":\"search_term_string\"}}],\"inLanguage\":\"de\"},{\"@type\":\"Organization\",\"@id\":\"https:\/\/www.jzzmade.com\/#organization\",\"name\":\"shandong Jzz Made Co.\uff0cLtd.\",\"url\":\"https:\/\/www.jzzmade.com\/\",\"logo\":{\"@type\":\"ImageObject\",\"inLanguage\":\"de\",\"@id\":\"https:\/\/www.jzzmade.com\/#\/schema\/logo\/image\/\",\"url\":\"https:\/\/www.jzzmade.com\/wp-content\/uploads\/2025\/11\/logo.png\",\"contentUrl\":\"https:\/\/www.jzzmade.com\/wp-content\/uploads\/2025\/11\/logo.png\",\"width\":180,\"height\":58,\"caption\":\"shandong Jzz Made Co.\uff0cLtd.\"},\"image\":{\"@id\":\"https:\/\/www.jzzmade.com\/#\/schema\/logo\/image\/\"}}]}<\/script>\n<!-- \/ Yoast SEO Premium plugin. -->","yoast_head_json":{"title":"\u00dcber uns - shandong Jzz Made Co.\uff0cLtd.","robots":{"index":"index","follow":"follow","max-snippet":"max-snippet:-1","max-image-preview":"max-image-preview:large","max-video-preview":"max-video-preview:-1"},"canonical":"https:\/\/www.jzzmade.com\/de\/uber-uns\/","og_locale":"de_DE","og_type":"article","og_title":"About Us","og_description":"Our History Shandong Jzz Made Co.\uff0cLtd. specializes in the research, development, and production of water conservancy protection products such as polymer composite eco-friendly materials like \u201cplastic steel sheet piles.\u201dOur plastic steel sheet piles can replace traditional steel sheet piles, concrete piles, and timber piles in river and lake projects, farmland irrigation systems, and navigation channel [&hellip;]","og_url":"https:\/\/www.jzzmade.com\/de\/uber-uns\/","og_site_name":"shandong Jzz Made Co.\uff0cLtd.","article_modified_time":"2026-01-30T03:45:49+00:00","og_image":[{"width":920,"height":452,"url":"https:\/\/www.jzzmade.com\/wp-content\/uploads\/2025\/11\/20230807091736c2d4ee531ed34863a90acd03e9fccd99.webp","type":"image\/webp"}],"twitter_card":"summary_large_image","twitter_misc":{"Gesch\u00e4tzte Lesezeit":"2\u00a0Minuten"},"schema":{"@context":"https:\/\/schema.org","@graph":[{"@type":"WebPage","@id":"https:\/\/www.jzzmade.com\/about-us\/","url":"https:\/\/www.jzzmade.com\/about-us\/","name":"\u00dcber uns - shandong Jzz Made Co.\uff0cLtd.","isPartOf":{"@id":"https:\/\/www.jzzmade.com\/#website"},"primaryImageOfPage":{"@id":"https:\/\/www.jzzmade.com\/about-us\/#primaryimage"},"image":{"@id":"https:\/\/www.jzzmade.com\/about-us\/#primaryimage"},"thumbnailUrl":"https:\/\/www.jzzmade.com\/wp-content\/uploads\/2025\/11\/20230807091736c2d4ee531ed34863a90acd03e9fccd99.webp","datePublished":"2025-11-12T06:52:38+00:00","dateModified":"2026-01-30T03:45:49+00:00","breadcrumb":{"@id":"https:\/\/www.jzzmade.com\/about-us\/#breadcrumb"},"inLanguage":"de","potentialAction":[{"@type":"ReadAction","target":["https:\/\/www.jzzmade.com\/about-us\/"]}]},{"@type":"ImageObject","inLanguage":"de","@id":"https:\/\/www.jzzmade.com\/about-us\/#primaryimage","url":"https:\/\/www.jzzmade.com\/wp-content\/uploads\/2025\/11\/20230807091736c2d4ee531ed34863a90acd03e9fccd99.webp","contentUrl":"https:\/\/www.jzzmade.com\/wp-content\/uploads\/2025\/11\/20230807091736c2d4ee531ed34863a90acd03e9fccd99.webp"},{"@type":"BreadcrumbList","@id":"https:\/\/www.jzzmade.com\/about-us\/#breadcrumb","itemListElement":[{"@type":"ListItem","position":1,"name":"Home","item":"https:\/\/www.jzzmade.com\/"},{"@type":"ListItem","position":2,"name":"About Us"}]},{"@type":"WebSite","@id":"https:\/\/www.jzzmade.com\/#website","url":"https:\/\/www.jzzmade.com\/","name":"shandong Jzz Made Co.\uff0cLtd.","description":"","publisher":{"@id":"https:\/\/www.jzzmade.com\/#organization"},"potentialAction":[{"@type":"SearchAction","target":{"@type":"EntryPoint","urlTemplate":"https:\/\/www.jzzmade.com\/?s={search_term_string}"},"query-input":{"@type":"PropertyValueSpecification","valueRequired":true,"valueName":"search_term_string"}}],"inLanguage":"de"},{"@type":"Organization","@id":"https:\/\/www.jzzmade.com\/#organization","name":"shandong Jzz Made Co.\uff0cLtd.","url":"https:\/\/www.jzzmade.com\/","logo":{"@type":"ImageObject","inLanguage":"de","@id":"https:\/\/www.jzzmade.com\/#\/schema\/logo\/image\/","url":"https:\/\/www.jzzmade.com\/wp-content\/uploads\/2025\/11\/logo.png","contentUrl":"https:\/\/www.jzzmade.com\/wp-content\/uploads\/2025\/11\/logo.png","width":180,"height":58,"caption":"shandong Jzz Made Co.\uff0cLtd."},"image":{"@id":"https:\/\/www.jzzmade.com\/#\/schema\/logo\/image\/"}}]}},"_hostinger_reach_plugin_has_subscription_block":false,"_hostinger_reach_plugin_is_elementor":false,"_links":{"self":[{"href":"https:\/\/www.jzzmade.com\/de\/wp-json\/wp\/v2\/pages\/77","targetHints":{"allow":["GET"]}}],"collection":[{"href":"https:\/\/www.jzzmade.com\/de\/wp-json\/wp\/v2\/pages"}],"about":[{"href":"https:\/\/www.jzzmade.com\/de\/wp-json\/wp\/v2\/types\/page"}],"author":[{"embeddable":true,"href":"https:\/\/www.jzzmade.com\/de\/wp-json\/wp\/v2\/users\/1"}],"replies":[{"embeddable":true,"href":"https:\/\/www.jzzmade.com\/de\/wp-json\/wp\/v2\/comments?post=77"}],"version-history":[{"count":116,"href":"https:\/\/www.jzzmade.com\/de\/wp-json\/wp\/v2\/pages\/77\/revisions"}],"predecessor-version":[{"id":1691,"href":"https:\/\/www.jzzmade.com\/de\/wp-json\/wp\/v2\/pages\/77\/revisions\/1691"}],"wp:attachment":[{"href":"https:\/\/www.jzzmade.com\/de\/wp-json\/wp\/v2\/media?parent=77"}],"curies":[{"name":"wp","href":"https:\/\/api.w.org\/{rel}","templated":true}]}}